{"id":19345,"date":"2025-03-21T10:54:44","date_gmt":"2025-03-21T10:54:44","guid":{"rendered":"https:\/\/medicaldiscounter.be\/product\/3m-cavilon-film-barriere-non-perforant-3343e-ecouvillon-de-1-ml-25-pieces-boite\/"},"modified":"2025-11-27T10:39:29","modified_gmt":"2025-11-27T10:39:29","slug":"3m-cavilon-film-barriere-non-perforant-3343e-ecouvillon-de-1-ml-25-pieces-boite","status":"publish","type":"product","link":"https:\/\/medicaldiscounter.be\/fr\/produit\/3m-cavilon-film-barriere-non-perforant-3343e-ecouvillon-de-1-ml-25-pieces-boite\/","title":{"rendered":"3M\u2122 Cavilon\u2122 Film barri\u00e8re non perforant, 3343E, \u00e9couvillon de 1 ml, 25 pi\u00e8ces\/bo\u00eete."},"content":{"rendered":"<p>D\u00e9couvrez la protection ultime contre les fluides corporels avec le film barri\u00e8re 3M\u2122 Cavilon\u2122 Non-Puncture, con\u00e7u pour les soins de continence avanc\u00e9s. Ce film barri\u00e8re innovant offre non seulement une protection efficace, mais aussi le confort que votre peau m\u00e9rite. <\/p>\n<p><em>Caract\u00e9ristiques principales :<\/em><\/p>\n<ol>\n<li><strong>Barri\u00e8re primaire contre les fluides corporels :<\/strong> Boostez vos soins de continence gr\u00e2ce aux propri\u00e9t\u00e9s de barri\u00e8re primaire du film barri\u00e8re Cavilon\u2122. Vous pouvez compter sur sa puissante protection contre les fluides corporels pour des soins in\u00e9gal\u00e9s. <\/li>\n<li><strong>Sans alcool et non stimulant :<\/strong> Profitez d&#8217;une utilisation confortable, m\u00eame sur les peaux douloureuses et ab\u00eem\u00e9es. Ce film barri\u00e8re est sans alcool et ne pique pas, ce qui en fait un choix id\u00e9al pour les peaux sensibles. <\/li>\n<li><strong>Sans danger pour la cicatrisation :<\/strong> contrairement \u00e0 certains produits, le film barri\u00e8re Cavilon\u2122 n&#8217;affecte pas le processus de cicatrisation de la peau douloureuse et ab\u00eem\u00e9e. Vous pouvez utiliser ce film barri\u00e8re en toute confiance sans compromettre la sant\u00e9 de votre peau. <\/li>\n<\/ol>\n<p>Optimisez vos soins de continence avec le film barri\u00e8re non perforant 3M\u2122 Cavilon\u2122. Commandez d\u00e8s aujourd&#8217;hui pour une exp\u00e9rience sans souci et confortable. <\/p>\n","protected":false},"excerpt":{"rendered":"<p>D\u00e9couvrez la protection ultime contre les fluides corporels avec le film barri\u00e8re 3M\u2122 Cavilon\u2122 Non-Puncture, con\u00e7u pour les soins de continence avanc\u00e9s. Ce film barri\u00e8re innovant offre non seulement une protection efficace, mais aussi le confort que votre peau m\u00e9rite. Caract\u00e9ristiques principales : Barri\u00e8re primaire contre les fluides corporels : Boostez vos soins de continence [&hellip;]<\/p>\n","protected":false},"featured_media":19052,"template":"","meta":[],"product_brand":[],"product_cat":[165],"product_tag":[],"class_list":{"0":"post-19345","1":"product","2":"type-product","3":"status-publish","4":"has-post-thumbnail","6":"product_cat-soins-de-la-peau","8":"first","9":"instock","10":"sale","11":"taxable","12":"shipping-taxable","13":"purchasable","14":"product-type-simple","15":"add-to-wishlist-after_add_to_cart"},"jetpack_sharing_enabled":true,"_links":{"self":[{"href":"https:\/\/medicaldiscounter.be\/fr\/wp-json\/wp\/v2\/product\/19345","targetHints":{"allow":["GET"]}}],"collection":[{"href":"https:\/\/medicaldiscounter.be\/fr\/wp-json\/wp\/v2\/product"}],"about":[{"href":"https:\/\/medicaldiscounter.be\/fr\/wp-json\/wp\/v2\/types\/product"}],"wp:featuredmedia":[{"embeddable":true,"href":"https:\/\/medicaldiscounter.be\/fr\/wp-json\/wp\/v2\/media\/19052"}],"wp:attachment":[{"href":"https:\/\/medicaldiscounter.be\/fr\/wp-json\/wp\/v2\/media?parent=19345"}],"wp:term":[{"taxonomy":"product_brand","embeddable":true,"href":"https:\/\/medicaldiscounter.be\/fr\/wp-json\/wp\/v2\/product_brand?post=19345"},{"taxonomy":"product_cat","embeddable":true,"href":"https:\/\/medicaldiscounter.be\/fr\/wp-json\/wp\/v2\/product_cat?post=19345"},{"taxonomy":"product_tag","embeddable":true,"href":"https:\/\/medicaldiscounter.be\/fr\/wp-json\/wp\/v2\/product_tag?post=19345"}],"curies":[{"name":"wp","href":"https:\/\/api.w.org\/{rel}","templated":true}]}}