{"id":19351,"date":"2025-03-21T10:54:44","date_gmt":"2025-03-21T10:54:44","guid":{"rendered":"https:\/\/medicaldiscounter.be\/product\/3m-cavilon-advanced-skin-protectant-5051g4p-0-7ml-4-pieces-protection-durable-de-la-peau-contre-lhumidite-et-lirritation-commandez-maintenant\/"},"modified":"2025-11-27T10:39:29","modified_gmt":"2025-11-27T10:39:29","slug":"3m-cavilon-advanced-skin-protectant-5051g4p-0-7ml-4-pieces-protection-durable-de-la-peau-contre-lhumidite-et-lirritation-commandez-maintenant","status":"publish","type":"product","link":"https:\/\/medicaldiscounter.be\/fr\/produit\/3m-cavilon-advanced-skin-protectant-5051g4p-0-7ml-4-pieces-protection-durable-de-la-peau-contre-lhumidite-et-lirritation-commandez-maintenant\/","title":{"rendered":"3M\u2122 Cavilon\u2122 Advanced Skin Protectant 5051G4P &#8211; 0.7ml, 4 Pieces | Protection durable de la peau contre l&#8217;humidit\u00e9 et l&#8217;irritation | Commandez maintenant !"},"content":{"rendered":"<p>Le <strong>3M\u2122 Cavilon\u2122 Advanced Skin Protectant, 5051G4P (0,7ml, 4 pi\u00e8ces)<\/strong> offre une protection \u00e0 long terme contre l&#8217;humidit\u00e9, les frottements et les irritations cutan\u00e9es. Ce protecteur cutan\u00e9 avanc\u00e9 forme une barri\u00e8re respirante et r\u00e9sistante \u00e0 l&#8217;eau qui aide \u00e0 pr\u00e9venir et \u00e0 traiter la dermatite associ\u00e9e \u00e0 l&#8217;incontinence (DAI) et d&#8217;autres probl\u00e8mes cutan\u00e9s. Gr\u00e2ce \u00e0 une technologie polym\u00e8re innovante, le produit reste efficace m\u00eame lorsqu&#8217;il est expos\u00e9 \u00e0 des fluides corporels.  <\/p>\n<p><strong>Avantages :<\/strong><br \/>\u2714 Protection durable contre l&#8217;humidit\u00e9 et l&#8217;irritation<br \/>\u2714 Aide la peau endommag\u00e9e et pr\u00e9vient d&#8217;autres dommages<br \/>\u2714 R\u00e9sistant \u00e0 l&#8217;eau et aux lavages, n\u00e9cessite une r\u00e9application moins fr\u00e9quente<br \/>\u2714 Hypoallerg\u00e9nique et pH neutre, convient aux peaux sensibles<br \/>\u2714 Facile \u00e0 appliquer et \u00e0 s\u00e9chage rapide<\/p>\n<p><strong>Applications :<\/strong><br \/>\u2705 Pr\u00e9vention et traitement de la dermatite associ\u00e9e \u00e0 l&#8217;incontinence (DAI)  Protection contre l&#8217;irritation de la peau due \u00e0 la friction et aux points de pression  Convient aux patients dont la peau est fragile ou ab\u00eem\u00e9e.<br \/>\u2705<br \/>\u2705 <\/p>\n<p><strong>Utilisation sugg\u00e9r\u00e9e :<\/strong><\/p>\n<ul>\n<li>Appliquez une couche fine et uniforme sur une peau propre et s\u00e8che.<\/li>\n<li>Laissez reposer quelques minutes pour une adh\u00e9rence optimale.<\/li>\n<li>Convient pour un usage fr\u00e9quent sans perturber la barri\u00e8re cutan\u00e9e.<\/li>\n<\/ul>\n","protected":false},"excerpt":{"rendered":"<p>Le 3M\u2122 Cavilon\u2122 Advanced Skin Protectant, 5051G4P (0,7ml, 4 pi\u00e8ces) offre une protection \u00e0 long terme contre l&#8217;humidit\u00e9, les frottements et les irritations cutan\u00e9es. Ce protecteur cutan\u00e9 avanc\u00e9 forme une barri\u00e8re respirante et r\u00e9sistante \u00e0 l&#8217;eau qui aide \u00e0 pr\u00e9venir et \u00e0 traiter la dermatite associ\u00e9e \u00e0 l&#8217;incontinence (DAI) et d&#8217;autres probl\u00e8mes cutan\u00e9s. Gr\u00e2ce \u00e0 [&hellip;]<\/p>\n","protected":false},"featured_media":19046,"template":"","meta":[],"product_brand":[],"product_cat":[166],"product_tag":[],"class_list":{"0":"post-19351","1":"product","2":"type-product","3":"status-publish","4":"has-post-thumbnail","6":"product_cat-soins-de-la-peau-cavilon","8":"first","9":"instock","10":"taxable","11":"shipping-taxable","12":"purchasable","13":"product-type-simple","14":"add-to-wishlist-after_add_to_cart"},"jetpack_sharing_enabled":true,"_links":{"self":[{"href":"https:\/\/medicaldiscounter.be\/fr\/wp-json\/wp\/v2\/product\/19351","targetHints":{"allow":["GET"]}}],"collection":[{"href":"https:\/\/medicaldiscounter.be\/fr\/wp-json\/wp\/v2\/product"}],"about":[{"href":"https:\/\/medicaldiscounter.be\/fr\/wp-json\/wp\/v2\/types\/product"}],"wp:featuredmedia":[{"embeddable":true,"href":"https:\/\/medicaldiscounter.be\/fr\/wp-json\/wp\/v2\/media\/19046"}],"wp:attachment":[{"href":"https:\/\/medicaldiscounter.be\/fr\/wp-json\/wp\/v2\/media?parent=19351"}],"wp:term":[{"taxonomy":"product_brand","embeddable":true,"href":"https:\/\/medicaldiscounter.be\/fr\/wp-json\/wp\/v2\/product_brand?post=19351"},{"taxonomy":"product_cat","embeddable":true,"href":"https:\/\/medicaldiscounter.be\/fr\/wp-json\/wp\/v2\/product_cat?post=19351"},{"taxonomy":"product_tag","embeddable":true,"href":"https:\/\/medicaldiscounter.be\/fr\/wp-json\/wp\/v2\/product_tag?post=19351"}],"curies":[{"name":"wp","href":"https:\/\/api.w.org\/{rel}","templated":true}]}}