{"id":19352,"date":"2025-03-21T10:54:45","date_gmt":"2025-03-21T10:54:45","guid":{"rendered":"https:\/\/medicaldiscounter.be\/product\/3m-coban-fr-bandage-auto-adhesif-2082-5-cm-x-45-m-1-rouleau\/"},"modified":"2025-11-19T12:31:56","modified_gmt":"2025-11-19T12:31:56","slug":"3m-coban-fr-bandage-auto-adhesif-2082-5-cm-x-45-m-1-rouleau","status":"publish","type":"product","link":"https:\/\/medicaldiscounter.be\/fr\/produit\/3m-coban-fr-bandage-auto-adhesif-2082-5-cm-x-45-m-1-rouleau\/","title":{"rendered":"3M\u2122 Coban\u2122 FR Bandage auto-adh\u00e9sif 2082 5 cm x 4,5 m 1\/rouleau."},"content":{"rendered":"<p>D\u00e9couvrez la solution innovante en mati\u00e8re de soins de sant\u00e9 avec le bandage auto-adh\u00e9sif 3M\u2122 Coban\u2122 NL 2082. Con\u00e7u pour le confort et l&#8217;efficacit\u00e9, ce bandage offre non seulement une exp\u00e9rience sans latex, mais aussi la commodit\u00e9 de l&#8217;auto-adh\u00e9sion sans adh\u00e9sifs, \u00e9pingles ou clips. <\/p>\n<p><em>Caract\u00e9ristiques principales :<\/em><\/p>\n<ol>\n<li><strong>Conception sans latex : <\/strong>r\u00e9pondez aux besoins des personnes allergiques au latex avec la formulation sans latex du bandage Coban\u2122 NL. Ce produit a \u00e9t\u00e9 soigneusement con\u00e7u pour \u00e9viter les r\u00e9actions allergiques, tant au niveau du produit que de l&#8217;emballage. <\/li>\n<li><strong>Commodit\u00e9 de l&#8217;auto-adh\u00e9sif :<\/strong> \u00e9liminez les adh\u00e9sifs, les \u00e9pingles ou les clips gr\u00e2ce \u00e0 la conception auto-adh\u00e9sive de ce bandage. L&#8217;application rapide et facile devient un jeu d&#8217;enfant, ce qui permet de gagner un temps pr\u00e9cieux lors des changements de pansements. <\/li>\n<li><strong>L\u00e9ger et respirant :<\/strong> D\u00e9couvrez le confort de la l\u00e9g\u00e8ret\u00e9 et de la respirabilit\u00e9. Le bandage Coban\u2122 NL est con\u00e7u pour \u00eatre l\u00e9ger et offrir un environnement respirant \u00e0 la peau. <\/li>\n<\/ol>\n<p>Faites confiance \u00e0 3M\u2122 pour des mat\u00e9riaux de soins de sant\u00e9 de haute qualit\u00e9. Commandez d\u00e8s aujourd&#8217;hui le pansement auto-adh\u00e9sif Coban\u2122 NL 2082 pour des soins et un confort optimaux. <\/p>\n","protected":false},"excerpt":{"rendered":"<p>D\u00e9couvrez la solution innovante en mati\u00e8re de soins de sant\u00e9 avec le bandage auto-adh\u00e9sif 3M\u2122 Coban\u2122 NL 2082. Con\u00e7u pour le confort et l&#8217;efficacit\u00e9, ce bandage offre non seulement une exp\u00e9rience sans latex, mais aussi la commodit\u00e9 de l&#8217;auto-adh\u00e9sion sans adh\u00e9sifs, \u00e9pingles ou clips. Caract\u00e9ristiques principales : Conception sans latex : r\u00e9pondez aux besoins des [&hellip;]<\/p>\n","protected":false},"featured_media":19060,"template":"","meta":[],"product_brand":[],"product_cat":[168],"product_tag":[],"class_list":{"0":"post-19352","1":"product","2":"type-product","3":"status-publish","4":"has-post-thumbnail","6":"product_cat-bandages-coban","8":"first","9":"instock","10":"sale","11":"taxable","12":"shipping-taxable","13":"purchasable","14":"product-type-simple","15":"add-to-wishlist-after_add_to_cart"},"jetpack_sharing_enabled":true,"_links":{"self":[{"href":"https:\/\/medicaldiscounter.be\/fr\/wp-json\/wp\/v2\/product\/19352","targetHints":{"allow":["GET"]}}],"collection":[{"href":"https:\/\/medicaldiscounter.be\/fr\/wp-json\/wp\/v2\/product"}],"about":[{"href":"https:\/\/medicaldiscounter.be\/fr\/wp-json\/wp\/v2\/types\/product"}],"wp:featuredmedia":[{"embeddable":true,"href":"https:\/\/medicaldiscounter.be\/fr\/wp-json\/wp\/v2\/media\/19060"}],"wp:attachment":[{"href":"https:\/\/medicaldiscounter.be\/fr\/wp-json\/wp\/v2\/media?parent=19352"}],"wp:term":[{"taxonomy":"product_brand","embeddable":true,"href":"https:\/\/medicaldiscounter.be\/fr\/wp-json\/wp\/v2\/product_brand?post=19352"},{"taxonomy":"product_cat","embeddable":true,"href":"https:\/\/medicaldiscounter.be\/fr\/wp-json\/wp\/v2\/product_cat?post=19352"},{"taxonomy":"product_tag","embeddable":true,"href":"https:\/\/medicaldiscounter.be\/fr\/wp-json\/wp\/v2\/product_tag?post=19352"}],"curies":[{"name":"wp","href":"https:\/\/api.w.org\/{rel}","templated":true}]}}