{"id":19356,"date":"2025-03-21T10:54:44","date_gmt":"2025-03-21T10:54:44","guid":{"rendered":"https:\/\/medicaldiscounter.be\/product\/3m-cavilon-durable-barrier-cream-3391g-tube-28gr-1-piece\/"},"modified":"2025-11-19T12:31:57","modified_gmt":"2025-11-19T12:31:57","slug":"3m-cavilon-durable-barrier-cream-3391g-tube-28gr-1-piece","status":"publish","type":"product","link":"https:\/\/medicaldiscounter.be\/fr\/produit\/3m-cavilon-durable-barrier-cream-3391g-tube-28gr-1-piece\/","title":{"rendered":"3M\u2122 Cavilon\u2122 Durable Barrier Cream, 3391G, tube 28gr, 1 pi\u00e8ce"},"content":{"rendered":"<p>&#8221; D\u00e9couvrez la protection et le soin innovants de 3M\u2122 Cavilon\u2122 Durable Barrier Cream, 3391G. Cette formule concentr\u00e9e offre une protection durable contre les fluides corporels tout en prenant soin de la peau. Une petite quantit\u00e9 suffit pour b\u00e9n\u00e9ficier d&#8217;une protection optimale pendant 48 heures. Id\u00e9ale pour une utilisation avec les films transparents et les pansements hydrocollo\u00efdes.   <\/p>\n<p>Avantages :<\/p>\n<ul>\n<li>Formule hautement concentr\u00e9e pour une protection efficace<\/li>\n<li>Pr\u00e9vient les dermatites d&#8217;incontinence et les l\u00e9sions cutan\u00e9es<\/li>\n<li>Sans vaseline, pr\u00e9servant le pouvoir absorbant du mat\u00e9riel d&#8217;incontinence<\/li>\n<li>La protection longue dur\u00e9e n\u00e9cessite des applications moins fr\u00e9quentes, ce qui permet de gagner du temps.<\/li>\n<li>Adh\u00e8re bien aux rev\u00eatements adh\u00e9sifs, est hypoallerg\u00e9nique et a un pH neutre.<\/li>\n<\/ul>\n<p>Indications :<\/p>\n<ul>\n<li>Protection contre les fluides corporels et pr\u00e9vention des l\u00e9sions cutan\u00e9es<\/li>\n<li>Convient aux patients incontinents et comme cr\u00e8me de soin pour les peaux s\u00e8ches<\/li>\n<\/ul>\n<p>Pr\u00e9cautions :<\/p>\n<ul>\n<li>Appliquez une petite quantit\u00e9 pour \u00e9viter la formation de graisse<\/li>\n<li>Peut augmenter l&#8217;adh\u00e9rence des rubans\/bandages, \u00e9vitez donc de l&#8217;utiliser sous les rubans\/bandages en cas de peau tr\u00e8s sensible.<\/li>\n<\/ul>\n<p>Prot\u00e9gez et soignez efficacement votre peau avec la cr\u00e8me barri\u00e8re durable 3M\u2122 Cavilon\u2122, 3391G. Commandez d\u00e8s maintenant pour une protection durable de la peau et du confort.&#8221; <\/p>\n","protected":false},"excerpt":{"rendered":"<p>&#8221; D\u00e9couvrez la protection et le soin innovants de 3M\u2122 Cavilon\u2122 Durable Barrier Cream, 3391G. Cette formule concentr\u00e9e offre une protection durable contre les fluides corporels tout en prenant soin de la peau. Une petite quantit\u00e9 suffit pour b\u00e9n\u00e9ficier d&#8217;une protection optimale pendant 48 heures. Id\u00e9ale pour une utilisation avec les films transparents et les [&hellip;]<\/p>\n","protected":false},"featured_media":19048,"template":"","meta":[],"product_brand":[],"product_cat":[166],"product_tag":[],"class_list":{"0":"post-19356","1":"product","2":"type-product","3":"status-publish","4":"has-post-thumbnail","6":"product_cat-soins-de-la-peau-cavilon","8":"first","9":"instock","10":"sale","11":"taxable","12":"shipping-taxable","13":"purchasable","14":"product-type-simple","15":"add-to-wishlist-after_add_to_cart"},"jetpack_sharing_enabled":true,"_links":{"self":[{"href":"https:\/\/medicaldiscounter.be\/fr\/wp-json\/wp\/v2\/product\/19356","targetHints":{"allow":["GET"]}}],"collection":[{"href":"https:\/\/medicaldiscounter.be\/fr\/wp-json\/wp\/v2\/product"}],"about":[{"href":"https:\/\/medicaldiscounter.be\/fr\/wp-json\/wp\/v2\/types\/product"}],"wp:featuredmedia":[{"embeddable":true,"href":"https:\/\/medicaldiscounter.be\/fr\/wp-json\/wp\/v2\/media\/19048"}],"wp:attachment":[{"href":"https:\/\/medicaldiscounter.be\/fr\/wp-json\/wp\/v2\/media?parent=19356"}],"wp:term":[{"taxonomy":"product_brand","embeddable":true,"href":"https:\/\/medicaldiscounter.be\/fr\/wp-json\/wp\/v2\/product_brand?post=19356"},{"taxonomy":"product_cat","embeddable":true,"href":"https:\/\/medicaldiscounter.be\/fr\/wp-json\/wp\/v2\/product_cat?post=19356"},{"taxonomy":"product_tag","embeddable":true,"href":"https:\/\/medicaldiscounter.be\/fr\/wp-json\/wp\/v2\/product_tag?post=19356"}],"curies":[{"name":"wp","href":"https:\/\/api.w.org\/{rel}","templated":true}]}}