{"id":19362,"date":"2025-03-21T10:54:45","date_gmt":"2025-03-21T10:54:45","guid":{"rendered":"https:\/\/medicaldiscounter.be\/product\/3m-coban-fr-bandage-auto-adhesif-2084-beige-10-cm-x-45-m-etire-1-rouleau\/"},"modified":"2025-11-27T10:39:20","modified_gmt":"2025-11-27T10:39:20","slug":"3m-coban-fr-bandage-auto-adhesif-2084-beige-10-cm-x-45-m-etire-1-rouleau","status":"publish","type":"product","link":"https:\/\/medicaldiscounter.be\/fr\/produit\/3m-coban-fr-bandage-auto-adhesif-2084-beige-10-cm-x-45-m-etire-1-rouleau\/","title":{"rendered":"3M\u2122 Coban\u2122 FR Bandage auto-adh\u00e9sif, 2084, beige, 10 cm x 4,5 m (\u00e9tir\u00e9), 1\/rouleau."},"content":{"rendered":"<p>D\u00e9couvrez la combinaison parfaite du confort et de l&#8217;efficacit\u00e9 avec le bandage auto-adh\u00e9sif 3M\u2122 Coban\u2122 NL 2084. Ce bandage beige est non seulement exempt de latex de caoutchouc naturel pour pr\u00e9venir les r\u00e9actions allergiques, mais il offre \u00e9galement la commodit\u00e9 de l&#8217;auto-adh\u00e9sion sans adh\u00e9sifs, \u00e9pingles ou clips, et il est l\u00e9ger et respirant. <\/p>\n<p><em>Caract\u00e9ristiques principales :<\/em><\/p>\n<ol>\n<li><strong>Conception sans latex :<\/strong> pour les personnes allergiques au latex, le bandage Coban\u2122 NL 2084 est le choix id\u00e9al. Il ne contient pas de latex de caoutchouc naturel, tant dans le produit que dans l&#8217;emballage, afin de pr\u00e9venir efficacement les r\u00e9actions allergiques. <\/li>\n<li><strong>Commodit\u00e9 de l&#8217;auto-adh\u00e9sif :<\/strong> Dites adieu \u00e0 l&#8217;adh\u00e9sif, aux \u00e9pingles ou aux clips. Les propri\u00e9t\u00e9s auto-adh\u00e9sives rendent l&#8217;application rapide et facile, ce qui permet de gagner du temps lors des changements de pansements. <\/li>\n<li><strong>L\u00e9ger et respirant :<\/strong> profitez du confort de la l\u00e9g\u00e8ret\u00e9 et de la respirabilit\u00e9. Le bandage Coban\u2122 NL est con\u00e7u pour \u00eatre confortable \u00e0 porter et permet \u00e0 la peau de respirer. <\/li>\n<\/ol>\n<p>Am\u00e9liorez vos techniques de pansement avec le bandage auto-adh\u00e9sif 3M\u2122 Coban\u2122 NL 2084. Commandez d\u00e8s aujourd&#8217;hui pour des soins de haute qualit\u00e9 et une grande commodit\u00e9. <\/p>\n","protected":false},"excerpt":{"rendered":"<p>D\u00e9couvrez la combinaison parfaite du confort et de l&#8217;efficacit\u00e9 avec le bandage auto-adh\u00e9sif 3M\u2122 Coban\u2122 NL 2084. Ce bandage beige est non seulement exempt de latex de caoutchouc naturel pour pr\u00e9venir les r\u00e9actions allergiques, mais il offre \u00e9galement la commodit\u00e9 de l&#8217;auto-adh\u00e9sion sans adh\u00e9sifs, \u00e9pingles ou clips, et il est l\u00e9ger et respirant. Caract\u00e9ristiques principales [&hellip;]<\/p>\n","protected":false},"featured_media":19064,"template":"","meta":[],"product_brand":[],"product_cat":[168],"product_tag":[],"class_list":{"0":"post-19362","1":"product","2":"type-product","3":"status-publish","4":"has-post-thumbnail","6":"product_cat-bandages-coban","8":"first","9":"instock","10":"sale","11":"taxable","12":"shipping-taxable","13":"purchasable","14":"product-type-simple","15":"add-to-wishlist-after_add_to_cart"},"jetpack_sharing_enabled":true,"_links":{"self":[{"href":"https:\/\/medicaldiscounter.be\/fr\/wp-json\/wp\/v2\/product\/19362","targetHints":{"allow":["GET"]}}],"collection":[{"href":"https:\/\/medicaldiscounter.be\/fr\/wp-json\/wp\/v2\/product"}],"about":[{"href":"https:\/\/medicaldiscounter.be\/fr\/wp-json\/wp\/v2\/types\/product"}],"wp:featuredmedia":[{"embeddable":true,"href":"https:\/\/medicaldiscounter.be\/fr\/wp-json\/wp\/v2\/media\/19064"}],"wp:attachment":[{"href":"https:\/\/medicaldiscounter.be\/fr\/wp-json\/wp\/v2\/media?parent=19362"}],"wp:term":[{"taxonomy":"product_brand","embeddable":true,"href":"https:\/\/medicaldiscounter.be\/fr\/wp-json\/wp\/v2\/product_brand?post=19362"},{"taxonomy":"product_cat","embeddable":true,"href":"https:\/\/medicaldiscounter.be\/fr\/wp-json\/wp\/v2\/product_cat?post=19362"},{"taxonomy":"product_tag","embeddable":true,"href":"https:\/\/medicaldiscounter.be\/fr\/wp-json\/wp\/v2\/product_tag?post=19362"}],"curies":[{"name":"wp","href":"https:\/\/api.w.org\/{rel}","templated":true}]}}