{"id":19367,"date":"2025-03-21T10:54:51","date_gmt":"2025-03-21T10:54:51","guid":{"rendered":"https:\/\/medicaldiscounter.be\/product\/3m-medipore-surgical-suture-plaster-hp-2991p-2-10-cm-x-10-m-rouleau\/"},"modified":"2025-11-27T10:39:33","modified_gmt":"2025-11-27T10:39:33","slug":"3m-medipore-surgical-suture-plaster-hp-2991p-2-10-cm-x-10-m-rouleau","status":"publish","type":"product","link":"https:\/\/medicaldiscounter.be\/fr\/produit\/3m-medipore-surgical-suture-plaster-hp-2991p-2-10-cm-x-10-m-rouleau\/","title":{"rendered":"3M\u2122 Medipore\u2122 Surgical Suture Plaster HP, 2991P-2, 10 cm x 10 m, rouleau"},"content":{"rendered":"<p>Faites l&#8217;exp\u00e9rience de soins et d&#8217;un confort sup\u00e9rieurs avec le pl\u00e2tre pour suture chirurgicale 3M\u2122 Medipore\u2122 HP 2991P-2. Ce pl\u00e2tre non tiss\u00e9 et hypoallerg\u00e9nique est exceptionnellement souple et doux, avec une extensibilit\u00e9 sur toute sa largeur pour une utilisation polyvalente sur les \u0153d\u00e8mes mod\u00e9r\u00e9s et les articulations. De plus, ce sparadrap ne laisse aucun r\u00e9sidu sur la peau et est \u00e0 la fois hypoallerg\u00e9nique et sans latex, ce qui est essentiel pour les patients sensibles.  <\/p>\n<p><em><strong>Caract\u00e9ristiques principales :<\/strong><\/em><\/p>\n<ol>\n<li><strong>Douceur hypoallerg\u00e9nique : <\/strong>le pl\u00e2tre 3M\u2122 Medipore\u2122 garantit une douceur hypoallerg\u00e9nique, ce qui le rend adapt\u00e9 aux types de peau sensibles et \u00e0 une application confortable \u00e0 long terme.<\/li>\n<li><strong>Extensibilit\u00e9 en largeur :<\/strong> Gr\u00e2ce \u00e0 son extensibilit\u00e9 en largeur, ce pl\u00e2tre offre une flexibilit\u00e9 optimale pour les applications sur les \u0153d\u00e8mes mod\u00e9r\u00e9s et les articulations, ce qui permet une adh\u00e9sion fiable.<\/li>\n<li><strong>Aucun r\u00e9sidu :<\/strong> apr\u00e8s utilisation, l&#8217;empl\u00e2tre ne laisse aucun r\u00e9sidu sur la peau, ce qui garantit un retrait propre et soigneux sans irritation.<\/li>\n<li><strong>Hypoallerg\u00e9nique et sans latex :<\/strong> sp\u00e9cialement con\u00e7u pour les patients sensibles, le pl\u00e2tre est hypoallerg\u00e9nique et sans latex, ce qui minimise les r\u00e9actions allergiques.<\/li>\n<\/ol>\n<p>Am\u00e9liorez vos installations m\u00e9dicales avec le 3M\u2122 Medipore\u2122 Surgical Suture Plaster HP 2991P-2 et faites l&#8217;exp\u00e9rience de la combinaison parfaite de la qualit\u00e9 et des soins. Commandez d\u00e8s aujourd&#8217;hui pour des soins de haute qualit\u00e9. <\/p>\n","protected":false},"excerpt":{"rendered":"<p>Faites l&#8217;exp\u00e9rience de soins et d&#8217;un confort sup\u00e9rieurs avec le pl\u00e2tre pour suture chirurgicale 3M\u2122 Medipore\u2122 HP 2991P-2. Ce pl\u00e2tre non tiss\u00e9 et hypoallerg\u00e9nique est exceptionnellement souple et doux, avec une extensibilit\u00e9 sur toute sa largeur pour une utilisation polyvalente sur les \u0153d\u00e8mes mod\u00e9r\u00e9s et les articulations. De plus, ce sparadrap ne laisse aucun r\u00e9sidu [&hellip;]<\/p>\n","protected":false},"featured_media":19086,"template":"","meta":[],"product_brand":[],"product_cat":[171],"product_tag":[],"class_list":{"0":"post-19367","1":"product","2":"type-product","3":"status-publish","4":"has-post-thumbnail","6":"product_cat-pansements-adhesifs-3m-medipore","8":"first","9":"instock","10":"taxable","11":"shipping-taxable","12":"purchasable","13":"product-type-simple","14":"add-to-wishlist-after_add_to_cart"},"jetpack_sharing_enabled":true,"_links":{"self":[{"href":"https:\/\/medicaldiscounter.be\/fr\/wp-json\/wp\/v2\/product\/19367","targetHints":{"allow":["GET"]}}],"collection":[{"href":"https:\/\/medicaldiscounter.be\/fr\/wp-json\/wp\/v2\/product"}],"about":[{"href":"https:\/\/medicaldiscounter.be\/fr\/wp-json\/wp\/v2\/types\/product"}],"wp:featuredmedia":[{"embeddable":true,"href":"https:\/\/medicaldiscounter.be\/fr\/wp-json\/wp\/v2\/media\/19086"}],"wp:attachment":[{"href":"https:\/\/medicaldiscounter.be\/fr\/wp-json\/wp\/v2\/media?parent=19367"}],"wp:term":[{"taxonomy":"product_brand","embeddable":true,"href":"https:\/\/medicaldiscounter.be\/fr\/wp-json\/wp\/v2\/product_brand?post=19367"},{"taxonomy":"product_cat","embeddable":true,"href":"https:\/\/medicaldiscounter.be\/fr\/wp-json\/wp\/v2\/product_cat?post=19367"},{"taxonomy":"product_tag","embeddable":true,"href":"https:\/\/medicaldiscounter.be\/fr\/wp-json\/wp\/v2\/product_tag?post=19367"}],"curies":[{"name":"wp","href":"https:\/\/api.w.org\/{rel}","templated":true}]}}