{"id":19371,"date":"2025-03-21T10:54:51","date_gmt":"2025-03-21T10:54:51","guid":{"rendered":"https:\/\/medicaldiscounter.be\/product\/3m-medipore-surgical-suture-plaster-hp-2864-p-s-10-cm-x-5-m-rouleau\/"},"modified":"2025-11-27T10:39:23","modified_gmt":"2025-11-27T10:39:23","slug":"3m-medipore-surgical-suture-plaster-hp-2864-p-s-10-cm-x-5-m-rouleau","status":"publish","type":"product","link":"https:\/\/medicaldiscounter.be\/fr\/produit\/3m-medipore-surgical-suture-plaster-hp-2864-p-s-10-cm-x-5-m-rouleau\/","title":{"rendered":"3M\u2122 Medipore\u2122 Surgical Suture Plaster HP, 2864 P-S, 10 cm x 5 m, rouleau"},"content":{"rendered":"<p>D\u00e9couvrez la qualit\u00e9 exceptionnelle du 3M\u2122 Medipore\u2122 Surgical Suture Plaster HP 2864 P-S, un rouleau qui offre une combinaison parfaite de respirabilit\u00e9, de facilit\u00e9 d&#8217;application et de sensibilit\u00e9. Avec son tissu poreux et doux, ce pl\u00e2tre favorise une peau respirante, minimise les dommages et est id\u00e9al pour un confort \u00e0 long terme. <\/p>\n<p><em><strong>Caract\u00e9ristiques principales :<\/strong><\/em><\/p>\n<ol>\n<li><strong>Tissu poreux respirant :<\/strong> le pl\u00e2tre Medipore\u2122 est constitu\u00e9 d&#8217;un tissu poreux et doux, permettant \u00e0 la peau de respirer et de r\u00e9duire les l\u00e9sions. Cela constitue un environnement optimal pour la cicatrisation des plaies. <\/li>\n<li><strong>Sans doublure et avec des perforations faciles \u00e0 d\u00e9chirer :<\/strong> L&#8217;application est simplifi\u00e9e gr\u00e2ce aux propri\u00e9t\u00e9s sans doublure et aux perforations faciles \u00e0 d\u00e9chirer tous les 5 cm. Le pl\u00e2tre est donc facile \u00e0 utiliser, avec une application rapide et pr\u00e9cise. <\/li>\n<li><strong>Sans latex et hypoallerg\u00e9nique :<\/strong> Sp\u00e9cialement con\u00e7u pour les patients sensibles, le pl\u00e2tre est totalement d\u00e9pourvu de latex et hypoallerg\u00e9nique. Cela minimise le risque de r\u00e9actions allergiques pour un port confortable. <\/li>\n<\/ol>\n<p>Am\u00e9liorez vos fournitures m\u00e9dicales avec le pl\u00e2tre de suture chirurgicale 3M\u2122 Medipore\u2122 HP 2864 P-S. Commandez d\u00e8s aujourd&#8217;hui pour des soins avanc\u00e9s et une grande commodit\u00e9. <\/p>\n","protected":false},"excerpt":{"rendered":"<p>D\u00e9couvrez la qualit\u00e9 exceptionnelle du 3M\u2122 Medipore\u2122 Surgical Suture Plaster HP 2864 P-S, un rouleau qui offre une combinaison parfaite de respirabilit\u00e9, de facilit\u00e9 d&#8217;application et de sensibilit\u00e9. Avec son tissu poreux et doux, ce pl\u00e2tre favorise une peau respirante, minimise les dommages et est id\u00e9al pour un confort \u00e0 long terme. Caract\u00e9ristiques principales : [&hellip;]<\/p>\n","protected":false},"featured_media":19084,"template":"","meta":[],"product_brand":[],"product_cat":[171],"product_tag":[],"class_list":{"0":"post-19371","1":"product","2":"type-product","3":"status-publish","4":"has-post-thumbnail","6":"product_cat-pansements-adhesifs-3m-medipore","8":"first","9":"instock","10":"taxable","11":"shipping-taxable","12":"purchasable","13":"product-type-simple","14":"add-to-wishlist-after_add_to_cart"},"jetpack_sharing_enabled":true,"_links":{"self":[{"href":"https:\/\/medicaldiscounter.be\/fr\/wp-json\/wp\/v2\/product\/19371","targetHints":{"allow":["GET"]}}],"collection":[{"href":"https:\/\/medicaldiscounter.be\/fr\/wp-json\/wp\/v2\/product"}],"about":[{"href":"https:\/\/medicaldiscounter.be\/fr\/wp-json\/wp\/v2\/types\/product"}],"wp:featuredmedia":[{"embeddable":true,"href":"https:\/\/medicaldiscounter.be\/fr\/wp-json\/wp\/v2\/media\/19084"}],"wp:attachment":[{"href":"https:\/\/medicaldiscounter.be\/fr\/wp-json\/wp\/v2\/media?parent=19371"}],"wp:term":[{"taxonomy":"product_brand","embeddable":true,"href":"https:\/\/medicaldiscounter.be\/fr\/wp-json\/wp\/v2\/product_brand?post=19371"},{"taxonomy":"product_cat","embeddable":true,"href":"https:\/\/medicaldiscounter.be\/fr\/wp-json\/wp\/v2\/product_cat?post=19371"},{"taxonomy":"product_tag","embeddable":true,"href":"https:\/\/medicaldiscounter.be\/fr\/wp-json\/wp\/v2\/product_tag?post=19371"}],"curies":[{"name":"wp","href":"https:\/\/api.w.org\/{rel}","templated":true}]}}