{"id":19373,"date":"2025-03-21T10:54:51","date_gmt":"2025-03-21T10:54:51","guid":{"rendered":"https:\/\/medicaldiscounter.be\/product\/3m-durapore-surgical-suture-plaster-1538-0-125-cm-x-91-m-24-pieces-boite\/"},"modified":"2025-12-14T23:57:30","modified_gmt":"2025-12-14T23:57:30","slug":"3m-durapore-surgical-suture-plaster-1538-0-125-cm-x-91-m-24-pieces-boite","status":"publish","type":"product","link":"https:\/\/medicaldiscounter.be\/fr\/produit\/3m-durapore-surgical-suture-plaster-1538-0-125-cm-x-91-m-24-pieces-boite\/","title":{"rendered":"3M\u2122 Durapore\u2122 Surgical Suture Plaster, 1538-0, 1,25 cm x 9,1 m, 24 pi\u00e8ces\/bo\u00eete."},"content":{"rendered":"<p>D\u00e9couvrez la puissance de la stabilit\u00e9 et du soutien avec le 3M\u2122 Durapore\u2122 Surgical Suture Plaster 1538-0. Ce ruban solide et soyeux offre non seulement un soutien suppl\u00e9mentaire gr\u00e2ce \u00e0 son extensibilit\u00e9, mais poss\u00e8de \u00e9galement un pouvoir adh\u00e9sif exceptionnellement \u00e9lev\u00e9 pour les applications difficiles. Id\u00e9al pour maintenir fermement en place les pansements ou dispositifs \u00e9pais.  <\/p>\n<p><em>Caract\u00e9ristiques principales :<\/em><\/p>\n<ol>\n<li><strong>Solide et extensible :<\/strong> Le pl\u00e2tre adh\u00e9sif Durapore\u2122 est une bande soyeuse qui est non seulement solide mais aussi extensible, ce qui en fait le choix parfait pour fournir un soutien suppl\u00e9mentaire dans diverses applications m\u00e9dicales.<\/li>\n<li><strong>Adh\u00e9rence extraordinairement \u00e9lev\u00e9e :<\/strong> Gr\u00e2ce \u00e0 son adh\u00e9rence extraordinairement \u00e9lev\u00e9e, cet enduit adh\u00e9sif convient aux situations difficiles et offre une fixation fiable m\u00eame dans les endroits difficiles.<\/li>\n<li><strong>Id\u00e9al pour les bandages et les dispositifs \u00e9pais :<\/strong> Qu&#8217;il s&#8217;agisse de maintenir en place des bandages \u00e9pais ou de fixer des dispositifs m\u00e9dicaux, le Durapore\u2122 Suture Plaster est le choix id\u00e9al pour une fixation ferme et fiable.<\/li>\n<\/ol>\n<p>Am\u00e9liorez vos fournitures m\u00e9dicales avec le 3M\u2122 Durapore\u2122 Surgical Suture Plaster 1538-0. Commandez d\u00e8s aujourd&#8217;hui pour une stabilit\u00e9 in\u00e9gal\u00e9e dans votre pratique de soins de sant\u00e9. <\/p>\n","protected":false},"excerpt":{"rendered":"<p>D\u00e9couvrez la puissance de la stabilit\u00e9 et du soutien avec le 3M\u2122 Durapore\u2122 Surgical Suture Plaster 1538-0. Ce ruban solide et soyeux offre non seulement un soutien suppl\u00e9mentaire gr\u00e2ce \u00e0 son extensibilit\u00e9, mais poss\u00e8de \u00e9galement un pouvoir adh\u00e9sif exceptionnellement \u00e9lev\u00e9 pour les applications difficiles. Id\u00e9al pour maintenir fermement en place les pansements ou dispositifs \u00e9pais. [&hellip;]<\/p>\n","protected":false},"featured_media":19070,"template":"","meta":[],"product_brand":[],"product_cat":[173],"product_tag":[],"class_list":{"0":"post-19373","1":"product","2":"type-product","3":"status-publish","4":"has-post-thumbnail","6":"product_cat-pansements-adhesifs-3m-durapore","8":"first","9":"instock","10":"sale","11":"taxable","12":"shipping-taxable","13":"purchasable","14":"product-type-simple","15":"add-to-wishlist-after_add_to_cart"},"jetpack_sharing_enabled":true,"_links":{"self":[{"href":"https:\/\/medicaldiscounter.be\/fr\/wp-json\/wp\/v2\/product\/19373","targetHints":{"allow":["GET"]}}],"collection":[{"href":"https:\/\/medicaldiscounter.be\/fr\/wp-json\/wp\/v2\/product"}],"about":[{"href":"https:\/\/medicaldiscounter.be\/fr\/wp-json\/wp\/v2\/types\/product"}],"wp:featuredmedia":[{"embeddable":true,"href":"https:\/\/medicaldiscounter.be\/fr\/wp-json\/wp\/v2\/media\/19070"}],"wp:attachment":[{"href":"https:\/\/medicaldiscounter.be\/fr\/wp-json\/wp\/v2\/media?parent=19373"}],"wp:term":[{"taxonomy":"product_brand","embeddable":true,"href":"https:\/\/medicaldiscounter.be\/fr\/wp-json\/wp\/v2\/product_brand?post=19373"},{"taxonomy":"product_cat","embeddable":true,"href":"https:\/\/medicaldiscounter.be\/fr\/wp-json\/wp\/v2\/product_cat?post=19373"},{"taxonomy":"product_tag","embeddable":true,"href":"https:\/\/medicaldiscounter.be\/fr\/wp-json\/wp\/v2\/product_tag?post=19373"}],"curies":[{"name":"wp","href":"https:\/\/api.w.org\/{rel}","templated":true}]}}