{"id":19375,"date":"2025-03-21T10:54:51","date_gmt":"2025-03-21T10:54:51","guid":{"rendered":"https:\/\/medicaldiscounter.be\/product\/3m-kerramax-care-prd500-240-20-x-22-cm-pansement-superabsorbant-10-pieces\/"},"modified":"2025-11-27T10:39:34","modified_gmt":"2025-11-27T10:39:34","slug":"3m-kerramax-care-prd500-240-20-x-22-cm-pansement-superabsorbant-10-pieces","status":"publish","type":"product","link":"https:\/\/medicaldiscounter.be\/fr\/produit\/3m-kerramax-care-prd500-240-20-x-22-cm-pansement-superabsorbant-10-pieces\/","title":{"rendered":"3M\u2122 Kerramax\u2122 Care PRD500-240 | 20 x 22 cm pansement superabsorbant \/10 pi\u00e8ces"},"content":{"rendered":"<p>3M\u2122 Kerramax\u2122 Care PRD500-240 est un pansement super absorbant de 20 x 22 cm id\u00e9al pour le traitement des plaies mod\u00e9r\u00e9ment \u00e0 fortement exsudatives. Le noyau absorbant avanc\u00e9 absorbe rapidement l&#8217;humidit\u00e9 et emp\u00eache les fuites, tandis que le mat\u00e9riau doux et respirant contribue au confort et \u00e0 la protection de la peau environnante. Ce pansement minimise le risque de mac\u00e9ration, prolonge la dur\u00e9e de port et assure une gestion fiable de l&#8217;humidit\u00e9 pour un traitement efficace de la plaie.  <\/p>\n","protected":false},"excerpt":{"rendered":"<p>3M\u2122 Kerramax\u2122 Care PRD500-240 est un pansement super absorbant de 20 x 22 cm id\u00e9al pour le traitement des plaies mod\u00e9r\u00e9ment \u00e0 fortement exsudatives. Le noyau absorbant avanc\u00e9 absorbe rapidement l&#8217;humidit\u00e9 et emp\u00eache les fuites, tandis que le mat\u00e9riau doux et respirant contribue au confort et \u00e0 la protection de la peau environnante. Ce pansement [&hellip;]<\/p>\n","protected":false},"featured_media":19076,"template":"","meta":[],"product_brand":[],"product_cat":[174],"product_tag":[],"class_list":{"0":"post-19375","1":"product","2":"type-product","3":"status-publish","4":"has-post-thumbnail","6":"product_cat-liens","8":"first","9":"instock","10":"taxable","11":"shipping-taxable","12":"purchasable","13":"product-type-simple","14":"add-to-wishlist-after_add_to_cart"},"jetpack_sharing_enabled":true,"_links":{"self":[{"href":"https:\/\/medicaldiscounter.be\/fr\/wp-json\/wp\/v2\/product\/19375","targetHints":{"allow":["GET"]}}],"collection":[{"href":"https:\/\/medicaldiscounter.be\/fr\/wp-json\/wp\/v2\/product"}],"about":[{"href":"https:\/\/medicaldiscounter.be\/fr\/wp-json\/wp\/v2\/types\/product"}],"wp:featuredmedia":[{"embeddable":true,"href":"https:\/\/medicaldiscounter.be\/fr\/wp-json\/wp\/v2\/media\/19076"}],"wp:attachment":[{"href":"https:\/\/medicaldiscounter.be\/fr\/wp-json\/wp\/v2\/media?parent=19375"}],"wp:term":[{"taxonomy":"product_brand","embeddable":true,"href":"https:\/\/medicaldiscounter.be\/fr\/wp-json\/wp\/v2\/product_brand?post=19375"},{"taxonomy":"product_cat","embeddable":true,"href":"https:\/\/medicaldiscounter.be\/fr\/wp-json\/wp\/v2\/product_cat?post=19375"},{"taxonomy":"product_tag","embeddable":true,"href":"https:\/\/medicaldiscounter.be\/fr\/wp-json\/wp\/v2\/product_tag?post=19375"}],"curies":[{"name":"wp","href":"https:\/\/api.w.org\/{rel}","templated":true}]}}