{"id":19376,"date":"2025-03-21T10:54:51","date_gmt":"2025-03-21T10:54:51","guid":{"rendered":"https:\/\/medicaldiscounter.be\/product\/3m-medipore-surgical-suture-plaster-hp-2864-10-cm-x-91-m-par-piece\/"},"modified":"2025-11-27T10:39:22","modified_gmt":"2025-11-27T10:39:22","slug":"3m-medipore-surgical-suture-plaster-hp-2864-10-cm-x-91-m-par-piece","status":"publish","type":"product","link":"https:\/\/medicaldiscounter.be\/fr\/produit\/3m-medipore-surgical-suture-plaster-hp-2864-10-cm-x-91-m-par-piece\/","title":{"rendered":"3M\u2122 Medipore\u2122 Surgical Suture Plaster HP, 2864, 10 cm x 9,1 m, par pi\u00e8ce."},"content":{"rendered":"<p>D\u00e9couvrez le confort et la polyvalence du pl\u00e2tre 3M\u2122 Medipore\u2122 pour sutures chirurgicales HP 2864. Ce sparadrap non tiss\u00e9 et hypoallerg\u00e9nique offre non seulement une flexibilit\u00e9 et une douceur exceptionnelles, mais il est \u00e9galement extensible en largeur. Il est donc parfait pour les applications sur les \u0153d\u00e8mes mod\u00e9r\u00e9s et les articulations, et ne laisse aucun r\u00e9sidu ind\u00e9sirable sur la peau.  <\/p>\n<p><em><strong>Caract\u00e9ristiques principales :<\/strong><\/em><\/p>\n<ol>\n<li>Douceur <strong>hypoallerg\u00e9nique <\/strong>: le pl\u00e2tre 3M\u2122 Medipore\u2122 est connu pour ses propri\u00e9t\u00e9s hypoallerg\u00e9niques, ce qui le rend adapt\u00e9 aux types de peaux sensibles et lui conf\u00e8re un confort durable.<\/li>\n<li><strong>Extensibilit\u00e9 en largeur : <\/strong>ce pl\u00e2tre est extensible en largeur, offrant une flexibilit\u00e9 optimale pour les applications sur les \u0153d\u00e8mes mod\u00e9r\u00e9s et les articulations. Cela permet au pl\u00e2tre de rester en place de mani\u00e8re fiable. <\/li>\n<li><strong>Aucun r\u00e9sidu :<\/strong> apr\u00e8s utilisation, l&#8217;empl\u00e2tre ne laisse aucun r\u00e9sidu sur la peau, ce qui permet de l&#8217;enlever proprement et soigneusement sans irritation.<\/li>\n<\/ol>\n<p>Am\u00e9liorez vos installations m\u00e9dicales avec le 3M\u2122 Medipore\u2122 Surgical Suture Plaster HP 2864 et d\u00e9couvrez l&#8217;\u00e9quilibre parfait entre confort et performance. Commandez d\u00e8s aujourd&#8217;hui pour des soins de haute qualit\u00e9. <\/p>\n","protected":false},"excerpt":{"rendered":"<p>D\u00e9couvrez le confort et la polyvalence du pl\u00e2tre 3M\u2122 Medipore\u2122 pour sutures chirurgicales HP 2864. Ce sparadrap non tiss\u00e9 et hypoallerg\u00e9nique offre non seulement une flexibilit\u00e9 et une douceur exceptionnelles, mais il est \u00e9galement extensible en largeur. Il est donc parfait pour les applications sur les \u0153d\u00e8mes mod\u00e9r\u00e9s et les articulations, et ne laisse aucun [&hellip;]<\/p>\n","protected":false},"featured_media":19082,"template":"","meta":[],"product_brand":[],"product_cat":[171],"product_tag":[],"class_list":{"0":"post-19376","1":"product","2":"type-product","3":"status-publish","4":"has-post-thumbnail","6":"product_cat-pansements-adhesifs-3m-medipore","8":"first","9":"instock","10":"sale","11":"taxable","12":"shipping-taxable","13":"purchasable","14":"product-type-simple","15":"add-to-wishlist-after_add_to_cart"},"jetpack_sharing_enabled":true,"_links":{"self":[{"href":"https:\/\/medicaldiscounter.be\/fr\/wp-json\/wp\/v2\/product\/19376","targetHints":{"allow":["GET"]}}],"collection":[{"href":"https:\/\/medicaldiscounter.be\/fr\/wp-json\/wp\/v2\/product"}],"about":[{"href":"https:\/\/medicaldiscounter.be\/fr\/wp-json\/wp\/v2\/types\/product"}],"wp:featuredmedia":[{"embeddable":true,"href":"https:\/\/medicaldiscounter.be\/fr\/wp-json\/wp\/v2\/media\/19082"}],"wp:attachment":[{"href":"https:\/\/medicaldiscounter.be\/fr\/wp-json\/wp\/v2\/media?parent=19376"}],"wp:term":[{"taxonomy":"product_brand","embeddable":true,"href":"https:\/\/medicaldiscounter.be\/fr\/wp-json\/wp\/v2\/product_brand?post=19376"},{"taxonomy":"product_cat","embeddable":true,"href":"https:\/\/medicaldiscounter.be\/fr\/wp-json\/wp\/v2\/product_cat?post=19376"},{"taxonomy":"product_tag","embeddable":true,"href":"https:\/\/medicaldiscounter.be\/fr\/wp-json\/wp\/v2\/product_tag?post=19376"}],"curies":[{"name":"wp","href":"https:\/\/api.w.org\/{rel}","templated":true}]}}