{"id":19381,"date":"2025-03-21T10:54:51","date_gmt":"2025-03-21T10:54:51","guid":{"rendered":"https:\/\/medicaldiscounter.be\/product\/3m-medipore-surgical-suture-plaster-hp-2863-76-cm-x-91-m-par-piece\/"},"modified":"2025-12-14T23:57:30","modified_gmt":"2025-12-14T23:57:30","slug":"3m-medipore-surgical-suture-plaster-hp-2863-76-cm-x-91-m-par-piece","status":"publish","type":"product","link":"https:\/\/medicaldiscounter.be\/fr\/produit\/3m-medipore-surgical-suture-plaster-hp-2863-76-cm-x-91-m-par-piece\/","title":{"rendered":"3M\u2122 Medipore\u2122 Surgical Suture Plaster HP, 2863, 7,6 cm x 9,1 m, par pi\u00e8ce."},"content":{"rendered":"<p>Faites l&#8217;exp\u00e9rience d&#8217;une douceur et d&#8217;une flexibilit\u00e9 extraordinaires avec le pl\u00e2tre pour suture chirurgicale 3M\u2122 Medipore\u2122 HP 2863. Ce pl\u00e2tre non tiss\u00e9 et hypoallerg\u00e9nique est con\u00e7u pour r\u00e9pondre aux normes les plus strictes, avec une texture soyeuse et une extensibilit\u00e9 sur toute sa largeur. Id\u00e9al pour les applications sur les \u0153d\u00e8mes mod\u00e9r\u00e9s et les articulations, ce pl\u00e2tre ne laisse aucun r\u00e9sidu sur la peau pour un retrait soigneux et confortable.  <\/p>\n<p><em><strong>Caract\u00e9ristiques principales :<\/strong><\/em><\/p>\n<ol>\n<li><strong>Douceur hypoallerg\u00e9nique :<\/strong> Le pl\u00e2tre 3M\u2122 Medipore\u2122 est connu pour sa souplesse et sa douceur exceptionnelles, ce qui est crucial pour les types de peau sensibles et le confort de port \u00e0 long terme.<\/li>\n<li><strong>Extensibilit\u00e9 en largeur :<\/strong> Gr\u00e2ce \u00e0 son extensibilit\u00e9 en largeur, cet empl\u00e2tre offre une flexibilit\u00e9 optimale, ce qui le rend adapt\u00e9 aux \u0153d\u00e8mes mod\u00e9r\u00e9s et aux applications sur les articulations. Cela permet au pl\u00e2tre de rester en place de mani\u00e8re fiable. <\/li>\n<li><strong>Aucun r\u00e9sidu :<\/strong> apr\u00e8s utilisation, l&#8217;empl\u00e2tre ne laisse aucun r\u00e9sidu sur la peau. Cela garantit un retrait propre et soigneux, sans irritation. <\/li>\n<\/ol>\n<p>Am\u00e9liorez vos fournitures m\u00e9dicales avec le 3M\u2122 Medipore\u2122 Surgical Suture Plaster HP 2863 et d\u00e9couvrez la combinaison parfaite de confort et de performance. Commandez d\u00e8s aujourd&#8217;hui pour des soins de haute qualit\u00e9. <\/p>\n","protected":false},"excerpt":{"rendered":"<p>Faites l&#8217;exp\u00e9rience d&#8217;une douceur et d&#8217;une flexibilit\u00e9 extraordinaires avec le pl\u00e2tre pour suture chirurgicale 3M\u2122 Medipore\u2122 HP 2863. Ce pl\u00e2tre non tiss\u00e9 et hypoallerg\u00e9nique est con\u00e7u pour r\u00e9pondre aux normes les plus strictes, avec une texture soyeuse et une extensibilit\u00e9 sur toute sa largeur. Id\u00e9al pour les applications sur les \u0153d\u00e8mes mod\u00e9r\u00e9s et les articulations, [&hellip;]<\/p>\n","protected":false},"featured_media":19080,"template":"","meta":[],"product_brand":[],"product_cat":[171],"product_tag":[],"class_list":{"0":"post-19381","1":"product","2":"type-product","3":"status-publish","4":"has-post-thumbnail","6":"product_cat-pansements-adhesifs-3m-medipore","8":"first","9":"instock","10":"sale","11":"taxable","12":"shipping-taxable","13":"purchasable","14":"product-type-simple","15":"add-to-wishlist-after_add_to_cart"},"jetpack_sharing_enabled":true,"_links":{"self":[{"href":"https:\/\/medicaldiscounter.be\/fr\/wp-json\/wp\/v2\/product\/19381","targetHints":{"allow":["GET"]}}],"collection":[{"href":"https:\/\/medicaldiscounter.be\/fr\/wp-json\/wp\/v2\/product"}],"about":[{"href":"https:\/\/medicaldiscounter.be\/fr\/wp-json\/wp\/v2\/types\/product"}],"wp:featuredmedia":[{"embeddable":true,"href":"https:\/\/medicaldiscounter.be\/fr\/wp-json\/wp\/v2\/media\/19080"}],"wp:attachment":[{"href":"https:\/\/medicaldiscounter.be\/fr\/wp-json\/wp\/v2\/media?parent=19381"}],"wp:term":[{"taxonomy":"product_brand","embeddable":true,"href":"https:\/\/medicaldiscounter.be\/fr\/wp-json\/wp\/v2\/product_brand?post=19381"},{"taxonomy":"product_cat","embeddable":true,"href":"https:\/\/medicaldiscounter.be\/fr\/wp-json\/wp\/v2\/product_cat?post=19381"},{"taxonomy":"product_tag","embeddable":true,"href":"https:\/\/medicaldiscounter.be\/fr\/wp-json\/wp\/v2\/product_tag?post=19381"}],"curies":[{"name":"wp","href":"https:\/\/api.w.org\/{rel}","templated":true}]}}