{"id":19383,"date":"2025-03-21T10:54:51","date_gmt":"2025-03-21T10:54:51","guid":{"rendered":"https:\/\/medicaldiscounter.be\/product\/3m-medipore-surgical-suture-plaster-hp-2862-5-cm-x-91-m-par-piece\/"},"modified":"2025-12-14T23:57:31","modified_gmt":"2025-12-14T23:57:31","slug":"3m-medipore-surgical-suture-plaster-hp-2862-5-cm-x-91-m-par-piece","status":"publish","type":"product","link":"https:\/\/medicaldiscounter.be\/fr\/produit\/3m-medipore-surgical-suture-plaster-hp-2862-5-cm-x-91-m-par-piece\/","title":{"rendered":"3M\u2122 Medipore\u2122 Surgical Suture Plaster HP, 2862, 5 cm x 9,1 m, par pi\u00e8ce."},"content":{"rendered":"<p>D\u00e9couvrez la qualit\u00e9 sup\u00e9rieure du 3M\u2122 Medipore\u2122 Surgical Suture Plaster HP 2862, un sparadrap hypoallerg\u00e9nique qui r\u00e9pond aux normes les plus strictes en mati\u00e8re de flexibilit\u00e9 et de douceur. Ce pl\u00e2tre non tiss\u00e9 est non seulement extensible en largeur, ce qui est id\u00e9al pour les \u0153d\u00e8mes mod\u00e9r\u00e9s et les applications articulaires, mais il ne laisse pas non plus de r\u00e9sidus ind\u00e9sirables sur la peau. <\/p>\n<p><em><strong>Caract\u00e9ristiques principales :<\/strong><\/em><\/p>\n<ol>\n<li><strong>Douceur hypoallerg\u00e9nique :<\/strong> le pl\u00e2tre 3M\u2122 Medipore\u2122 est connu pour sa souplesse et sa douceur exceptionnelles, ce qui est essentiel pour les types de peau sensibles et le confort \u00e0 long terme.<\/li>\n<li><strong>Extensibilit\u00e9 en largeur :<\/strong> le pl\u00e2tre est extensible en largeur, ce qui le rend adapt\u00e9 aux applications sur les \u0153d\u00e8mes et les articulations mod\u00e9r\u00e9s. Cela garantit une adh\u00e9rence et une flexibilit\u00e9 fiables. <\/li>\n<li><strong>Aucun r\u00e9sidu :<\/strong> apr\u00e8s utilisation, l&#8217;empl\u00e2tre ne laisse aucun r\u00e9sidu sur la peau, ce qui permet de l&#8217;enlever proprement et soigneusement sans irritation.<\/li>\n<\/ol>\n<p>Am\u00e9liorez vos fournitures m\u00e9dicales avec le 3M\u2122 Medipore\u2122 Surgical Suture Plaster HP 2862 et d\u00e9couvrez l&#8217;\u00e9quilibre parfait entre confort et fonctionnalit\u00e9. Commandez d\u00e8s aujourd&#8217;hui pour des soins professionnels. <\/p>\n","protected":false},"excerpt":{"rendered":"<p>D\u00e9couvrez la qualit\u00e9 sup\u00e9rieure du 3M\u2122 Medipore\u2122 Surgical Suture Plaster HP 2862, un sparadrap hypoallerg\u00e9nique qui r\u00e9pond aux normes les plus strictes en mati\u00e8re de flexibilit\u00e9 et de douceur. Ce pl\u00e2tre non tiss\u00e9 est non seulement extensible en largeur, ce qui est id\u00e9al pour les \u0153d\u00e8mes mod\u00e9r\u00e9s et les applications articulaires, mais il ne laisse [&hellip;]<\/p>\n","protected":false},"featured_media":19078,"template":"","meta":[],"product_brand":[],"product_cat":[171],"product_tag":[],"class_list":{"0":"post-19383","1":"product","2":"type-product","3":"status-publish","4":"has-post-thumbnail","6":"product_cat-pansements-adhesifs-3m-medipore","8":"first","9":"instock","10":"sale","11":"taxable","12":"shipping-taxable","13":"purchasable","14":"product-type-simple","15":"add-to-wishlist-after_add_to_cart"},"jetpack_sharing_enabled":true,"_links":{"self":[{"href":"https:\/\/medicaldiscounter.be\/fr\/wp-json\/wp\/v2\/product\/19383","targetHints":{"allow":["GET"]}}],"collection":[{"href":"https:\/\/medicaldiscounter.be\/fr\/wp-json\/wp\/v2\/product"}],"about":[{"href":"https:\/\/medicaldiscounter.be\/fr\/wp-json\/wp\/v2\/types\/product"}],"wp:featuredmedia":[{"embeddable":true,"href":"https:\/\/medicaldiscounter.be\/fr\/wp-json\/wp\/v2\/media\/19078"}],"wp:attachment":[{"href":"https:\/\/medicaldiscounter.be\/fr\/wp-json\/wp\/v2\/media?parent=19383"}],"wp:term":[{"taxonomy":"product_brand","embeddable":true,"href":"https:\/\/medicaldiscounter.be\/fr\/wp-json\/wp\/v2\/product_brand?post=19383"},{"taxonomy":"product_cat","embeddable":true,"href":"https:\/\/medicaldiscounter.be\/fr\/wp-json\/wp\/v2\/product_cat?post=19383"},{"taxonomy":"product_tag","embeddable":true,"href":"https:\/\/medicaldiscounter.be\/fr\/wp-json\/wp\/v2\/product_tag?post=19383"}],"curies":[{"name":"wp","href":"https:\/\/api.w.org\/{rel}","templated":true}]}}