{"id":19392,"date":"2025-03-21T10:54:51","date_gmt":"2025-03-21T10:54:51","guid":{"rendered":"https:\/\/medicaldiscounter.be\/product\/3m-medipore-pad-pansement-adhesif-3566p-10-cm-x-10-cm-5x\/"},"modified":"2025-11-27T10:39:23","modified_gmt":"2025-11-27T10:39:23","slug":"3m-medipore-pad-pansement-adhesif-3566p-10-cm-x-10-cm-5x","status":"publish","type":"product","link":"https:\/\/medicaldiscounter.be\/fr\/produit\/3m-medipore-pad-pansement-adhesif-3566p-10-cm-x-10-cm-5x\/","title":{"rendered":"3M\u2122 Medipore\u2122 +Pad pansement adh\u00e9sif 3566P, 10 cm x 10 cm 5x."},"content":{"rendered":"<p>Faites l&#8217;exp\u00e9rience d&#8217;un soin des plaies avanc\u00e9 avec le pansement adh\u00e9sif 3M\u2122 Medipore\u2122 +Pad 3566P. Ce pansement st\u00e9rile polyvalent est id\u00e9al pour les coupures, les abrasions et les plaies pr\u00e9sentant un exsudat l\u00e9ger \u00e0 mod\u00e9r\u00e9. Ses propri\u00e9t\u00e9s hypoallerg\u00e9niques, sa barri\u00e8re imperm\u00e9able et sa respirabilit\u00e9 en font un choix essentiel pour le confort du patient et une cicatrisation efficace.  <\/p>\n<p><em><strong>Caract\u00e9ristiques principales :<\/strong><\/em><\/p>\n<ol>\n<li><strong>Hypoallerg\u00e9nique :<\/strong> le pansement Medipore\u2122 +Pad est hypoallerg\u00e9nique, ce qui le rend adapt\u00e9 aux types de peau sensibles et minimise le risque de r\u00e9actions allergiques.<\/li>\n<li><strong>Barri\u00e8re imper<\/strong> m\u00e9able <strong>:<\/strong> les patients peuvent se doucher sans enlever le pansement, gr\u00e2ce \u00e0 la barri\u00e8re imperm\u00e9able qui prot\u00e8ge contre les virus et les bact\u00e9ries.<\/li>\n<li><strong>Poreux et respirant :<\/strong> le pansement est poreux et respirant, favorisant un environnement optimal pour une cicatrisation efficace.<\/li>\n<li><strong>Livraison du cadre photo :<\/strong> la \u00ab livraison du cadre photo \u00bb assure un positionnement pr\u00e9cis et facile, r\u00e9duisant le risque de coller aux gants ou \u00e0 soi-m\u00eame.<\/li>\n<\/ol>\n<p>Am\u00e9liorez le soin de vos plaies avec le pansement adh\u00e9sif 3M\u2122 Medipore\u2122 +Pad 3566P. Commandez d\u00e8s aujourd&#8217;hui pour une protection efficace et une cicatrisation confortable. <\/p>\n","protected":false},"excerpt":{"rendered":"<p>Faites l&#8217;exp\u00e9rience d&#8217;un soin des plaies avanc\u00e9 avec le pansement adh\u00e9sif 3M\u2122 Medipore\u2122 +Pad 3566P. Ce pansement st\u00e9rile polyvalent est id\u00e9al pour les coupures, les abrasions et les plaies pr\u00e9sentant un exsudat l\u00e9ger \u00e0 mod\u00e9r\u00e9. Ses propri\u00e9t\u00e9s hypoallerg\u00e9niques, sa barri\u00e8re imperm\u00e9able et sa respirabilit\u00e9 en font un choix essentiel pour le confort du patient et [&hellip;]<\/p>\n","protected":false},"featured_media":19096,"template":"","meta":[],"product_brand":[],"product_cat":[171],"product_tag":[],"class_list":{"0":"post-19392","1":"product","2":"type-product","3":"status-publish","4":"has-post-thumbnail","6":"product_cat-pansements-adhesifs-3m-medipore","8":"first","9":"instock","10":"sale","11":"taxable","12":"shipping-taxable","13":"purchasable","14":"product-type-simple","15":"add-to-wishlist-after_add_to_cart"},"jetpack_sharing_enabled":true,"_links":{"self":[{"href":"https:\/\/medicaldiscounter.be\/fr\/wp-json\/wp\/v2\/product\/19392","targetHints":{"allow":["GET"]}}],"collection":[{"href":"https:\/\/medicaldiscounter.be\/fr\/wp-json\/wp\/v2\/product"}],"about":[{"href":"https:\/\/medicaldiscounter.be\/fr\/wp-json\/wp\/v2\/types\/product"}],"wp:featuredmedia":[{"embeddable":true,"href":"https:\/\/medicaldiscounter.be\/fr\/wp-json\/wp\/v2\/media\/19096"}],"wp:attachment":[{"href":"https:\/\/medicaldiscounter.be\/fr\/wp-json\/wp\/v2\/media?parent=19392"}],"wp:term":[{"taxonomy":"product_brand","embeddable":true,"href":"https:\/\/medicaldiscounter.be\/fr\/wp-json\/wp\/v2\/product_brand?post=19392"},{"taxonomy":"product_cat","embeddable":true,"href":"https:\/\/medicaldiscounter.be\/fr\/wp-json\/wp\/v2\/product_cat?post=19392"},{"taxonomy":"product_tag","embeddable":true,"href":"https:\/\/medicaldiscounter.be\/fr\/wp-json\/wp\/v2\/product_tag?post=19392"}],"curies":[{"name":"wp","href":"https:\/\/api.w.org\/{rel}","templated":true}]}}