{"id":19394,"date":"2025-03-21T10:54:52","date_gmt":"2025-03-21T10:54:52","guid":{"rendered":"https:\/\/medicaldiscounter.be\/product\/3m-micropore-surgical-suture-plaster-1530-2-5-cm-x-91-m-6-pieces-boite\/"},"modified":"2025-11-27T10:39:18","modified_gmt":"2025-11-27T10:39:18","slug":"3m-micropore-surgical-suture-plaster-1530-2-5-cm-x-91-m-6-pieces-boite","status":"publish","type":"product","link":"https:\/\/medicaldiscounter.be\/fr\/produit\/3m-micropore-surgical-suture-plaster-1530-2-5-cm-x-91-m-6-pieces-boite\/","title":{"rendered":"3M\u2122 Micropore\u2122 Surgical Suture Plaster 1530-2, 5 cm x 9,1 m, 6 pi\u00e8ces\/bo\u00eete."},"content":{"rendered":"<p>D\u00e9couvrez l&#8217;\u00e9quilibre parfait entre confort et durabilit\u00e9 avec le sparadrap 3M\u2122 Micropore\u2122 Surgical Suture Plaster. Con\u00e7u en pr\u00eatant attention \u00e0 la tol\u00e9rance cutan\u00e9e, ce sparadrap offre la solution id\u00e9ale pour les changements de pansements fr\u00e9quents sans compromis. <\/p>\n<div><\/div>\n<div>*Principales caract\u00e9ristiques:*<\/div>\n<div><\/div>\n<div>1. **Tol\u00e9rance cutan\u00e9e** : L&#8217;exceptionnelle tol\u00e9rance cutan\u00e9e rend le pansement Micropore\u2122 id\u00e9al pour un usage r\u00e9p\u00e9t\u00e9. M\u00eame en cas de changements fr\u00e9quents de pansements, le confort du porteur est maintenu. <\/div>\n<div><\/div>\n<div>2. **Conception microporeuse respirante** : Ce pl\u00e2tre est microporeux, ce qui le rend perm\u00e9able \u00e0 la vapeur d&#8217;eau et \u00e0 l&#8217;air. Cela permet \u00e0 la peau de respirer et de rester saine m\u00eame sous le pansement. <\/div>\n<div><\/div>\n<div>3. **Effet adh\u00e9sif croissant** : Le pl\u00e2tre 3M\u2122 Micropore\u2122 s&#8217;adapte \u00e0 vos besoins en pr\u00e9sentant un effet adh\u00e9sif croissant au fil du temps. Cela garantit une fixation ferme qui reste en place lorsqu&#8217;elle est le plus n\u00e9cessaire. <\/div>\n<div><\/div>\n<div>Que vous soyez un soignant professionnel ou que vous vous occupiez de vos proches \u00e0 domicile, faites confiance au 3M\u2122 Micropore\u2122 Surgical Suture Plaster pour des soins de plaies fiables et confortables. Commandez d\u00e8s aujourd&#8217;hui et d\u00e9couvrez la diff\u00e9rence des dispositifs m\u00e9dicaux avanc\u00e9s. <\/div>\n","protected":false},"excerpt":{"rendered":"<p>D\u00e9couvrez l&#8217;\u00e9quilibre parfait entre confort et durabilit\u00e9 avec le sparadrap 3M\u2122 Micropore\u2122 Surgical Suture Plaster. Con\u00e7u en pr\u00eatant attention \u00e0 la tol\u00e9rance cutan\u00e9e, ce sparadrap offre la solution id\u00e9ale pour les changements de pansements fr\u00e9quents sans compromis. *Principales caract\u00e9ristiques:* 1. **Tol\u00e9rance cutan\u00e9e** : L&#8217;exceptionnelle tol\u00e9rance cutan\u00e9e rend le pansement Micropore\u2122 id\u00e9al pour un usage r\u00e9p\u00e9t\u00e9. [&hellip;]<\/p>\n","protected":false},"featured_media":19102,"template":"","meta":[],"product_brand":[],"product_cat":[177],"product_tag":[],"class_list":{"0":"post-19394","1":"product","2":"type-product","3":"status-publish","4":"has-post-thumbnail","6":"product_cat-pansements-adhesifs-3m-micropore","8":"first","9":"instock","10":"sale","11":"taxable","12":"shipping-taxable","13":"purchasable","14":"product-type-simple","15":"add-to-wishlist-after_add_to_cart"},"jetpack_sharing_enabled":true,"_links":{"self":[{"href":"https:\/\/medicaldiscounter.be\/fr\/wp-json\/wp\/v2\/product\/19394","targetHints":{"allow":["GET"]}}],"collection":[{"href":"https:\/\/medicaldiscounter.be\/fr\/wp-json\/wp\/v2\/product"}],"about":[{"href":"https:\/\/medicaldiscounter.be\/fr\/wp-json\/wp\/v2\/types\/product"}],"wp:featuredmedia":[{"embeddable":true,"href":"https:\/\/medicaldiscounter.be\/fr\/wp-json\/wp\/v2\/media\/19102"}],"wp:attachment":[{"href":"https:\/\/medicaldiscounter.be\/fr\/wp-json\/wp\/v2\/media?parent=19394"}],"wp:term":[{"taxonomy":"product_brand","embeddable":true,"href":"https:\/\/medicaldiscounter.be\/fr\/wp-json\/wp\/v2\/product_brand?post=19394"},{"taxonomy":"product_cat","embeddable":true,"href":"https:\/\/medicaldiscounter.be\/fr\/wp-json\/wp\/v2\/product_cat?post=19394"},{"taxonomy":"product_tag","embeddable":true,"href":"https:\/\/medicaldiscounter.be\/fr\/wp-json\/wp\/v2\/product_tag?post=19394"}],"curies":[{"name":"wp","href":"https:\/\/api.w.org\/{rel}","templated":true}]}}