{"id":19401,"date":"2025-03-21T10:54:51","date_gmt":"2025-03-21T10:54:51","guid":{"rendered":"https:\/\/medicaldiscounter.be\/product\/3m-micropore-surgical-suture-plaster-1530-0-125-cm-x-5-m-24-pieces-boite\/"},"modified":"2025-11-27T10:39:19","modified_gmt":"2025-11-27T10:39:19","slug":"3m-micropore-surgical-suture-plaster-1530-0-125-cm-x-5-m-24-pieces-boite","status":"publish","type":"product","link":"https:\/\/medicaldiscounter.be\/fr\/produit\/3m-micropore-surgical-suture-plaster-1530-0-125-cm-x-5-m-24-pieces-boite\/","title":{"rendered":"3M\u2122 Micropore\u2122 Surgical Suture Plaster, 1530-0, 1,25 cm x 5 m, 24 pi\u00e8ces\/bo\u00eete."},"content":{"rendered":"<p>D\u00e9couvrez un confort et une fiabilit\u00e9 in\u00e9gal\u00e9s avec le sparadrap 3M\u2122 Micropore\u2122 Surgical Suture Plaster 1530-0. Ce sparadrap est con\u00e7u avec une tol\u00e9rance cutan\u00e9e exceptionnelle, permettant des changements de pansements fr\u00e9quents sans inconfort. Microporeux, perm\u00e9able \u00e0 la vapeur d&#8217;eau et \u00e0 l&#8217;air, ce sparadrap favorise une respiration cutan\u00e9e saine.  <\/p>\n<p><em><strong>Caract\u00e9ristiques principales :<\/strong><\/em><\/p>\n<ol>\n<li><strong>Tol\u00e9rance cutan\u00e9e exceptionnelle :<\/strong> le pansement 3M\u2122 Micropore\u2122 a \u00e9t\u00e9 d\u00e9velopp\u00e9 en tenant compte du plus haut degr\u00e9 de tol\u00e9rance cutan\u00e9e, ce qui permet des changements de pansements fr\u00e9quents sans irritation.<\/li>\n<li><strong>Microporeux et respirant :<\/strong> le pl\u00e2tre est microporeux et laisse passer la vapeur d&#8217;eau et l&#8217;air, ce qui permet \u00e0 la peau de respirer. Cela contribue \u00e0 une exp\u00e9rience de port saine et confortable. <\/li>\n<li><strong>Effet adh\u00e9sif croissant :<\/strong> l&#8217;effet adh\u00e9sif de l&#8217;empl\u00e2tre augmente avec le temps, ce qui se traduit par une adh\u00e9sion durable et s\u00fbre. Par cons\u00e9quent, le pl\u00e2tre reste parfaitement en place, m\u00eame pendant les activit\u00e9s quotidiennes. <\/li>\n<\/ol>\n<p>Am\u00e9liorez votre approvisionnement m\u00e9dical avec le 3M\u2122 Micropore\u2122 Surgical Suture Plaster 1530-0 et d\u00e9couvrez la combinaison parfaite de confort et de durabilit\u00e9. Commandez d\u00e8s aujourd&#8217;hui pour des soins de haute qualit\u00e9. <\/p>\n","protected":false},"excerpt":{"rendered":"<p>D\u00e9couvrez un confort et une fiabilit\u00e9 in\u00e9gal\u00e9s avec le sparadrap 3M\u2122 Micropore\u2122 Surgical Suture Plaster 1530-0. Ce sparadrap est con\u00e7u avec une tol\u00e9rance cutan\u00e9e exceptionnelle, permettant des changements de pansements fr\u00e9quents sans inconfort. Microporeux, perm\u00e9able \u00e0 la vapeur d&#8217;eau et \u00e0 l&#8217;air, ce sparadrap favorise une respiration cutan\u00e9e saine. Caract\u00e9ristiques principales : Tol\u00e9rance cutan\u00e9e exceptionnelle [&hellip;]<\/p>\n","protected":false},"featured_media":19098,"template":"","meta":[],"product_brand":[],"product_cat":[177],"product_tag":[],"class_list":{"0":"post-19401","1":"product","2":"type-product","3":"status-publish","4":"has-post-thumbnail","6":"product_cat-pansements-adhesifs-3m-micropore","8":"first","9":"instock","10":"taxable","11":"shipping-taxable","12":"purchasable","13":"product-type-simple","14":"add-to-wishlist-after_add_to_cart"},"jetpack_sharing_enabled":true,"_links":{"self":[{"href":"https:\/\/medicaldiscounter.be\/fr\/wp-json\/wp\/v2\/product\/19401","targetHints":{"allow":["GET"]}}],"collection":[{"href":"https:\/\/medicaldiscounter.be\/fr\/wp-json\/wp\/v2\/product"}],"about":[{"href":"https:\/\/medicaldiscounter.be\/fr\/wp-json\/wp\/v2\/types\/product"}],"wp:featuredmedia":[{"embeddable":true,"href":"https:\/\/medicaldiscounter.be\/fr\/wp-json\/wp\/v2\/media\/19098"}],"wp:attachment":[{"href":"https:\/\/medicaldiscounter.be\/fr\/wp-json\/wp\/v2\/media?parent=19401"}],"wp:term":[{"taxonomy":"product_brand","embeddable":true,"href":"https:\/\/medicaldiscounter.be\/fr\/wp-json\/wp\/v2\/product_brand?post=19401"},{"taxonomy":"product_cat","embeddable":true,"href":"https:\/\/medicaldiscounter.be\/fr\/wp-json\/wp\/v2\/product_cat?post=19401"},{"taxonomy":"product_tag","embeddable":true,"href":"https:\/\/medicaldiscounter.be\/fr\/wp-json\/wp\/v2\/product_tag?post=19401"}],"curies":[{"name":"wp","href":"https:\/\/api.w.org\/{rel}","templated":true}]}}