{"id":19405,"date":"2025-03-21T10:54:45","date_gmt":"2025-03-21T10:54:45","guid":{"rendered":"https:\/\/medicaldiscounter.be\/product\/3m-coban-windel-auto-adhesif-couleur-peau-1582p-5-cm-x-2-m-1-rouleau\/"},"modified":"2025-11-27T10:39:26","modified_gmt":"2025-11-27T10:39:26","slug":"3m-coban-windel-auto-adhesif-couleur-peau-1582p-5-cm-x-2-m-1-rouleau","status":"publish","type":"product","link":"https:\/\/medicaldiscounter.be\/fr\/produit\/3m-coban-windel-auto-adhesif-couleur-peau-1582p-5-cm-x-2-m-1-rouleau\/","title":{"rendered":"3M\u2122 Coban\u2122 Windel auto-adh\u00e9sif, couleur peau 1582P , 5 cm x 2 m 1\/rouleau."},"content":{"rendered":"<p>D\u00e9couvrez la solution auto-adh\u00e9sive ultime pour des applications de pansement rapides et faciles avec le Windel auto-adh\u00e9sif 3M\u2122 Coban\u2122. Notre bandage de haute qualit\u00e9 offre une fixation fiable sans avoir recours \u00e0 des adh\u00e9sifs, des \u00e9pingles ou des clips, ce qui vous fait gagner un temps pr\u00e9cieux et rend l&#8217;application sans effort. <\/p>\n<p><em>Caract\u00e9ristiques principales :<\/em><\/p>\n<ol>\n<li><strong>Facilit\u00e9 de l&#8217;auto-adh\u00e9sif<\/strong>: gr\u00e2ce \u00e0 sa conception unique, ce windel adh\u00e8re sans effort \u00e0 lui-m\u00eame, ce qui permet une application rapide et facile. Vous n&#8217;aurez plus \u00e0 vous pr\u00e9occuper des adh\u00e9sifs ou autres fixations. <\/li>\n<li><strong>Fixation durable<\/strong>: Le 3M\u2122 Coban\u2122 Windel ne glisse pas, ce qui fait que les ajustements fr\u00e9quents appartiennent au pass\u00e9. Vous b\u00e9n\u00e9ficiez d&#8217;une fixation durable, ce qui est essentiel pour un soin efficace des plaies. <\/li>\n<li><strong>L\u00e9ger et poreux<\/strong>: en plus d&#8217;\u00eatre efficace, ce bandage est l\u00e9ger et poreux. Il est confortable pour le porteur et favorise une ventilation saine de la peau. <\/li>\n<\/ol>\n<p>Que vous soyez un soignant professionnel ou que vous prodiguiez les premiers soins \u00e0 domicile, le Windel 3M\u2122 Coban\u2122 Self-Adherent offre la fiabilit\u00e9 et la commodit\u00e9 dont vous avez besoin. Commandez d\u00e8s aujourd&#8217;hui et d\u00e9couvrez les avantages d&#8217;un soin des plaies avanc\u00e9. <\/p>\n","protected":false},"excerpt":{"rendered":"<p>D\u00e9couvrez la solution auto-adh\u00e9sive ultime pour des applications de pansement rapides et faciles avec le Windel auto-adh\u00e9sif 3M\u2122 Coban\u2122. Notre bandage de haute qualit\u00e9 offre une fixation fiable sans avoir recours \u00e0 des adh\u00e9sifs, des \u00e9pingles ou des clips, ce qui vous fait gagner un temps pr\u00e9cieux et rend l&#8217;application sans effort. Caract\u00e9ristiques principales : [&hellip;]<\/p>\n","protected":false},"featured_media":19068,"template":"","meta":[],"product_brand":[],"product_cat":[168],"product_tag":[],"class_list":{"0":"post-19405","1":"product","2":"type-product","3":"status-publish","4":"has-post-thumbnail","6":"product_cat-bandages-coban","8":"first","9":"instock","10":"sale","11":"taxable","12":"shipping-taxable","13":"purchasable","14":"product-type-simple","15":"add-to-wishlist-after_add_to_cart"},"jetpack_sharing_enabled":true,"_links":{"self":[{"href":"https:\/\/medicaldiscounter.be\/fr\/wp-json\/wp\/v2\/product\/19405","targetHints":{"allow":["GET"]}}],"collection":[{"href":"https:\/\/medicaldiscounter.be\/fr\/wp-json\/wp\/v2\/product"}],"about":[{"href":"https:\/\/medicaldiscounter.be\/fr\/wp-json\/wp\/v2\/types\/product"}],"wp:featuredmedia":[{"embeddable":true,"href":"https:\/\/medicaldiscounter.be\/fr\/wp-json\/wp\/v2\/media\/19068"}],"wp:attachment":[{"href":"https:\/\/medicaldiscounter.be\/fr\/wp-json\/wp\/v2\/media?parent=19405"}],"wp:term":[{"taxonomy":"product_brand","embeddable":true,"href":"https:\/\/medicaldiscounter.be\/fr\/wp-json\/wp\/v2\/product_brand?post=19405"},{"taxonomy":"product_cat","embeddable":true,"href":"https:\/\/medicaldiscounter.be\/fr\/wp-json\/wp\/v2\/product_cat?post=19405"},{"taxonomy":"product_tag","embeddable":true,"href":"https:\/\/medicaldiscounter.be\/fr\/wp-json\/wp\/v2\/product_tag?post=19405"}],"curies":[{"name":"wp","href":"https:\/\/api.w.org\/{rel}","templated":true}]}}