{"id":19406,"date":"2025-03-21T10:54:45","date_gmt":"2025-03-21T10:54:45","guid":{"rendered":"https:\/\/medicaldiscounter.be\/product\/3m-coban-fr-bandage-auto-adhesif-2083-75-cm-x-45-m-1-rouleau\/"},"modified":"2025-11-27T10:39:22","modified_gmt":"2025-11-27T10:39:22","slug":"3m-coban-fr-bandage-auto-adhesif-2083-75-cm-x-45-m-1-rouleau","status":"publish","type":"product","link":"https:\/\/medicaldiscounter.be\/fr\/produit\/3m-coban-fr-bandage-auto-adhesif-2083-75-cm-x-45-m-1-rouleau\/","title":{"rendered":"3M\u2122 Coban\u2122 FR Bandage auto-adh\u00e9sif 2083 7,5 cm x 4,5 m 1\/rouleau."},"content":{"rendered":"<p>Faites l&#8217;exp\u00e9rience d&#8217;un confort et d&#8217;une efficacit\u00e9 in\u00e9gal\u00e9s avec le bandage auto-adh\u00e9sif 3M\u2122 Coban\u2122 NL 2083. Ce bandage est non seulement exempt de latex de caoutchouc naturel, ce qui pr\u00e9vient les r\u00e9actions allergiques, mais il offre \u00e9galement une auto-adh\u00e9sion pratique sans adh\u00e9sifs, \u00e9pingles ou clips pour une application rapide et sans effort. <\/p>\n<p><em>Caract\u00e9ristiques principales :<\/em><\/p>\n<ol>\n<li><strong>Conception sans latex :<\/strong> r\u00e9pondez aux besoins des personnes allergiques au latex. Le Coban\u2122 NL Bandage 2083 est exempt de latex de caoutchouc naturel, tant dans le produit que dans l&#8217;emballage, ce qui permet de pr\u00e9venir efficacement les r\u00e9actions allergiques. <\/li>\n<li><strong>Commodit\u00e9 de l&#8217;auto-attache :<\/strong> Dites adieu \u00e0 l&#8217;adh\u00e9sif, aux \u00e9pingles ou aux clips. Ce bandage est auto-adh\u00e9sif, ce qui signifie que vous pouvez l&#8217;appliquer rapidement et facilement, sans tracas, et qu&#8217;il reste fermement en place. <\/li>\n<li><strong>L\u00e9ger et respirant :<\/strong> d\u00e9couvrez le plaisir de la l\u00e9g\u00e8ret\u00e9 et de la respirabilit\u00e9. Le bandage Coban\u2122 NL est con\u00e7u en tenant compte du confort du porteur, en garantissant un poids minimal et en permettant \u00e0 la peau de respirer. <\/li>\n<\/ol>\n<p>Optimisez vos techniques de pansement avec le pansement auto-adh\u00e9sif 3M\u2122 Coban\u2122 NL 2083. Commandez d\u00e8s aujourd&#8217;hui pour des soins de haute qualit\u00e9 et une grande commodit\u00e9. <\/p>\n","protected":false},"excerpt":{"rendered":"<p>Faites l&#8217;exp\u00e9rience d&#8217;un confort et d&#8217;une efficacit\u00e9 in\u00e9gal\u00e9s avec le bandage auto-adh\u00e9sif 3M\u2122 Coban\u2122 NL 2083. Ce bandage est non seulement exempt de latex de caoutchouc naturel, ce qui pr\u00e9vient les r\u00e9actions allergiques, mais il offre \u00e9galement une auto-adh\u00e9sion pratique sans adh\u00e9sifs, \u00e9pingles ou clips pour une application rapide et sans effort. Caract\u00e9ristiques principales : [&hellip;]<\/p>\n","protected":false},"featured_media":19062,"template":"","meta":[],"product_brand":[],"product_cat":[168],"product_tag":[],"class_list":{"0":"post-19406","1":"product","2":"type-product","3":"status-publish","4":"has-post-thumbnail","6":"product_cat-bandages-coban","8":"first","9":"instock","10":"sale","11":"taxable","12":"shipping-taxable","13":"purchasable","14":"product-type-simple","15":"add-to-wishlist-after_add_to_cart"},"jetpack_sharing_enabled":true,"_links":{"self":[{"href":"https:\/\/medicaldiscounter.be\/fr\/wp-json\/wp\/v2\/product\/19406","targetHints":{"allow":["GET"]}}],"collection":[{"href":"https:\/\/medicaldiscounter.be\/fr\/wp-json\/wp\/v2\/product"}],"about":[{"href":"https:\/\/medicaldiscounter.be\/fr\/wp-json\/wp\/v2\/types\/product"}],"wp:featuredmedia":[{"embeddable":true,"href":"https:\/\/medicaldiscounter.be\/fr\/wp-json\/wp\/v2\/media\/19062"}],"wp:attachment":[{"href":"https:\/\/medicaldiscounter.be\/fr\/wp-json\/wp\/v2\/media?parent=19406"}],"wp:term":[{"taxonomy":"product_brand","embeddable":true,"href":"https:\/\/medicaldiscounter.be\/fr\/wp-json\/wp\/v2\/product_brand?post=19406"},{"taxonomy":"product_cat","embeddable":true,"href":"https:\/\/medicaldiscounter.be\/fr\/wp-json\/wp\/v2\/product_cat?post=19406"},{"taxonomy":"product_tag","embeddable":true,"href":"https:\/\/medicaldiscounter.be\/fr\/wp-json\/wp\/v2\/product_tag?post=19406"}],"curies":[{"name":"wp","href":"https:\/\/api.w.org\/{rel}","templated":true}]}}