{"id":19407,"date":"2025-03-21T10:54:51","date_gmt":"2025-03-21T10:54:51","guid":{"rendered":"https:\/\/medicaldiscounter.be\/product\/3m-medipore-pad-pansement-adhesif-3569e-10-cm-x-15-cm-25-pieces-boite\/"},"modified":"2025-11-27T10:39:23","modified_gmt":"2025-11-27T10:39:23","slug":"3m-medipore-pad-pansement-adhesif-3569e-10-cm-x-15-cm-25-pieces-boite","status":"publish","type":"product","link":"https:\/\/medicaldiscounter.be\/fr\/produit\/3m-medipore-pad-pansement-adhesif-3569e-10-cm-x-15-cm-25-pieces-boite\/","title":{"rendered":"3M\u2122 Medipore\u2122 +Pad &#8211; Pansement adh\u00e9sif, 3569E, 10 cm x 15 cm, 25 pi\u00e8ces\/bo\u00eete."},"content":{"rendered":"<p>Faites un pas en avant dans le soin des plaies avec le pansement adh\u00e9sif 3M\u2122 Medipore\u2122 +Pad 3569E. Un pansement progressif qui associe une couche de support en polyester non tiss\u00e9 \u00e0 une compresse en viscose, ce qui en fait un pansement absorbant non adh\u00e9rent. St\u00e9rile, doux, flexible et perm\u00e9able \u00e0 l&#8217;oxyg\u00e8ne et \u00e0 la vapeur d&#8217;eau, ce pansement offre un environnement id\u00e9al pour la cicatrisation des plaies. Les coins arrondis emp\u00eachent le d\u00e9tachement du pansement et l&#8217;adh\u00e9sif polyacrylate hypoallerg\u00e9nique offre une adh\u00e9sion initiale rapide qui devient l\u00e9g\u00e8rement d\u00e9gressive avec le temps.   <\/p>\n<p><em><strong>Caract\u00e9ristiques principales :<\/strong><\/em><\/p>\n<ol>\n<li><strong>Syst\u00e8me avanc\u00e9 de soin des plaies :<\/strong> le polyester non tiss\u00e9 avec support de compression en viscose cr\u00e9e une compresse absorbante non adh\u00e9rente qui est optimale pour la cicatrisation des plaies. St\u00e9rile et perm\u00e9able \u00e0 l&#8217;oxyg\u00e8ne et \u00e0 la vapeur d&#8217;eau, elle favorise un environnement sain pour la plaie. <\/li>\n<li><strong>Adh\u00e9sif hypoallerg\u00e9nique :<\/strong> l&#8217;adh\u00e9sif polyacrylate hypoallerg\u00e9nique offre une adh\u00e9sion douce et s\u00fbre, convenant ainsi aux peaux sensibles. R\u00e9duisez le risque de r\u00e9actions allergiques pour une exp\u00e9rience de port confortable. <\/li>\n<li><strong>Adh\u00e9sion initiale rapide et \u00e9lev\u00e9e :<\/strong> Faites l&#8217;exp\u00e9rience d&#8217;un pansement avec une adh\u00e9sion initiale rapide et \u00e9lev\u00e9e pour une fixation fiable. L&#8217;adh\u00e9sion est l\u00e9g\u00e8rement d\u00e9gressive \u00e0 long terme, ce qui permet un retrait indolore. <\/li>\n<\/ol>\n<p>Transformez vos soins des plaies avec le pansement adh\u00e9sif 3M\u2122 Medipore\u2122 +Pad 3569E. Commandez d\u00e8s aujourd&#8217;hui pour b\u00e9n\u00e9ficier de soins avanc\u00e9s et de confort. <\/p>\n","protected":false},"excerpt":{"rendered":"<p>Faites un pas en avant dans le soin des plaies avec le pansement adh\u00e9sif 3M\u2122 Medipore\u2122 +Pad 3569E. Un pansement progressif qui associe une couche de support en polyester non tiss\u00e9 \u00e0 une compresse en viscose, ce qui en fait un pansement absorbant non adh\u00e9rent. St\u00e9rile, doux, flexible et perm\u00e9able \u00e0 l&#8217;oxyg\u00e8ne et \u00e0 la [&hellip;]<\/p>\n","protected":false},"featured_media":19094,"template":"","meta":[],"product_brand":[],"product_cat":[171],"product_tag":[],"class_list":{"0":"post-19407","1":"product","2":"type-product","3":"status-publish","4":"has-post-thumbnail","6":"product_cat-pansements-adhesifs-3m-medipore","8":"first","9":"instock","10":"sale","11":"taxable","12":"shipping-taxable","13":"purchasable","14":"product-type-simple","15":"add-to-wishlist-after_add_to_cart"},"jetpack_sharing_enabled":true,"_links":{"self":[{"href":"https:\/\/medicaldiscounter.be\/fr\/wp-json\/wp\/v2\/product\/19407","targetHints":{"allow":["GET"]}}],"collection":[{"href":"https:\/\/medicaldiscounter.be\/fr\/wp-json\/wp\/v2\/product"}],"about":[{"href":"https:\/\/medicaldiscounter.be\/fr\/wp-json\/wp\/v2\/types\/product"}],"wp:featuredmedia":[{"embeddable":true,"href":"https:\/\/medicaldiscounter.be\/fr\/wp-json\/wp\/v2\/media\/19094"}],"wp:attachment":[{"href":"https:\/\/medicaldiscounter.be\/fr\/wp-json\/wp\/v2\/media?parent=19407"}],"wp:term":[{"taxonomy":"product_brand","embeddable":true,"href":"https:\/\/medicaldiscounter.be\/fr\/wp-json\/wp\/v2\/product_brand?post=19407"},{"taxonomy":"product_cat","embeddable":true,"href":"https:\/\/medicaldiscounter.be\/fr\/wp-json\/wp\/v2\/product_cat?post=19407"},{"taxonomy":"product_tag","embeddable":true,"href":"https:\/\/medicaldiscounter.be\/fr\/wp-json\/wp\/v2\/product_tag?post=19407"}],"curies":[{"name":"wp","href":"https:\/\/api.w.org\/{rel}","templated":true}]}}