{"id":19410,"date":"2025-03-21T10:54:52","date_gmt":"2025-03-21T10:54:52","guid":{"rendered":"https:\/\/medicaldiscounter.be\/product\/3m-micropore-platre-adhesif-chirurgical-1530-3-75-cm-x-91-m-4-pieces-boite\/"},"modified":"2025-12-14T23:57:30","modified_gmt":"2025-12-14T23:57:30","slug":"3m-micropore-platre-adhesif-chirurgical-1530-3-75-cm-x-91-m-4-pieces-boite","status":"publish","type":"product","link":"https:\/\/medicaldiscounter.be\/fr\/produit\/3m-micropore-platre-adhesif-chirurgical-1530-3-75-cm-x-91-m-4-pieces-boite\/","title":{"rendered":"3M\u2122 Micropore\u2122 Pl\u00e2tre adh\u00e9sif chirurgical, 1530-3, 7,5 cm x 9,1 m, 4 pi\u00e8ces\/bo\u00eete."},"content":{"rendered":"<p>D\u00e9couvrez le confort in\u00e9gal\u00e9 du 3M\u2122 Micropore\u2122 Surgical Suture Plaster 1530-3. Ce sparadrap offre une tol\u00e9rance cutan\u00e9e exceptionnelle, permettant des changements de pansements fr\u00e9quents sans effort et sans stresser la peau. Microporeux, perm\u00e9able \u00e0 la vapeur d&#8217;eau et \u00e0 l&#8217;air, il permet \u00e0 la peau de respirer pour un environnement de cicatrisation optimal.  <\/p>\n<p><em><strong>Caract\u00e9ristiques principales :<\/strong><\/em><\/p>\n<ol>\n<li><strong>Tol\u00e9rance cutan\u00e9e exceptionnelle :<\/strong> le sparadrap 3M\u2122 Micropore\u2122 est soigneusement con\u00e7u avec le plus haut degr\u00e9 de tol\u00e9rance cutan\u00e9e, ce qui le rend id\u00e9al pour les changements de pansements fr\u00e9quents sans irritation cutan\u00e9e.<\/li>\n<li><strong>Microporeux et respirant : <\/strong>gr\u00e2ce \u00e0 sa structure microporeuse, le pl\u00e2tre favorise une respiration saine de la peau. Il laisse passer la vapeur d&#8217;eau et l&#8217;air, ce qui maximise le confort du patient. <\/li>\n<li><strong>Effet adh\u00e9sif croissant : <\/strong>l&#8217;effet adh\u00e9sif de l&#8217;empl\u00e2tre augmente avec le temps, ce qui garantit une adh\u00e9sion durable et s\u00fbre. Par cons\u00e9quent, le pl\u00e2tre reste parfaitement en place, m\u00eame pendant les activit\u00e9s quotidiennes. <\/li>\n<\/ol>\n<p>Am\u00e9liorez vos fournitures m\u00e9dicales avec le 3M\u2122 Micropore\u2122 Surgical Suture Plaster 1530-3 et d\u00e9couvrez la combinaison parfaite de confort et de fiabilit\u00e9. Commandez d\u00e8s aujourd&#8217;hui pour des soins de haute qualit\u00e9. <\/p>\n","protected":false},"excerpt":{"rendered":"<p>D\u00e9couvrez le confort in\u00e9gal\u00e9 du 3M\u2122 Micropore\u2122 Surgical Suture Plaster 1530-3. Ce sparadrap offre une tol\u00e9rance cutan\u00e9e exceptionnelle, permettant des changements de pansements fr\u00e9quents sans effort et sans stresser la peau. Microporeux, perm\u00e9able \u00e0 la vapeur d&#8217;eau et \u00e0 l&#8217;air, il permet \u00e0 la peau de respirer pour un environnement de cicatrisation optimal. Caract\u00e9ristiques principales [&hellip;]<\/p>\n","protected":false},"featured_media":19104,"template":"","meta":[],"product_brand":[],"product_cat":[177],"product_tag":[],"class_list":{"0":"post-19410","1":"product","2":"type-product","3":"status-publish","4":"has-post-thumbnail","6":"product_cat-pansements-adhesifs-3m-micropore","8":"first","9":"instock","10":"sale","11":"taxable","12":"shipping-taxable","13":"purchasable","14":"product-type-simple","15":"add-to-wishlist-after_add_to_cart"},"jetpack_sharing_enabled":true,"_links":{"self":[{"href":"https:\/\/medicaldiscounter.be\/fr\/wp-json\/wp\/v2\/product\/19410","targetHints":{"allow":["GET"]}}],"collection":[{"href":"https:\/\/medicaldiscounter.be\/fr\/wp-json\/wp\/v2\/product"}],"about":[{"href":"https:\/\/medicaldiscounter.be\/fr\/wp-json\/wp\/v2\/types\/product"}],"wp:featuredmedia":[{"embeddable":true,"href":"https:\/\/medicaldiscounter.be\/fr\/wp-json\/wp\/v2\/media\/19104"}],"wp:attachment":[{"href":"https:\/\/medicaldiscounter.be\/fr\/wp-json\/wp\/v2\/media?parent=19410"}],"wp:term":[{"taxonomy":"product_brand","embeddable":true,"href":"https:\/\/medicaldiscounter.be\/fr\/wp-json\/wp\/v2\/product_brand?post=19410"},{"taxonomy":"product_cat","embeddable":true,"href":"https:\/\/medicaldiscounter.be\/fr\/wp-json\/wp\/v2\/product_cat?post=19410"},{"taxonomy":"product_tag","embeddable":true,"href":"https:\/\/medicaldiscounter.be\/fr\/wp-json\/wp\/v2\/product_tag?post=19410"}],"curies":[{"name":"wp","href":"https:\/\/api.w.org\/{rel}","templated":true}]}}