{"id":19411,"date":"2025-03-21T10:54:52","date_gmt":"2025-03-21T10:54:52","guid":{"rendered":"https:\/\/medicaldiscounter.be\/product\/3m-micropore-surgical-suture-plaster-1530p-0s-125-cm-x-5-m-1-rouleau-paquet\/"},"modified":"2025-11-27T10:39:20","modified_gmt":"2025-11-27T10:39:20","slug":"3m-micropore-surgical-suture-plaster-1530p-0s-125-cm-x-5-m-1-rouleau-paquet","status":"publish","type":"product","link":"https:\/\/medicaldiscounter.be\/fr\/produit\/3m-micropore-surgical-suture-plaster-1530p-0s-125-cm-x-5-m-1-rouleau-paquet\/","title":{"rendered":"3M\u2122 Micropore\u2122 Surgical Suture Plaster, 1530P-0S, 12,5 cm x 5 m, 1 rouleau\/paquet."},"content":{"rendered":"<p>Faites l&#8217;exp\u00e9rience d&#8217;une combinaison in\u00e9gal\u00e9e de confort et d&#8217;adh\u00e9rence avec le pansement pour suture chirurgicale 3M\u2122 Micropore\u2122 1530P-0S. Sa tol\u00e9rance cutan\u00e9e exceptionnelle permet des changements de pansements fr\u00e9quents sans irriter la peau. Microporeux, perm\u00e9able \u00e0 la vapeur d&#8217;eau et \u00e0 l&#8217;air, ce pl\u00e2tre offre une respirabilit\u00e9 qui contribue \u00e0 un environnement cutan\u00e9 sain.  <\/p>\n<p><em><strong>Caract\u00e9ristiques principales :<\/strong><\/em><\/p>\n<ol>\n<li><strong>Tol\u00e9rance cutan\u00e9e<\/strong> exceptionnelle : le pansement 3M\u2122 Micropore\u2122 est con\u00e7u avec une tol\u00e9rance cutan\u00e9e exceptionnelle, ce qui le rend adapt\u00e9 \u00e0 des changements de pansements fr\u00e9quents sans inconfort.<\/li>\n<li><strong>Microporeux et respirant :<\/strong> gr\u00e2ce \u00e0 sa structure microporeuse, le pl\u00e2tre laisse passer la vapeur d&#8217;eau et l&#8217;air, ce qui favorise une respiration saine de la peau et augmente le confort de port.<\/li>\n<li><strong>Effet adh\u00e9sif croissant :<\/strong> l&#8217;effet adh\u00e9sif de l&#8217;empl\u00e2tre augmente avec le temps, cr\u00e9ant une adh\u00e9sion durable et fiable. Par cons\u00e9quent, le pl\u00e2tre reste parfaitement en place, m\u00eame pendant les activit\u00e9s quotidiennes. <\/li>\n<\/ol>\n<p>Am\u00e9liorez votre approvisionnement m\u00e9dical avec le 3M\u2122 Micropore\u2122 Surgical Suture Plaster 1530P-0S et b\u00e9n\u00e9ficiez de soins de haute qualit\u00e9. Commandez d\u00e8s aujourd&#8217;hui pour une solution confortable et efficace. <\/p>\n","protected":false},"excerpt":{"rendered":"<p>Faites l&#8217;exp\u00e9rience d&#8217;une combinaison in\u00e9gal\u00e9e de confort et d&#8217;adh\u00e9rence avec le pansement pour suture chirurgicale 3M\u2122 Micropore\u2122 1530P-0S. Sa tol\u00e9rance cutan\u00e9e exceptionnelle permet des changements de pansements fr\u00e9quents sans irriter la peau. Microporeux, perm\u00e9able \u00e0 la vapeur d&#8217;eau et \u00e0 l&#8217;air, ce pl\u00e2tre offre une respirabilit\u00e9 qui contribue \u00e0 un environnement cutan\u00e9 sain. Caract\u00e9ristiques principales [&hellip;]<\/p>\n","protected":false},"featured_media":19108,"template":"","meta":[],"product_brand":[],"product_cat":[177],"product_tag":[],"class_list":{"0":"post-19411","1":"product","2":"type-product","3":"status-publish","4":"has-post-thumbnail","6":"product_cat-pansements-adhesifs-3m-micropore","8":"first","9":"instock","10":"sale","11":"taxable","12":"shipping-taxable","13":"purchasable","14":"product-type-simple","15":"add-to-wishlist-after_add_to_cart"},"jetpack_sharing_enabled":true,"_links":{"self":[{"href":"https:\/\/medicaldiscounter.be\/fr\/wp-json\/wp\/v2\/product\/19411","targetHints":{"allow":["GET"]}}],"collection":[{"href":"https:\/\/medicaldiscounter.be\/fr\/wp-json\/wp\/v2\/product"}],"about":[{"href":"https:\/\/medicaldiscounter.be\/fr\/wp-json\/wp\/v2\/types\/product"}],"wp:featuredmedia":[{"embeddable":true,"href":"https:\/\/medicaldiscounter.be\/fr\/wp-json\/wp\/v2\/media\/19108"}],"wp:attachment":[{"href":"https:\/\/medicaldiscounter.be\/fr\/wp-json\/wp\/v2\/media?parent=19411"}],"wp:term":[{"taxonomy":"product_brand","embeddable":true,"href":"https:\/\/medicaldiscounter.be\/fr\/wp-json\/wp\/v2\/product_brand?post=19411"},{"taxonomy":"product_cat","embeddable":true,"href":"https:\/\/medicaldiscounter.be\/fr\/wp-json\/wp\/v2\/product_cat?post=19411"},{"taxonomy":"product_tag","embeddable":true,"href":"https:\/\/medicaldiscounter.be\/fr\/wp-json\/wp\/v2\/product_tag?post=19411"}],"curies":[{"name":"wp","href":"https:\/\/api.w.org\/{rel}","templated":true}]}}