{"id":19415,"date":"2025-03-21T10:54:52","date_gmt":"2025-03-21T10:54:52","guid":{"rendered":"https:\/\/medicaldiscounter.be\/product\/3m-micropore-surgical-suture-plaster-1530p-1d-25-cm-x-91-m-1-rouleau\/"},"modified":"2025-12-14T23:57:31","modified_gmt":"2025-12-14T23:57:31","slug":"3m-micropore-surgical-suture-plaster-1530p-1d-25-cm-x-91-m-1-rouleau","status":"publish","type":"product","link":"https:\/\/medicaldiscounter.be\/fr\/produit\/3m-micropore-surgical-suture-plaster-1530p-1d-25-cm-x-91-m-1-rouleau\/","title":{"rendered":"3M\u2122 Micropore\u2122 Surgical Suture Plaster, 1530P-1D, 2,5 cm x 9,1 m, 1\/rouleau."},"content":{"rendered":"<p>Faites l&#8217;exp\u00e9rience du confort et de l&#8217;adh\u00e9rence ultimes avec le pl\u00e2tre 3M\u2122 Micropore\u2122 pour sutures chirurgicales 1530P-1D. Avec sa tol\u00e9rance cutan\u00e9e in\u00e9gal\u00e9e, ce sparadrap permet des changements de pansements fr\u00e9quents sans stresser la peau. Gr\u00e2ce \u00e0 ses propri\u00e9t\u00e9s microporeuses, perm\u00e9ables \u00e0 la vapeur d&#8217;eau et \u00e0 l&#8217;air, il permet \u00e0 la peau de respirer, favorisant ainsi un environnement sain.  <\/p>\n<p><em><strong>Caract\u00e9ristiques principales :<\/strong><\/em><\/p>\n<ol>\n<li><strong>Tol\u00e9rance cutan\u00e9e exceptionnelle :<\/strong> Le sparadrap 3M\u2122 Micropore\u2122 est sp\u00e9cialement d\u00e9velopp\u00e9 pour une tol\u00e9rance cutan\u00e9e exceptionnelle, ce qui le rend id\u00e9al pour des changements de pansements fr\u00e9quents sans irritation.<\/li>\n<li><strong>Microporeux et respirant :<\/strong> gr\u00e2ce \u00e0 sa structure microporeuse, le pl\u00e2tre favorise une respiration saine de la peau et permet \u00e0 la vapeur d&#8217;eau et \u00e0 l&#8217;air de passer, optimisant ainsi le confort du porteur.<\/li>\n<li>Effet <strong>adh\u00e9sif croissant :<\/strong> l&#8217;effet adh\u00e9sif de l&#8217;empl\u00e2tre augmente avec le temps, ce qui se traduit par une adh\u00e9sion durable et fiable. Par cons\u00e9quent, le pl\u00e2tre reste parfaitement en place, m\u00eame pendant les activit\u00e9s quotidiennes. <\/li>\n<\/ol>\n<p>Am\u00e9liorez votre mat\u00e9riel m\u00e9dical avec le 3M\u2122 Micropore\u2122 Surgical Suture Plaster 1530P-1D pour une application de pansements efficace et sans souci. Commandez d\u00e8s aujourd&#8217;hui pour une qualit\u00e9 de soins optimale. <\/p>\n","protected":false},"excerpt":{"rendered":"<p>Faites l&#8217;exp\u00e9rience du confort et de l&#8217;adh\u00e9rence ultimes avec le pl\u00e2tre 3M\u2122 Micropore\u2122 pour sutures chirurgicales 1530P-1D. Avec sa tol\u00e9rance cutan\u00e9e in\u00e9gal\u00e9e, ce sparadrap permet des changements de pansements fr\u00e9quents sans stresser la peau. Gr\u00e2ce \u00e0 ses propri\u00e9t\u00e9s microporeuses, perm\u00e9ables \u00e0 la vapeur d&#8217;eau et \u00e0 l&#8217;air, il permet \u00e0 la peau de respirer, favorisant [&hellip;]<\/p>\n","protected":false},"featured_media":19110,"template":"","meta":[],"product_brand":[],"product_cat":[177],"product_tag":[],"class_list":{"0":"post-19415","1":"product","2":"type-product","3":"status-publish","4":"has-post-thumbnail","6":"product_cat-pansements-adhesifs-3m-micropore","8":"first","9":"instock","10":"sale","11":"taxable","12":"shipping-taxable","13":"purchasable","14":"product-type-simple","15":"add-to-wishlist-after_add_to_cart"},"jetpack_sharing_enabled":true,"_links":{"self":[{"href":"https:\/\/medicaldiscounter.be\/fr\/wp-json\/wp\/v2\/product\/19415","targetHints":{"allow":["GET"]}}],"collection":[{"href":"https:\/\/medicaldiscounter.be\/fr\/wp-json\/wp\/v2\/product"}],"about":[{"href":"https:\/\/medicaldiscounter.be\/fr\/wp-json\/wp\/v2\/types\/product"}],"wp:featuredmedia":[{"embeddable":true,"href":"https:\/\/medicaldiscounter.be\/fr\/wp-json\/wp\/v2\/media\/19110"}],"wp:attachment":[{"href":"https:\/\/medicaldiscounter.be\/fr\/wp-json\/wp\/v2\/media?parent=19415"}],"wp:term":[{"taxonomy":"product_brand","embeddable":true,"href":"https:\/\/medicaldiscounter.be\/fr\/wp-json\/wp\/v2\/product_brand?post=19415"},{"taxonomy":"product_cat","embeddable":true,"href":"https:\/\/medicaldiscounter.be\/fr\/wp-json\/wp\/v2\/product_cat?post=19415"},{"taxonomy":"product_tag","embeddable":true,"href":"https:\/\/medicaldiscounter.be\/fr\/wp-json\/wp\/v2\/product_tag?post=19415"}],"curies":[{"name":"wp","href":"https:\/\/api.w.org\/{rel}","templated":true}]}}