{"id":19421,"date":"2025-03-21T10:55:08","date_gmt":"2025-03-21T10:55:08","guid":{"rendered":"https:\/\/medicaldiscounter.be\/product\/3m-steri-strip-fermetures-de-plaies-renforcees-steriles-1546p-1-6-mm-x-100-mm\/"},"modified":"2025-11-27T10:39:30","modified_gmt":"2025-11-27T10:39:30","slug":"3m-steri-strip-fermetures-de-plaies-renforcees-steriles-1546p-1-6-mm-x-100-mm","status":"publish","type":"product","link":"https:\/\/medicaldiscounter.be\/fr\/produit\/3m-steri-strip-fermetures-de-plaies-renforcees-steriles-1546p-1-6-mm-x-100-mm\/","title":{"rendered":"3M\u2122 Steri-Strip\u2122 fermetures de plaies renforc\u00e9es st\u00e9riles, 1546P-1, 6 mm x 100 mm."},"content":{"rendered":"<p>R\u00e9parez les plaies avec efficacit\u00e9 et confort gr\u00e2ce aux fermetures de plaies renforc\u00e9es 3M\u2122 Steri-Strip\u2122 Non-Sterious. Ces bandes avanc\u00e9es referment les plaies, assurent le soutien et minimisent la cicatrisation, ce qui permet d&#8217;obtenir de meilleurs r\u00e9sultats esth\u00e9tiques que les sutures m\u00e9talliques ou les agrafes traditionnelles. Con\u00e7ues en pensant \u00e0 la fois au patient et au prestataire de soins, ces fermetures de plaies offrent une solution optimale pour une vari\u00e9t\u00e9 d&#8217;applications.  <\/p>\n<p><em><strong>Caract\u00e9ristiques principales :<\/strong><\/em><\/p>\n<ol>\n<li><strong>R\u00e9sistance accrue \u00e0 la traction :<\/strong> ferme efficacement la plaie et augmente la r\u00e9sistance \u00e0 la traction, r\u00e9duisant ainsi le besoin de sutures m\u00e9talliques traditionnelles.<\/li>\n<li><strong>Avantages cosm\u00e9tiques :<\/strong> La conception non invasive et st\u00e9rile minimise les risques de cicatrices et d&#8217;infections, avec moins de traumatismes tissulaires et de meilleurs r\u00e9sultats cosm\u00e9tiques que les m\u00e9thodes conventionnelles.<\/li>\n<li><strong>Confortables et hypoallerg\u00e9niques :<\/strong> les bandes sont confortables \u00e0 porter, gr\u00e2ce au mat\u00e9riau hypoallerg\u00e9nique, ce qui minimise les irritations.<\/li>\n<li><strong>Possibilit\u00e9 de retrait pr\u00e9coce :<\/strong> Les patients peuvent reprendre leur vie normale plus rapidement gr\u00e2ce \u00e0 la possibilit\u00e9 de retrait pr\u00e9coce des agrafes ou des fils de suture.<\/li>\n<li><strong>\u00c9conomique et facile \u00e0 utiliser :<\/strong> une solution \u00e9conomique par rapport \u00e0 la colle cutan\u00e9e, aux fils de suture ou aux agrafes, avec une application rapide et facile.<\/li>\n<\/ol>\n<p>Les fermetures de plaies 3M\u2122 Steri-Strip\u2122 sont la r\u00e9f\u00e9rence, appr\u00e9ci\u00e9es pour leur facilit\u00e9 d&#8217;utilisation, leur conception non invasive et leurs performances fiables. D\u00e9couvrez les avantages d&#8217;une fermeture de plaie avanc\u00e9e avec ces bandes originales, compos\u00e9es d&#8217;un mat\u00e9riau non tiss\u00e9 microporeux pour la respirabilit\u00e9 et de filaments renforc\u00e9s pour une r\u00e9sistance suppl\u00e9mentaire. <\/p>\n<p>Commandez d\u00e8s aujourd&#8217;hui une solution de fermeture de plaie efficace et confortable.<\/p>\n","protected":false},"excerpt":{"rendered":"<p>R\u00e9parez les plaies avec efficacit\u00e9 et confort gr\u00e2ce aux fermetures de plaies renforc\u00e9es 3M\u2122 Steri-Strip\u2122 Non-Sterious. Ces bandes avanc\u00e9es referment les plaies, assurent le soutien et minimisent la cicatrisation, ce qui permet d&#8217;obtenir de meilleurs r\u00e9sultats esth\u00e9tiques que les sutures m\u00e9talliques ou les agrafes traditionnelles. Con\u00e7ues en pensant \u00e0 la fois au patient et au [&hellip;]<\/p>\n","protected":false},"featured_media":19122,"template":"","meta":[],"product_brand":[],"product_cat":[180],"product_tag":[],"class_list":{"0":"post-19421","1":"product","2":"type-product","3":"status-publish","4":"has-post-thumbnail","6":"product_cat-pansements-adhesifs-3m-steri-strip","8":"first","9":"instock","10":"sale","11":"taxable","12":"shipping-taxable","13":"purchasable","14":"product-type-simple","15":"add-to-wishlist-after_add_to_cart"},"jetpack_sharing_enabled":true,"_links":{"self":[{"href":"https:\/\/medicaldiscounter.be\/fr\/wp-json\/wp\/v2\/product\/19421","targetHints":{"allow":["GET"]}}],"collection":[{"href":"https:\/\/medicaldiscounter.be\/fr\/wp-json\/wp\/v2\/product"}],"about":[{"href":"https:\/\/medicaldiscounter.be\/fr\/wp-json\/wp\/v2\/types\/product"}],"wp:featuredmedia":[{"embeddable":true,"href":"https:\/\/medicaldiscounter.be\/fr\/wp-json\/wp\/v2\/media\/19122"}],"wp:attachment":[{"href":"https:\/\/medicaldiscounter.be\/fr\/wp-json\/wp\/v2\/media?parent=19421"}],"wp:term":[{"taxonomy":"product_brand","embeddable":true,"href":"https:\/\/medicaldiscounter.be\/fr\/wp-json\/wp\/v2\/product_brand?post=19421"},{"taxonomy":"product_cat","embeddable":true,"href":"https:\/\/medicaldiscounter.be\/fr\/wp-json\/wp\/v2\/product_cat?post=19421"},{"taxonomy":"product_tag","embeddable":true,"href":"https:\/\/medicaldiscounter.be\/fr\/wp-json\/wp\/v2\/product_tag?post=19421"}],"curies":[{"name":"wp","href":"https:\/\/api.w.org\/{rel}","templated":true}]}}