{"id":19428,"date":"2025-03-21T10:55:08","date_gmt":"2025-03-21T10:55:08","guid":{"rendered":"https:\/\/medicaldiscounter.be\/product\/3m-tegaderm-chg-bandage-de-fixation-intraveineuse-1657r-115-x-85-cm-25-pieces-boite\/"},"modified":"2025-12-14T23:56:36","modified_gmt":"2025-12-14T23:56:36","slug":"3m-tegaderm-chg-bandage-de-fixation-intraveineuse-1657r-115-x-85-cm-25-pieces-boite","status":"publish","type":"product","link":"https:\/\/medicaldiscounter.be\/fr\/produit\/3m-tegaderm-chg-bandage-de-fixation-intraveineuse-1657r-115-x-85-cm-25-pieces-boite\/","title":{"rendered":"3M\u2122 Tegaderm\u2122 -CHG Bandage de fixation intraveineuse, 1657R, 11,5 x 8,5 cm, 25 pi\u00e8ces\/bo\u00eete."},"content":{"rendered":"<p>D\u00e9couvrez un contr\u00f4le avanc\u00e9 des infections et une fixation des cath\u00e9ters avec le pansement de fixation 3M\u2122 Tegaderm\u2122 -CHG I.V. (1657R). Ce pansement offre une solution tout-en-un qui associe la r\u00e9duction des infections \u00e0 la visibilit\u00e9 du site d&#8217;insertion et \u00e0 la respirabilit\u00e9, ce qui en fait un choix essentiel pour un soin optimal des plaies. <\/p>\n<p><strong>Caract\u00e9ristiques principales :<\/strong><\/p>\n<ul>\n<li><strong>R\u00e9duction des infections et visibilit\u00e9 :<\/strong> la conception int\u00e9gr\u00e9e combine la r\u00e9duction des infections avec la visibilit\u00e9 du site d&#8217;insertion, la fixation du cath\u00e9ter et la respirabilit\u00e9 pour un soin complet et efficace de la plaie.<\/li>\n<li><strong>Positionnement pr\u00e9cis :<\/strong> le cadre d&#8217;application assure un positionnement pr\u00e9cis et facile, tout en emp\u00eachant le pansement de coller aux gants ou \u00e0 lui-m\u00eame.<\/li>\n<li><strong>Protection antimicrobienne :<\/strong> R\u00e9duction prouv\u00e9e des CRBSI et de la colonisation des cath\u00e9ters vasculaires gr\u00e2ce \u00e0 un tampon de gel CHG (gluconate de chlorhexidine) int\u00e9gr\u00e9 qui fournit une protection antimicrobienne imm\u00e9diate et continue sans n\u00e9cessiter d&#8217;humidit\u00e9 pour l&#8217;activation.<\/li>\n<li><strong>Fixation du cath\u00e9ter :<\/strong> Con\u00e7ue pour emp\u00eacher le mouvement et le desserrement du cath\u00e9ter, avec une large bande de fixation et une encoche r\u00e9glable en forme de trou de serrure.<\/li>\n<li><strong>Visibilit\u00e9 et respirabilit\u00e9 : <\/strong>Le film transparent et le coussin de gel assurent une visibilit\u00e9 continue de l&#8217;ouverture, ce qui permet de rep\u00e9rer facilement les premiers signes d&#8217;infection, tandis que le pansement respirant permet \u00e0 l&#8217;humidit\u00e9 de s&#8217;\u00e9couler de la peau.<\/li>\n<li><strong>Barri\u00e8re \u00e9tanche et st\u00e9rile :<\/strong> fournit une barri\u00e8re \u00e9tanche et st\u00e9rile contre les contaminants externes, y compris les liquides, les bact\u00e9ries et les virus.<\/li>\n<\/ul>\n<p>Optimisez la fixation de vos cath\u00e9ters et le contr\u00f4le des infections avec le pansement de fixation 3M\u2122 Tegaderm\u2122 -CHG I.V. (1657R). Faites confiance \u00e0 l&#8217;expertise de 3M pour des soins de plaies de haute qualit\u00e9. <\/p>\n","protected":false},"excerpt":{"rendered":"<p>D\u00e9couvrez un contr\u00f4le avanc\u00e9 des infections et une fixation des cath\u00e9ters avec le pansement de fixation 3M\u2122 Tegaderm\u2122 -CHG I.V. (1657R). Ce pansement offre une solution tout-en-un qui associe la r\u00e9duction des infections \u00e0 la visibilit\u00e9 du site d&#8217;insertion et \u00e0 la respirabilit\u00e9, ce qui en fait un choix essentiel pour un soin optimal des [&hellip;]<\/p>\n","protected":false},"featured_media":19130,"template":"","meta":[],"product_brand":[],"product_cat":[182],"product_tag":[],"class_list":{"0":"post-19428","1":"product","2":"type-product","3":"status-publish","4":"has-post-thumbnail","6":"product_cat-pansements-tegaderm","8":"first","9":"instock","10":"taxable","11":"shipping-taxable","12":"purchasable","13":"product-type-simple","14":"add-to-wishlist-after_add_to_cart"},"jetpack_sharing_enabled":true,"_links":{"self":[{"href":"https:\/\/medicaldiscounter.be\/fr\/wp-json\/wp\/v2\/product\/19428","targetHints":{"allow":["GET"]}}],"collection":[{"href":"https:\/\/medicaldiscounter.be\/fr\/wp-json\/wp\/v2\/product"}],"about":[{"href":"https:\/\/medicaldiscounter.be\/fr\/wp-json\/wp\/v2\/types\/product"}],"wp:featuredmedia":[{"embeddable":true,"href":"https:\/\/medicaldiscounter.be\/fr\/wp-json\/wp\/v2\/media\/19130"}],"wp:attachment":[{"href":"https:\/\/medicaldiscounter.be\/fr\/wp-json\/wp\/v2\/media?parent=19428"}],"wp:term":[{"taxonomy":"product_brand","embeddable":true,"href":"https:\/\/medicaldiscounter.be\/fr\/wp-json\/wp\/v2\/product_brand?post=19428"},{"taxonomy":"product_cat","embeddable":true,"href":"https:\/\/medicaldiscounter.be\/fr\/wp-json\/wp\/v2\/product_cat?post=19428"},{"taxonomy":"product_tag","embeddable":true,"href":"https:\/\/medicaldiscounter.be\/fr\/wp-json\/wp\/v2\/product_tag?post=19428"}],"curies":[{"name":"wp","href":"https:\/\/api.w.org\/{rel}","templated":true}]}}