{"id":19429,"date":"2025-03-21T10:55:08","date_gmt":"2025-03-21T10:55:08","guid":{"rendered":"https:\/\/medicaldiscounter.be\/product\/3m-tegaderm-i-v-pansement-en-film-transparent-avec-bordure-1635-85-x-105-cm-50-boite\/"},"modified":"2025-12-14T23:56:40","modified_gmt":"2025-12-14T23:56:40","slug":"3m-tegaderm-i-v-pansement-en-film-transparent-avec-bordure-1635-85-x-105-cm-50-boite","status":"publish","type":"product","link":"https:\/\/medicaldiscounter.be\/fr\/produit\/3m-tegaderm-i-v-pansement-en-film-transparent-avec-bordure-1635-85-x-105-cm-50-boite\/","title":{"rendered":"3M\u2122 Tegaderm\u2122 I.V. Pansement en film transparent avec bordure 1635, 8,5 x 10,5 cm, 50\/bo\u00eete."},"content":{"rendered":"<p>Faites l&#8217;exp\u00e9rience d&#8217;une stabilit\u00e9 et d&#8217;une protection in\u00e9gal\u00e9es avec le pansement 3M\u2122 Tegaderm\u2122 I.V. Transparent Film avec bordure 1635. Con\u00e7u pour stabiliser le cath\u00e9ter et emp\u00eacher tout d\u00e9placement ind\u00e9sirable, ce pansement offre des caract\u00e9ristiques avanc\u00e9es pour des soins optimaux. <\/p>\n<p><strong>Caract\u00e9ristiques et avantages :<\/strong><\/p>\n<ul>\n<li><strong>Stabilit\u00e9 exceptionnelle du cath\u00e9ter :<\/strong> le pansement stabilise efficacement le cath\u00e9ter, ce qui est essentiel pour \u00e9viter tout d\u00e9placement et garantir un fonctionnement s\u00fbr.<\/li>\n<li><strong>Meilleure \u00e9tanch\u00e9it\u00e9 : <\/strong>gr\u00e2ce \u00e0 des encoches strat\u00e9giquement plac\u00e9es, la conception offre une \u00e9tanch\u00e9it\u00e9 sup\u00e9rieure autour du cath\u00e9ter, minimisant ainsi le risque d&#8217;infection.<\/li>\n<li><strong>Port \u00e0 long terme : <\/strong>B\u00e9n\u00e9ficiez d&#8217;une protection \u00e0 long terme car ce pansement peut rester en place jusqu&#8217;\u00e0 7 jours, conform\u00e9ment au protocole hospitalier.<\/li>\n<li><strong>Barri\u00e8re st<\/strong> \u00e9rile imperm\u00e9able <strong>:<\/strong> une barri\u00e8re st\u00e9rile imperm\u00e9able prot\u00e8ge le site d&#8217;insertion des contaminants externes, tels que les bact\u00e9ries et les virus. Des tests in vitro montrent que le film transparent constitue une barri\u00e8re efficace contre les virus d&#8217;un diam\u00e8tre de 27 nm ou plus. <\/li>\n<li><strong>Film transparent pour la surveillance :<\/strong> le film transparent permet d&#8217;inspecter visuellement le site d&#8217;insertion sans retirer le pansement, ce qui permet de garder le site du cath\u00e9ter visible en permanence.<\/li>\n<li><strong>Film respirant : <\/strong>le film respirant admet l&#8217;oxyg\u00e8ne et expulse la vapeur d&#8217;eau, ce qui est essentiel pour un processus de gu\u00e9rison sain.<\/li>\n<li><strong>Cadre d&#8217;application pour la pr\u00e9cision :<\/strong> le cadre d&#8217;application garantit un positionnement pr\u00e9cis et facile, de sorte que le pansement risque moins de coller aux gants ou \u00e0 lui-m\u00eame. Le concept du cadre permet une application d&#8217;une seule main, avec moins de d\u00e9chets. <\/li>\n<li><strong>Imperm\u00e9able pour la douche :<\/strong> les patients peuvent se doucher normalement, car le pansement imperm\u00e9able forme une barri\u00e8re bact\u00e9rienne et virale perm\u00e9able \u00e0 l&#8217;air.<\/li>\n<\/ul>\n<p>Faites confiance au pansement film transparent 3M\u2122 Tegaderm\u2122 I.V. avec bordure 1635 pour une solution st\u00e9rile, perm\u00e9able \u00e0 la vapeur d&#8217;oxyg\u00e8ne et d&#8217;eau et transparente. Optimisez l&#8217;exp\u00e9rience de soins des patients et des professionnels de sant\u00e9 avec ce pansement film avanc\u00e9. <\/p>\n","protected":false},"excerpt":{"rendered":"<p>Faites l&#8217;exp\u00e9rience d&#8217;une stabilit\u00e9 et d&#8217;une protection in\u00e9gal\u00e9es avec le pansement 3M\u2122 Tegaderm\u2122 I.V. Transparent Film avec bordure 1635. Con\u00e7u pour stabiliser le cath\u00e9ter et emp\u00eacher tout d\u00e9placement ind\u00e9sirable, ce pansement offre des caract\u00e9ristiques avanc\u00e9es pour des soins optimaux. Caract\u00e9ristiques et avantages : Stabilit\u00e9 exceptionnelle du cath\u00e9ter : le pansement stabilise efficacement le cath\u00e9ter, ce [&hellip;]<\/p>\n","protected":false},"featured_media":19136,"template":"","meta":[],"product_brand":[],"product_cat":[182],"product_tag":[],"class_list":{"0":"post-19429","1":"product","2":"type-product","3":"status-publish","4":"has-post-thumbnail","6":"product_cat-pansements-tegaderm","8":"first","9":"instock","10":"taxable","11":"shipping-taxable","12":"purchasable","13":"product-type-simple","14":"add-to-wishlist-after_add_to_cart"},"jetpack_sharing_enabled":true,"_links":{"self":[{"href":"https:\/\/medicaldiscounter.be\/fr\/wp-json\/wp\/v2\/product\/19429","targetHints":{"allow":["GET"]}}],"collection":[{"href":"https:\/\/medicaldiscounter.be\/fr\/wp-json\/wp\/v2\/product"}],"about":[{"href":"https:\/\/medicaldiscounter.be\/fr\/wp-json\/wp\/v2\/types\/product"}],"wp:featuredmedia":[{"embeddable":true,"href":"https:\/\/medicaldiscounter.be\/fr\/wp-json\/wp\/v2\/media\/19136"}],"wp:attachment":[{"href":"https:\/\/medicaldiscounter.be\/fr\/wp-json\/wp\/v2\/media?parent=19429"}],"wp:term":[{"taxonomy":"product_brand","embeddable":true,"href":"https:\/\/medicaldiscounter.be\/fr\/wp-json\/wp\/v2\/product_brand?post=19429"},{"taxonomy":"product_cat","embeddable":true,"href":"https:\/\/medicaldiscounter.be\/fr\/wp-json\/wp\/v2\/product_cat?post=19429"},{"taxonomy":"product_tag","embeddable":true,"href":"https:\/\/medicaldiscounter.be\/fr\/wp-json\/wp\/v2\/product_tag?post=19429"}],"curies":[{"name":"wp","href":"https:\/\/api.w.org\/{rel}","templated":true}]}}