{"id":19431,"date":"2025-03-21T10:55:08","date_gmt":"2025-03-21T10:55:08","guid":{"rendered":"https:\/\/medicaldiscounter.be\/product\/3m-tegaderm-i-v-pansement-en-film-transparent-avec-bordure-1633-7-x-85-cm-100-boite\/"},"modified":"2025-12-14T23:56:37","modified_gmt":"2025-12-14T23:56:37","slug":"3m-tegaderm-i-v-pansement-en-film-transparent-avec-bordure-1633-7-x-85-cm-100-boite","status":"publish","type":"product","link":"https:\/\/medicaldiscounter.be\/fr\/produit\/3m-tegaderm-i-v-pansement-en-film-transparent-avec-bordure-1633-7-x-85-cm-100-boite\/","title":{"rendered":"3M\u2122 Tegaderm\u2122 I.V. Pansement en film transparent avec bordure 1633, 7 x 8,5 cm, 100\/bo\u00eete."},"content":{"rendered":"<p>D\u00e9couvrez la protection et la stabilit\u00e9 ultimes pour les cath\u00e9ters avec le pansement 3M\u2122 Tegaderm\u2122 I.V. Transparent Film avec bordure 1633. Ce pansement avanc\u00e9 est con\u00e7u pour emp\u00eacher le d\u00e9placement des cath\u00e9ters et offre une meilleure \u00e9tanch\u00e9it\u00e9 gr\u00e2ce \u00e0 des encoches intelligentes dans la conception. <\/p>\n<p><strong>Caract\u00e9ristiques et avantages :<\/strong><\/p>\n<ul>\n<li><strong>Fixation stable du cath\u00e9ter : <\/strong>assurez votre tranquillit\u00e9 d&#8217;esprit gr\u00e2ce \u00e0 un pansement qui stabilise le cath\u00e9ter, \u00e9vitant ainsi tout d\u00e9placement ind\u00e9sirable.<\/li>\n<li><strong>Am\u00e9lioration de l&#8217;\u00e9tanch\u00e9it\u00e9 :<\/strong> les encoches bien pens\u00e9es de la conception assurent une meilleure \u00e9tanch\u00e9it\u00e9 autour du cath\u00e9ter, ce qui est essentiel pour r\u00e9duire le risque d&#8217;infection.<\/li>\n<li><strong>Dur\u00e9e de port \u00e0 long terme :<\/strong> B\u00e9n\u00e9ficiez d&#8217;une protection \u00e0 long terme car ce pansement peut rester en place jusqu&#8217;\u00e0 7 jours, ou plus t\u00f4t selon le protocole de l&#8217;h\u00f4pital.<\/li>\n<li><strong>Transparence pour la surveillance :<\/strong> Gardez facilement un \u0153il sur le site d&#8217;insertion du cath\u00e9ter gr\u00e2ce au film transparent. Il permet une inspection visuelle rapide sans retirer le pansement. <\/li>\n<li>Bordure <strong>confortable :<\/strong> le pansement est dot\u00e9 d&#8217;une bordure confortable, qui fournit un bord doux et s\u00fbr autour du site du cath\u00e9ter.<\/li>\n<li><strong>Application facile :<\/strong> le pansement 3M\u2122 Tegaderm\u2122 I.V. Transparent Film Dressing with border 1633 est facile \u00e0 appliquer, ce qui le rend adapt\u00e9 \u00e0 divers environnements de soins de sant\u00e9 et \u00e0 l&#8217;utilisation \u00e0 domicile.<\/li>\n<li><strong>Polyvalent et fiable :<\/strong> Convient \u00e0 divers types de cath\u00e9ters et offre une protection fiable contre les contaminants externes.<\/li>\n<\/ul>\n<p>Optez pour une protection et une stabilit\u00e9 optimales avec le pansement 3M\u2122 Tegaderm\u2122 I.V. Transparent Film avec bordure 1633. Assure non seulement le confort mais aussi la tranquillit\u00e9 d&#8217;esprit car vos patients m\u00e9ritent les meilleurs soins. <\/p>\n","protected":false},"excerpt":{"rendered":"<p>D\u00e9couvrez la protection et la stabilit\u00e9 ultimes pour les cath\u00e9ters avec le pansement 3M\u2122 Tegaderm\u2122 I.V. Transparent Film avec bordure 1633. Ce pansement avanc\u00e9 est con\u00e7u pour emp\u00eacher le d\u00e9placement des cath\u00e9ters et offre une meilleure \u00e9tanch\u00e9it\u00e9 gr\u00e2ce \u00e0 des encoches intelligentes dans la conception. Caract\u00e9ristiques et avantages : Fixation stable du cath\u00e9ter : assurez [&hellip;]<\/p>\n","protected":false},"featured_media":19134,"template":"","meta":[],"product_brand":[],"product_cat":[182],"product_tag":[],"class_list":{"0":"post-19431","1":"product","2":"type-product","3":"status-publish","4":"has-post-thumbnail","6":"product_cat-pansements-tegaderm","8":"first","9":"instock","10":"sale","11":"taxable","12":"shipping-taxable","13":"purchasable","14":"product-type-simple","15":"add-to-wishlist-after_add_to_cart"},"jetpack_sharing_enabled":true,"_links":{"self":[{"href":"https:\/\/medicaldiscounter.be\/fr\/wp-json\/wp\/v2\/product\/19431","targetHints":{"allow":["GET"]}}],"collection":[{"href":"https:\/\/medicaldiscounter.be\/fr\/wp-json\/wp\/v2\/product"}],"about":[{"href":"https:\/\/medicaldiscounter.be\/fr\/wp-json\/wp\/v2\/types\/product"}],"wp:featuredmedia":[{"embeddable":true,"href":"https:\/\/medicaldiscounter.be\/fr\/wp-json\/wp\/v2\/media\/19134"}],"wp:attachment":[{"href":"https:\/\/medicaldiscounter.be\/fr\/wp-json\/wp\/v2\/media?parent=19431"}],"wp:term":[{"taxonomy":"product_brand","embeddable":true,"href":"https:\/\/medicaldiscounter.be\/fr\/wp-json\/wp\/v2\/product_brand?post=19431"},{"taxonomy":"product_cat","embeddable":true,"href":"https:\/\/medicaldiscounter.be\/fr\/wp-json\/wp\/v2\/product_cat?post=19431"},{"taxonomy":"product_tag","embeddable":true,"href":"https:\/\/medicaldiscounter.be\/fr\/wp-json\/wp\/v2\/product_tag?post=19431"}],"curies":[{"name":"wp","href":"https:\/\/api.w.org\/{rel}","templated":true}]}}