{"id":19436,"date":"2025-03-21T10:55:08","date_gmt":"2025-03-21T10:55:08","guid":{"rendered":"https:\/\/medicaldiscounter.be\/product\/3m-tegaderm-pad-transparent-film-dressing-3582p-5-cm-x-7cm-5-pieces-boite\/"},"modified":"2025-12-14T23:56:40","modified_gmt":"2025-12-14T23:56:40","slug":"3m-tegaderm-pad-transparent-film-dressing-3582p-5-cm-x-7cm-5-pieces-boite","status":"publish","type":"product","link":"https:\/\/medicaldiscounter.be\/fr\/produit\/3m-tegaderm-pad-transparent-film-dressing-3582p-5-cm-x-7cm-5-pieces-boite\/","title":{"rendered":"3M\u2122 Tegaderm\u2122 +Pad Transparent Film dressing, 3582P, 5 cm x 7cm, 5 pi\u00e8ces\/bo\u00eete."},"content":{"rendered":"<p>D\u00e9couvrez la commodit\u00e9 d&#8217;un traitement avanc\u00e9 des plaies avec le pansement 3M\u2122 Tegaderm\u2122 +Pad Transparent Film Dressing (3582P). Con\u00e7u pour r\u00e9duire le temps d&#8217;application, ce pansement st\u00e9rile tout-en-un offre une solution de traitement des plaies de haute qualit\u00e9. <\/p>\n<p><strong>Caract\u00e9ristiques<\/strong>:<\/p>\n<ul>\n<li><strong>Conception pratique tout-en-un :<\/strong> ce pansement st\u00e9rile r\u00e9duit consid\u00e9rablement le temps d&#8217;application, ce qui en fait un choix efficace pour le soin des plaies.<\/li>\n<li><strong>Barri\u00e8re imperm\u00e9able :<\/strong> les patients peuvent se baigner ou se doucher sans enlever le pansement, gr\u00e2ce \u00e0 la barri\u00e8re imperm\u00e9able efficace.<\/li>\n<li><strong>Coussinet non adh\u00e9sif :<\/strong> le coussinet non adh\u00e9sif unique emp\u00eache le pansement de coller \u00e0 la plaie, ce qui permet une cicatrisation normale de la plaie avec moins de douleur et de traumatisme.<\/li>\n<li><strong>Film respirant :<\/strong> le film respirant favorise le fonctionnement normal de la peau gr\u00e2ce \u00e0 un \u00e9change optimal de vapeur d&#8217;eau et d&#8217;oxyg\u00e8ne.<\/li>\n<li><strong>Confortable et facile \u00e0 appliquer :<\/strong> Le pansement est confortable et facile \u00e0 appliquer, et s&#8217;\u00e9tire avec la peau pour une dur\u00e9e de port plus longue.<\/li>\n<\/ul>\n<p>Le pansement 3M\u2122 Tegaderm\u2122 +Pad Transparent Film est un choix polyvalent avec un tampon absorbant qui repose comme une \u00eele sur la bande adh\u00e9sive, ce qui en fait une solution efficace et efficiente pour diff\u00e9rents types de plaies.<\/p>\n<p>Am\u00e9liorez votre protocole de soins des plaies avec le pansement 3M\u2122 Tegaderm\u2122 +Pad Transparent Film Dressing (3582P) pour une protection et un confort avanc\u00e9s.<\/p>\n","protected":false},"excerpt":{"rendered":"<p>D\u00e9couvrez la commodit\u00e9 d&#8217;un traitement avanc\u00e9 des plaies avec le pansement 3M\u2122 Tegaderm\u2122 +Pad Transparent Film Dressing (3582P). Con\u00e7u pour r\u00e9duire le temps d&#8217;application, ce pansement st\u00e9rile tout-en-un offre une solution de traitement des plaies de haute qualit\u00e9. Caract\u00e9ristiques: Conception pratique tout-en-un : ce pansement st\u00e9rile r\u00e9duit consid\u00e9rablement le temps d&#8217;application, ce qui en fait [&hellip;]<\/p>\n","protected":false},"featured_media":19138,"template":"","meta":[],"product_brand":[],"product_cat":[182],"product_tag":[],"class_list":{"0":"post-19436","1":"product","2":"type-product","3":"status-publish","4":"has-post-thumbnail","6":"product_cat-pansements-tegaderm","8":"first","9":"instock","10":"taxable","11":"shipping-taxable","12":"purchasable","13":"product-type-simple","14":"add-to-wishlist-after_add_to_cart"},"jetpack_sharing_enabled":true,"_links":{"self":[{"href":"https:\/\/medicaldiscounter.be\/fr\/wp-json\/wp\/v2\/product\/19436","targetHints":{"allow":["GET"]}}],"collection":[{"href":"https:\/\/medicaldiscounter.be\/fr\/wp-json\/wp\/v2\/product"}],"about":[{"href":"https:\/\/medicaldiscounter.be\/fr\/wp-json\/wp\/v2\/types\/product"}],"wp:featuredmedia":[{"embeddable":true,"href":"https:\/\/medicaldiscounter.be\/fr\/wp-json\/wp\/v2\/media\/19138"}],"wp:attachment":[{"href":"https:\/\/medicaldiscounter.be\/fr\/wp-json\/wp\/v2\/media?parent=19436"}],"wp:term":[{"taxonomy":"product_brand","embeddable":true,"href":"https:\/\/medicaldiscounter.be\/fr\/wp-json\/wp\/v2\/product_brand?post=19436"},{"taxonomy":"product_cat","embeddable":true,"href":"https:\/\/medicaldiscounter.be\/fr\/wp-json\/wp\/v2\/product_cat?post=19436"},{"taxonomy":"product_tag","embeddable":true,"href":"https:\/\/medicaldiscounter.be\/fr\/wp-json\/wp\/v2\/product_tag?post=19436"}],"curies":[{"name":"wp","href":"https:\/\/api.w.org\/{rel}","templated":true}]}}