{"id":19443,"date":"2025-03-21T10:55:08","date_gmt":"2025-03-21T10:55:08","guid":{"rendered":"https:\/\/medicaldiscounter.be\/product\/3m-peltor-hearing-cap-for-children-h510ak-rose-87-98-db\/"},"modified":"2025-12-14T23:56:36","modified_gmt":"2025-12-14T23:56:36","slug":"3m-peltor-hearing-cap-for-children-h510ak-rose-87-98-db","status":"publish","type":"product","link":"https:\/\/medicaldiscounter.be\/fr\/produit\/3m-peltor-hearing-cap-for-children-h510ak-rose-87-98-db\/","title":{"rendered":"3M\u2122 Peltor\u2122 Hearing Cap for Children H510AK, rose (87-98 dB)"},"content":{"rendered":"<p>Prot\u00e9gez l&#8217;audition de votre enfant avec style gr\u00e2ce au 3M\u2122 Peltor\u2122 Hearing Cap for Children H510AK en rose. Cette protection auditive confortable et efficace est sp\u00e9cialement con\u00e7ue pour les jeunes porteurs de plus de 5 ans. <\/p>\n<p><em><strong>Caract\u00e9ristiques principales :<\/strong><\/em><\/p>\n<ol>\n<li><strong>Conception confortable : <\/strong>le cache-oreilles rose est soigneusement con\u00e7u pour le confort des jeunes utilisateurs, permettant une utilisation prolong\u00e9e sans g\u00eane.<\/li>\n<li><strong>Protection auditive efficace :<\/strong> avec une att\u00e9nuation sonore de 87-98 dB, ce casque antibruit offre une protection fiable contre les bruits nocifs, id\u00e9ale dans des situations telles que les \u00e9v\u00e9nements, les concerts ou d&#8217;autres environnements bruyants.<\/li>\n<li><strong>Avertissement de s\u00e9curit\u00e9 : <\/strong>Les utilisateurs sont invit\u00e9s \u00e0 lire attentivement toutes les instructions avant d&#8217;utiliser l&#8217;appareil. Une utilisation incorrecte peut entra\u00eener des blessures et\/ou une perte d&#8217;audition permanente. <\/li>\n<li><strong>Compatibilit\u00e9 :<\/strong> le casque antibruit est compatible avec les lunettes et les masques 3M, ce qui garantit une protection totale.<\/li>\n<\/ol>\n<p>Offrez \u00e0 votre enfant la meilleure protection auditive avec le bouchon auditif 3M\u2122 Peltor\u2122 H510AK en rose. Optez pour le confort, la s\u00e9curit\u00e9 et le style avec le design rose accrocheur. Commandez d\u00e8s aujourd&#8217;hui pour avoir l&#8217;esprit tranquille et jouer sans souci !  <\/p>\n<div><\/div>\n","protected":false},"excerpt":{"rendered":"<p>Prot\u00e9gez l&#8217;audition de votre enfant avec style gr\u00e2ce au 3M\u2122 Peltor\u2122 Hearing Cap for Children H510AK en rose. Cette protection auditive confortable et efficace est sp\u00e9cialement con\u00e7ue pour les jeunes porteurs de plus de 5 ans. Caract\u00e9ristiques principales : Conception confortable : le cache-oreilles rose est soigneusement con\u00e7u pour le confort des jeunes utilisateurs, permettant [&hellip;]<\/p>\n","protected":false},"featured_media":19118,"template":"","meta":[],"product_brand":[],"product_cat":[183],"product_tag":[],"class_list":{"0":"post-19443","1":"product","2":"type-product","3":"status-publish","4":"has-post-thumbnail","6":"product_cat-protection-auditive-peltor-kids","8":"first","9":"instock","10":"sale","11":"taxable","12":"shipping-taxable","13":"purchasable","14":"product-type-simple","15":"add-to-wishlist-after_add_to_cart"},"jetpack_sharing_enabled":true,"_links":{"self":[{"href":"https:\/\/medicaldiscounter.be\/fr\/wp-json\/wp\/v2\/product\/19443","targetHints":{"allow":["GET"]}}],"collection":[{"href":"https:\/\/medicaldiscounter.be\/fr\/wp-json\/wp\/v2\/product"}],"about":[{"href":"https:\/\/medicaldiscounter.be\/fr\/wp-json\/wp\/v2\/types\/product"}],"wp:featuredmedia":[{"embeddable":true,"href":"https:\/\/medicaldiscounter.be\/fr\/wp-json\/wp\/v2\/media\/19118"}],"wp:attachment":[{"href":"https:\/\/medicaldiscounter.be\/fr\/wp-json\/wp\/v2\/media?parent=19443"}],"wp:term":[{"taxonomy":"product_brand","embeddable":true,"href":"https:\/\/medicaldiscounter.be\/fr\/wp-json\/wp\/v2\/product_brand?post=19443"},{"taxonomy":"product_cat","embeddable":true,"href":"https:\/\/medicaldiscounter.be\/fr\/wp-json\/wp\/v2\/product_cat?post=19443"},{"taxonomy":"product_tag","embeddable":true,"href":"https:\/\/medicaldiscounter.be\/fr\/wp-json\/wp\/v2\/product_tag?post=19443"}],"curies":[{"name":"wp","href":"https:\/\/api.w.org\/{rel}","templated":true}]}}