{"id":19448,"date":"2025-03-21T10:55:09","date_gmt":"2025-03-21T10:55:09","guid":{"rendered":"https:\/\/medicaldiscounter.be\/product\/3m-tegaderm-pad-bandage-transparent-avec-tampon-absorbant-3582e-5-cm-x-7-cm-50-pieces-boite\/"},"modified":"2026-02-12T09:36:51","modified_gmt":"2026-02-12T09:36:51","slug":"3m-tegaderm-pad-bandage-transparent-avec-tampon-absorbant-3582e-5-cm-x-7-cm-50-pieces-boite","status":"publish","type":"product","link":"https:\/\/medicaldiscounter.be\/fr\/produit\/3m-tegaderm-pad-bandage-transparent-avec-tampon-absorbant-3582e-5-cm-x-7-cm-50-pieces-boite\/","title":{"rendered":"3M\u2122 Tegaderm\u2122 +Pad Bandage transparent avec tampon absorbant, 3582E, 5 cm x 7 cm, 50 pi\u00e8ces\/bo\u00eete."},"content":{"rendered":"<p>D\u00e9couvrez l&#8217;avenir du soin des plaies avec le pansement transparent 3M\u2122 Tegaderm\u2122 +Pad avec tampon absorbant (3582). Ce pansement st\u00e9rile tout-en-un est con\u00e7u non seulement pour r\u00e9duire le temps d&#8217;application, mais aussi pour apporter confort et commodit\u00e9 au patient pendant le processus de cicatrisation. <\/p>\n<p><strong>Caract\u00e9ristiques principales :<\/strong><\/p>\n<ul>\n<li><strong>Conception pratique tout-en-un : <\/strong>simplifiez votre routine de soins des plaies gr\u00e2ce \u00e0 ce pansement st\u00e9rile, qui r\u00e9duit consid\u00e9rablement le temps d&#8217;application.<\/li>\n<li><strong>Barri\u00e8re imperm\u00e9able :<\/strong> protection imperm\u00e9able, permettant aux patients de se baigner ou de se doucher en toute tranquillit\u00e9 sans retirer le pansement.<\/li>\n<li><strong>Coussin unique non adh\u00e9sif :<\/strong> le coussin non adh\u00e9sif est sp\u00e9cialement con\u00e7u pour ne pas coller \u00e0 la plaie, ce qui permet aux processus normaux de cicatrisation de se d\u00e9rouler avec moins de douleur et de traumatisme.<\/li>\n<\/ul>\n<p>Ce pansement transparent 3M\u2122 Tegaderm\u2122 +Pad avec tampon absorbant offre non seulement un soin avanc\u00e9 des plaies, mais aussi une nouvelle dimension de commodit\u00e9 et de confort pour les soignants et les patients.<\/p>\n<p>Optimisez le soin de vos plaies avec le pansement transparent 3M\u2122 Tegaderm\u2122 +Pad (3582) pour une exp\u00e9rience de cicatrisation plus efficace.<\/p>\n","protected":false},"excerpt":{"rendered":"<p>D\u00e9couvrez l&#8217;avenir du soin des plaies avec le pansement transparent 3M\u2122 Tegaderm\u2122 +Pad avec tampon absorbant (3582). Ce pansement st\u00e9rile tout-en-un est con\u00e7u non seulement pour r\u00e9duire le temps d&#8217;application, mais aussi pour apporter confort et commodit\u00e9 au patient pendant le processus de cicatrisation. Caract\u00e9ristiques principales : Conception pratique tout-en-un : simplifiez votre routine de [&hellip;]<\/p>\n","protected":false},"featured_media":19144,"template":"","meta":[],"product_brand":[],"product_cat":[182],"product_tag":[],"class_list":{"0":"post-19448","1":"product","2":"type-product","3":"status-publish","4":"has-post-thumbnail","6":"product_cat-pansements-tegaderm","8":"first","9":"instock","10":"sale","11":"taxable","12":"shipping-taxable","13":"purchasable","14":"product-type-simple","15":"add-to-wishlist-after_add_to_cart"},"jetpack_sharing_enabled":true,"_links":{"self":[{"href":"https:\/\/medicaldiscounter.be\/fr\/wp-json\/wp\/v2\/product\/19448","targetHints":{"allow":["GET"]}}],"collection":[{"href":"https:\/\/medicaldiscounter.be\/fr\/wp-json\/wp\/v2\/product"}],"about":[{"href":"https:\/\/medicaldiscounter.be\/fr\/wp-json\/wp\/v2\/types\/product"}],"wp:featuredmedia":[{"embeddable":true,"href":"https:\/\/medicaldiscounter.be\/fr\/wp-json\/wp\/v2\/media\/19144"}],"wp:attachment":[{"href":"https:\/\/medicaldiscounter.be\/fr\/wp-json\/wp\/v2\/media?parent=19448"}],"wp:term":[{"taxonomy":"product_brand","embeddable":true,"href":"https:\/\/medicaldiscounter.be\/fr\/wp-json\/wp\/v2\/product_brand?post=19448"},{"taxonomy":"product_cat","embeddable":true,"href":"https:\/\/medicaldiscounter.be\/fr\/wp-json\/wp\/v2\/product_cat?post=19448"},{"taxonomy":"product_tag","embeddable":true,"href":"https:\/\/medicaldiscounter.be\/fr\/wp-json\/wp\/v2\/product_tag?post=19448"}],"curies":[{"name":"wp","href":"https:\/\/api.w.org\/{rel}","templated":true}]}}