{"id":19451,"date":"2025-03-21T10:55:09","date_gmt":"2025-03-21T10:55:09","guid":{"rendered":"https:\/\/medicaldiscounter.be\/product\/3m-tegaderm-pad-bandage-transparent-avec-tampon-absorbant-3591e-9-cm-x-25-cm-25-pieces-boite\/"},"modified":"2025-12-14T23:56:45","modified_gmt":"2025-12-14T23:56:45","slug":"3m-tegaderm-pad-bandage-transparent-avec-tampon-absorbant-3591e-9-cm-x-25-cm-25-pieces-boite","status":"publish","type":"product","link":"https:\/\/medicaldiscounter.be\/fr\/produit\/3m-tegaderm-pad-bandage-transparent-avec-tampon-absorbant-3591e-9-cm-x-25-cm-25-pieces-boite\/","title":{"rendered":"3M\u2122 Tegaderm\u2122 +Pad Bandage transparent avec tampon absorbant, 3591E, 9 cm x 25 cm, 25 pi\u00e8ces\/bo\u00eete."},"content":{"rendered":"<p>D\u00e9couvrez un soin des plaies innovant avec le pansement transparent 3M\u2122 Tegaderm\u2122 +Pad avec tampon absorbant (3591). Ce pansement st\u00e9rile tout-en-un constitue non seulement une solution permettant de gagner du temps, mais offre \u00e9galement une protection avanc\u00e9e pour un processus de cicatrisation confortable. <\/p>\n<p><strong>Caract\u00e9ristiques principales :<\/strong><\/p>\n<ul>\n<li><strong>Conception pratique tout-en-un :<\/strong> simplifiez le soin de vos plaies avec ce pansement st\u00e9rile, qui non seulement r\u00e9duit le temps d&#8217;application, mais assure \u00e9galement une application sans faille.<\/li>\n<li><strong>Barri\u00e8re imperm\u00e9able :<\/strong> b\u00e9n\u00e9ficiez d&#8217;une protection imperm\u00e9able fiable, permettant aux patients de se baigner ou de se doucher en toute tranquillit\u00e9 sans retirer le pansement.<\/li>\n<li><strong>Coussinet unique et non adh\u00e9sif :<\/strong> le coussinet sp\u00e9cial non adh\u00e9sif \u00e9vite de coller \u00e0 la plaie, ce qui permet aux processus normaux de cicatrisation de se d\u00e9rouler avec moins de douleur et de traumatisme.<\/li>\n<\/ul>\n<p>Optimisez le soin des plaies avec le pansement transparent 3M\u2122 Tegaderm\u2122 +Pad avec tampon absorbant (3591). Ce produit associe une technologie avanc\u00e9e \u00e0 une facilit\u00e9 d&#8217;utilisation pour une exp\u00e9rience de cicatrisation am\u00e9lior\u00e9e et confortable. <\/p>\n<p>Comptez sur l&#8217;expertise de 3M pour un traitement efficace et doux des plaies. Choisissez le bandage transparent 3M\u2122 Tegaderm\u2122 +Pad avec coussin absorbant (3591) pour un traitement fiable et efficace des plaies. <\/p>\n","protected":false},"excerpt":{"rendered":"<p>D\u00e9couvrez un soin des plaies innovant avec le pansement transparent 3M\u2122 Tegaderm\u2122 +Pad avec tampon absorbant (3591). Ce pansement st\u00e9rile tout-en-un constitue non seulement une solution permettant de gagner du temps, mais offre \u00e9galement une protection avanc\u00e9e pour un processus de cicatrisation confortable. Caract\u00e9ristiques principales : Conception pratique tout-en-un : simplifiez le soin de vos [&hellip;]<\/p>\n","protected":false},"featured_media":19150,"template":"","meta":[],"product_brand":[],"product_cat":[182],"product_tag":[],"class_list":{"0":"post-19451","1":"product","2":"type-product","3":"status-publish","4":"has-post-thumbnail","6":"product_cat-pansements-tegaderm","8":"first","9":"instock","10":"sale","11":"taxable","12":"shipping-taxable","13":"purchasable","14":"product-type-simple","15":"add-to-wishlist-after_add_to_cart"},"jetpack_sharing_enabled":true,"_links":{"self":[{"href":"https:\/\/medicaldiscounter.be\/fr\/wp-json\/wp\/v2\/product\/19451","targetHints":{"allow":["GET"]}}],"collection":[{"href":"https:\/\/medicaldiscounter.be\/fr\/wp-json\/wp\/v2\/product"}],"about":[{"href":"https:\/\/medicaldiscounter.be\/fr\/wp-json\/wp\/v2\/types\/product"}],"wp:featuredmedia":[{"embeddable":true,"href":"https:\/\/medicaldiscounter.be\/fr\/wp-json\/wp\/v2\/media\/19150"}],"wp:attachment":[{"href":"https:\/\/medicaldiscounter.be\/fr\/wp-json\/wp\/v2\/media?parent=19451"}],"wp:term":[{"taxonomy":"product_brand","embeddable":true,"href":"https:\/\/medicaldiscounter.be\/fr\/wp-json\/wp\/v2\/product_brand?post=19451"},{"taxonomy":"product_cat","embeddable":true,"href":"https:\/\/medicaldiscounter.be\/fr\/wp-json\/wp\/v2\/product_cat?post=19451"},{"taxonomy":"product_tag","embeddable":true,"href":"https:\/\/medicaldiscounter.be\/fr\/wp-json\/wp\/v2\/product_tag?post=19451"}],"curies":[{"name":"wp","href":"https:\/\/api.w.org\/{rel}","templated":true}]}}