{"id":19453,"date":"2025-03-21T10:55:09","date_gmt":"2025-03-21T10:55:09","guid":{"rendered":"https:\/\/medicaldiscounter.be\/product\/3m-tegaderm-film-transparent-en-rouleau-16002-5-cm-x-10-m-1-rouleau\/"},"modified":"2025-12-14T23:56:45","modified_gmt":"2025-12-14T23:56:45","slug":"3m-tegaderm-film-transparent-en-rouleau-16002-5-cm-x-10-m-1-rouleau","status":"publish","type":"product","link":"https:\/\/medicaldiscounter.be\/fr\/produit\/3m-tegaderm-film-transparent-en-rouleau-16002-5-cm-x-10-m-1-rouleau\/","title":{"rendered":"3M\u2122 Tegaderm\u2122 Film transparent en rouleau 16002, 5 cm x 10 m 1\/rouleau."},"content":{"rendered":"<p>D\u00e9couvrez la polyvalence et la protection de 3M\u2122 Tegaderm\u2122 Transparent Film on Roll 16002, une solution innovante con\u00e7ue pour un soin et une protection optimale des plaies.<\/p>\n<p><strong>Caract\u00e9ristiques et avantages :<\/strong><\/p>\n<ul>\n<li><strong>Barri\u00e8re imperm\u00e9able : <\/strong>B\u00e9n\u00e9ficiez d&#8217;une protection in\u00e9gal\u00e9e contre les contaminants externes, notamment les bact\u00e9ries, les virus, le sang et les fluides corporels. Des tests in vitro confirment que le film transparent constitue une barri\u00e8re efficace contre les virus d&#8217;un diam\u00e8tre de 27 nm ou plus. <\/li>\n<li><strong>Enti\u00e8rement personnalisable :<\/strong> Pouvant \u00eatre coup\u00e9 \u00e0 la longueur ou \u00e0 la forme souhait\u00e9e, ce rouleau offre une flexibilit\u00e9 ultime pour diverses applications. Vous pouvez ainsi adapter le pansement exactement aux besoins de chaque plaie. <\/li>\n<li><strong>Facile \u00e0 appliquer :<\/strong> Gr\u00e2ce \u00e0 ses caract\u00e9ristiques conviviales, le film transparent est facile \u00e0 appliquer, m\u00eame avec des gants. Simplifiez votre routine de soins des plaies sans compromettre la qualit\u00e9. <\/li>\n<li><strong>Technologie du film respirant :<\/strong> le film respirant permet \u00e0 l&#8217;oxyg\u00e8ne de p\u00e9n\u00e9trer et expulse la vapeur d&#8217;eau, cr\u00e9ant ainsi un environnement sain et propice \u00e0 la cicatrisation. Ceci est essentiel pour un processus de gu\u00e9rison rapide et efficace. <\/li>\n<li><strong>Applications polyvalentes :<\/strong> Que ce soit pour le soin des plaies, la protection des dispositifs m\u00e9dicaux ou d&#8217;autres applications, ce film transparent en rouleau est un choix polyvalent pour diverses situations.<\/li>\n<\/ul>\n<p>Optimisez votre protocole de soins des plaies avec le film transparent 3M\u2122 Tegaderm\u2122 en rouleau 16002. Gr\u00e2ce \u00e0 ses technologies avanc\u00e9es et \u00e0 son adaptabilit\u00e9, ce rouleau offre la solution id\u00e9ale pour un large \u00e9ventail d&#8217;applications m\u00e9dicales et infirmi\u00e8res. <\/p>\n<div><\/div>\n","protected":false},"excerpt":{"rendered":"<p>D\u00e9couvrez la polyvalence et la protection de 3M\u2122 Tegaderm\u2122 Transparent Film on Roll 16002, une solution innovante con\u00e7ue pour un soin et une protection optimale des plaies. Caract\u00e9ristiques et avantages : Barri\u00e8re imperm\u00e9able : B\u00e9n\u00e9ficiez d&#8217;une protection in\u00e9gal\u00e9e contre les contaminants externes, notamment les bact\u00e9ries, les virus, le sang et les fluides corporels. Des tests [&hellip;]<\/p>\n","protected":false},"featured_media":19152,"template":"","meta":[],"product_brand":[],"product_cat":[182],"product_tag":[],"class_list":{"0":"post-19453","1":"product","2":"type-product","3":"status-publish","4":"has-post-thumbnail","6":"product_cat-pansements-tegaderm","8":"first","9":"instock","10":"sale","11":"taxable","12":"shipping-taxable","13":"purchasable","14":"product-type-simple","15":"add-to-wishlist-after_add_to_cart"},"jetpack_sharing_enabled":true,"_links":{"self":[{"href":"https:\/\/medicaldiscounter.be\/fr\/wp-json\/wp\/v2\/product\/19453","targetHints":{"allow":["GET"]}}],"collection":[{"href":"https:\/\/medicaldiscounter.be\/fr\/wp-json\/wp\/v2\/product"}],"about":[{"href":"https:\/\/medicaldiscounter.be\/fr\/wp-json\/wp\/v2\/types\/product"}],"wp:featuredmedia":[{"embeddable":true,"href":"https:\/\/medicaldiscounter.be\/fr\/wp-json\/wp\/v2\/media\/19152"}],"wp:attachment":[{"href":"https:\/\/medicaldiscounter.be\/fr\/wp-json\/wp\/v2\/media?parent=19453"}],"wp:term":[{"taxonomy":"product_brand","embeddable":true,"href":"https:\/\/medicaldiscounter.be\/fr\/wp-json\/wp\/v2\/product_brand?post=19453"},{"taxonomy":"product_cat","embeddable":true,"href":"https:\/\/medicaldiscounter.be\/fr\/wp-json\/wp\/v2\/product_cat?post=19453"},{"taxonomy":"product_tag","embeddable":true,"href":"https:\/\/medicaldiscounter.be\/fr\/wp-json\/wp\/v2\/product_tag?post=19453"}],"curies":[{"name":"wp","href":"https:\/\/api.w.org\/{rel}","templated":true}]}}