{"id":19463,"date":"2025-03-21T10:55:08","date_gmt":"2025-03-21T10:55:08","guid":{"rendered":"https:\/\/medicaldiscounter.be\/product\/3m-steri-strip-systeme-de-fermeture-des-plaies-1541p-12-6-mm-x-75-mm-12-pieces-paquets\/"},"modified":"2025-12-14T23:56:36","modified_gmt":"2025-12-14T23:56:36","slug":"3m-steri-strip-systeme-de-fermeture-des-plaies-1541p-12-6-mm-x-75-mm-12-pieces-paquets","status":"publish","type":"product","link":"https:\/\/medicaldiscounter.be\/fr\/produit\/3m-steri-strip-systeme-de-fermeture-des-plaies-1541p-12-6-mm-x-75-mm-12-pieces-paquets\/","title":{"rendered":"3M\u2122 Steri-Strip\u2122 syst\u00e8me de fermeture des plaies, 1541P-12, 6 mm x 75 mm, 12 pi\u00e8ces\/paquets."},"content":{"rendered":"<p>D\u00e9couvrez la puissance fiable des fermetures de plaies 3M\u2122 Steri-Strip\u2122, un syst\u00e8me pionnier de fermeture des plaies qui excelle en termes de rapidit\u00e9 et d&#8217;efficacit\u00e9. Ces bandes renforc\u00e9es sont con\u00e7ues pour \u00eatre microporeuses, permettant \u00e0 la peau de respirer tout en assurant une fermeture ferme de la plaie. <\/p>\n<p><strong>Caract\u00e9ristiques et avantages :<\/strong><\/p>\n<ul>\n<li><strong>Original et fiable :<\/strong> Steri-Strip\u2122 est connu comme le pionnier des syst\u00e8mes de fermeture des plaies, avec une efficacit\u00e9 prouv\u00e9e.<\/li>\n<li><strong>Couche dorsale microporeuse :<\/strong> permet \u00e0 la peau de respirer, cr\u00e9ant ainsi un environnement optimal pour la cicatrisation.<\/li>\n<li><strong>Fibres entrelac\u00e9es : <\/strong>pour une r\u00e9sistance et un soutien accrus, permettant \u00e0 la plaie de se r\u00e9tablir naturellement.<\/li>\n<li><strong>Adh\u00e9sif hypoallerg\u00e9nique : <\/strong>s\u00fbr et confortable pour tous les types de peau, il minimise le risque de r\u00e9actions allergiques.<\/li>\n<li><strong>Rapide et facile :<\/strong> gr\u00e2ce \u00e0 leur facilit\u00e9 d&#8217;application, ces bandes sont id\u00e9ales pour les situations o\u00f9 le temps est compt\u00e9.<\/li>\n<\/ul>\n<p>Ressentez la s\u00e9curit\u00e9 rassurante d&#8217;un syst\u00e8me de fermeture de plaie fiable. Le 3M\u2122 Steri-Strip\u2122, con\u00e7u pour l&#8217;efficacit\u00e9, le confort et la rapidit\u00e9 dans chaque application. Acc\u00e9l\u00e9rez le processus de cicatrisation et minimisez l&#8217;inconfort gr\u00e2ce \u00e0 la puissance du Steri-Strip\u2122. Commandez d\u00e8s aujourd&#8217;hui pour une qualit\u00e9 en laquelle vous pouvez avoir confiance.   <\/p>\n","protected":false},"excerpt":{"rendered":"<p>D\u00e9couvrez la puissance fiable des fermetures de plaies 3M\u2122 Steri-Strip\u2122, un syst\u00e8me pionnier de fermeture des plaies qui excelle en termes de rapidit\u00e9 et d&#8217;efficacit\u00e9. Ces bandes renforc\u00e9es sont con\u00e7ues pour \u00eatre microporeuses, permettant \u00e0 la peau de respirer tout en assurant une fermeture ferme de la plaie. Caract\u00e9ristiques et avantages : Original et fiable [&hellip;]<\/p>\n","protected":false},"featured_media":19124,"template":"","meta":[],"product_brand":[],"product_cat":[180],"product_tag":[],"class_list":{"0":"post-19463","1":"product","2":"type-product","3":"status-publish","4":"has-post-thumbnail","6":"product_cat-pansements-adhesifs-3m-steri-strip","8":"first","9":"instock","10":"taxable","11":"shipping-taxable","12":"purchasable","13":"product-type-simple","14":"add-to-wishlist-after_add_to_cart"},"jetpack_sharing_enabled":true,"_links":{"self":[{"href":"https:\/\/medicaldiscounter.be\/fr\/wp-json\/wp\/v2\/product\/19463","targetHints":{"allow":["GET"]}}],"collection":[{"href":"https:\/\/medicaldiscounter.be\/fr\/wp-json\/wp\/v2\/product"}],"about":[{"href":"https:\/\/medicaldiscounter.be\/fr\/wp-json\/wp\/v2\/types\/product"}],"wp:featuredmedia":[{"embeddable":true,"href":"https:\/\/medicaldiscounter.be\/fr\/wp-json\/wp\/v2\/media\/19124"}],"wp:attachment":[{"href":"https:\/\/medicaldiscounter.be\/fr\/wp-json\/wp\/v2\/media?parent=19463"}],"wp:term":[{"taxonomy":"product_brand","embeddable":true,"href":"https:\/\/medicaldiscounter.be\/fr\/wp-json\/wp\/v2\/product_brand?post=19463"},{"taxonomy":"product_cat","embeddable":true,"href":"https:\/\/medicaldiscounter.be\/fr\/wp-json\/wp\/v2\/product_cat?post=19463"},{"taxonomy":"product_tag","embeddable":true,"href":"https:\/\/medicaldiscounter.be\/fr\/wp-json\/wp\/v2\/product_tag?post=19463"}],"curies":[{"name":"wp","href":"https:\/\/api.w.org\/{rel}","templated":true}]}}