{"id":19465,"date":"2025-03-21T10:55:09","date_gmt":"2025-03-21T10:55:09","guid":{"rendered":"https:\/\/medicaldiscounter.be\/product\/3m-tegaderm-pansement-en-film-transparent-avec-cadre-dapplication-1626w-10-cm-x-12-cm-50-boite\/"},"modified":"2026-02-12T09:36:51","modified_gmt":"2026-02-12T09:36:51","slug":"3m-tegaderm-pansement-en-film-transparent-avec-cadre-dapplication-1626w-10-cm-x-12-cm-50-boite","status":"publish","type":"product","link":"https:\/\/medicaldiscounter.be\/fr\/produit\/3m-tegaderm-pansement-en-film-transparent-avec-cadre-dapplication-1626w-10-cm-x-12-cm-50-boite\/","title":{"rendered":"3M\u2122 Tegaderm\u2122 Pansement en film transparent avec cadre d&#8217;application, 1626W, 10 cm x 12 cm 50\/bo\u00eete."},"content":{"rendered":"<p>D\u00e9couvrez la polyvalence du pansement 3M\u2122 Tegaderm\u2122 Transparent Film Dressing avec cadre d&#8217;application, d\u00e9sormais disponible dans une bo\u00eete pratique de 50 pi\u00e8ces, chacune mesurant 10 cm x 12 cm.<\/p>\n<p><strong>Caract\u00e9ristiques principales :<\/strong><\/p>\n<ul>\n<li><strong>Barri\u00e8re \u00e9tanche et st\u00e9rile : <\/strong>B\u00e9n\u00e9ficiez d&#8217;une protection maximale du site d&#8217;insertion de l&#8217;intraveineuse ou de la plaie gr\u00e2ce \u00e0 la barri\u00e8re \u00e9tanche et st\u00e9rile. Des tests in vitro ont montr\u00e9 que le film transparent constitue une barri\u00e8re virale efficace contre les virus d&#8217;un diam\u00e8tre de 27 nm ou plus, tant que le pansement reste intact. <\/li>\n<li><strong>Technologie du film respirant :<\/strong> le film respirant int\u00e9gr\u00e9 permet \u00e0 l&#8217;oxyg\u00e8ne de p\u00e9n\u00e9trer et expulse la vapeur d&#8217;eau, cr\u00e9ant ainsi un environnement de gu\u00e9rison optimal. Cette caract\u00e9ristique contribue au confort lors d&#8217;un port prolong\u00e9. <\/li>\n<li><strong>Cadre d&#8217;application pour un positionnement pr\u00e9cis :<\/strong> le cadre d&#8217;application assure un positionnement pr\u00e9cis et facile, ce qui r\u00e9duit le risque que le pansement colle aux gants ou \u00e0 lui-m\u00eame. Cette conception innovante rend l&#8217;application des pansements efficace et conviviale. <\/li>\n<\/ul>\n<p>Ajoutez le pansement 3M\u2122 Tegaderm\u2122 Transparent Film Dressing with Application Frame, 1626W, \u00e0 vos fournitures m\u00e9dicales et faites l&#8217;exp\u00e9rience d&#8217;un soin des plaies de premi\u00e8re classe. Cette bo\u00eete de 50 pi\u00e8ces offre une solution rentable pour les h\u00f4pitaux, les cliniques et les environnements de soins \u00e0 domicile. <\/p>\n<p>Optimisez votre protocole de soins des plaies avec la fiabilit\u00e9 de 3M\u2122 Tegaderm\u2122 &#8211; un nom synonyme de qualit\u00e9 et d&#8217;innovation.<\/p>\n","protected":false},"excerpt":{"rendered":"<p>D\u00e9couvrez la polyvalence du pansement 3M\u2122 Tegaderm\u2122 Transparent Film Dressing avec cadre d&#8217;application, d\u00e9sormais disponible dans une bo\u00eete pratique de 50 pi\u00e8ces, chacune mesurant 10 cm x 12 cm. Caract\u00e9ristiques principales : Barri\u00e8re \u00e9tanche et st\u00e9rile : B\u00e9n\u00e9ficiez d&#8217;une protection maximale du site d&#8217;insertion de l&#8217;intraveineuse ou de la plaie gr\u00e2ce \u00e0 la barri\u00e8re \u00e9tanche [&hellip;]<\/p>\n","protected":false},"featured_media":19164,"template":"","meta":[],"product_brand":[],"product_cat":[182],"product_tag":[],"class_list":{"0":"post-19465","1":"product","2":"type-product","3":"status-publish","4":"has-post-thumbnail","6":"product_cat-pansements-tegaderm","8":"first","9":"instock","10":"sale","11":"taxable","12":"shipping-taxable","13":"purchasable","14":"product-type-simple","15":"add-to-wishlist-after_add_to_cart"},"jetpack_sharing_enabled":true,"_links":{"self":[{"href":"https:\/\/medicaldiscounter.be\/fr\/wp-json\/wp\/v2\/product\/19465","targetHints":{"allow":["GET"]}}],"collection":[{"href":"https:\/\/medicaldiscounter.be\/fr\/wp-json\/wp\/v2\/product"}],"about":[{"href":"https:\/\/medicaldiscounter.be\/fr\/wp-json\/wp\/v2\/types\/product"}],"wp:featuredmedia":[{"embeddable":true,"href":"https:\/\/medicaldiscounter.be\/fr\/wp-json\/wp\/v2\/media\/19164"}],"wp:attachment":[{"href":"https:\/\/medicaldiscounter.be\/fr\/wp-json\/wp\/v2\/media?parent=19465"}],"wp:term":[{"taxonomy":"product_brand","embeddable":true,"href":"https:\/\/medicaldiscounter.be\/fr\/wp-json\/wp\/v2\/product_brand?post=19465"},{"taxonomy":"product_cat","embeddable":true,"href":"https:\/\/medicaldiscounter.be\/fr\/wp-json\/wp\/v2\/product_cat?post=19465"},{"taxonomy":"product_tag","embeddable":true,"href":"https:\/\/medicaldiscounter.be\/fr\/wp-json\/wp\/v2\/product_tag?post=19465"}],"curies":[{"name":"wp","href":"https:\/\/api.w.org\/{rel}","templated":true}]}}