{"id":19467,"date":"2025-03-21T10:55:30","date_gmt":"2025-03-21T10:55:30","guid":{"rendered":"https:\/\/medicaldiscounter.be\/product\/3m-transpore-medical-adhesive-plaster-1527-0-125-cm-x-91-m-24-pieces-boite\/"},"modified":"2025-12-11T13:47:47","modified_gmt":"2025-12-11T13:47:47","slug":"3m-transpore-medical-adhesive-plaster-1527-0-125-cm-x-91-m-24-pieces-boite","status":"publish","type":"product","link":"https:\/\/medicaldiscounter.be\/fr\/produit\/3m-transpore-medical-adhesive-plaster-1527-0-125-cm-x-91-m-24-pieces-boite\/","title":{"rendered":"3M\u2122 Transpore\u2122 Medical Adhesive Plaster, 1527-0, 1,25 cm x 9,1 m, 24 pi\u00e8ces\/bo\u00eete."},"content":{"rendered":"<p>D\u00e9couvrez la polyvalence et la fiabilit\u00e9 du pl\u00e2tre adh\u00e9sif m\u00e9dical 3M\u2122 Transpore\u2122, d\u00e9sormais disponible dans une bo\u00eete pratique de 24 pi\u00e8ces, chacune mesurant 1,25 cm x 9,1 m.<\/p>\n<p><strong>Caract\u00e9ristiques principales :<\/strong><\/p>\n<ul>\n<li><strong>Translucide et facile \u00e0 d\u00e9couper :<\/strong> le pl\u00e2tre Transpore\u2122 est translucide, laissant le site de fixation clairement visible. Pouvant \u00eatre facilement coup\u00e9 dans les deux sens, il offre une polyvalence ultime pour diverses applications. <\/li>\n<li><strong>Fixation s\u00e9curis\u00e9e du mat\u00e9riel : <\/strong>Gr\u00e2ce \u00e0 son adh\u00e9sivit\u00e9, sa r\u00e9sistance et son \u00e9lasticit\u00e9 originales, ce sparadrap garantit une fixation s\u00e9curis\u00e9e du mat\u00e9riel m\u00e9dical. Qu&#8217;il s&#8217;agisse de pansements, de tubes ou d&#8217;autres dispositifs m\u00e9dicaux, vous pouvez compter sur la fiabilit\u00e9 de 3M\u2122 Transpore\u2122. <\/li>\n<li><strong>R\u00e9sistant \u00e0 l&#8217;humidit\u00e9 et respirant :<\/strong> le pl\u00e2tre est r\u00e9sistant \u00e0 l&#8217;humidit\u00e9 et prot\u00e8ge efficacement le mat\u00e9riel m\u00e9dical. En m\u00eame temps, il est perm\u00e9able \u00e0 la vapeur d&#8217;eau et permet \u00e0 la peau de respirer, ce qui le rend confortable pour une utilisation \u00e0 long terme. <\/li>\n<\/ul>\n<p>Ajoutez le pl\u00e2tre adh\u00e9sif m\u00e9dical 3M\u2122 Transpore\u2122, 1527-0, \u00e0 vos fournitures m\u00e9dicales et b\u00e9n\u00e9ficiez de performances et d&#8217;une fiabilit\u00e9 sup\u00e9rieures. Cette bo\u00eete de 24 pi\u00e8ces offre une solution rentable pour les h\u00f4pitaux, les cliniques et les environnements de soins \u00e0 domicile. <\/p>\n<p>Optimisez vos fournitures m\u00e9dicales avec la coh\u00e9rence et la qualit\u00e9 de 3M\u2122 Transpore\u2122 &#8211; un nom synonyme de fournitures m\u00e9dicales de pointe.<\/p>\n","protected":false},"excerpt":{"rendered":"<p>D\u00e9couvrez la polyvalence et la fiabilit\u00e9 du pl\u00e2tre adh\u00e9sif m\u00e9dical 3M\u2122 Transpore\u2122, d\u00e9sormais disponible dans une bo\u00eete pratique de 24 pi\u00e8ces, chacune mesurant 1,25 cm x 9,1 m. Caract\u00e9ristiques principales : Translucide et facile \u00e0 d\u00e9couper : le pl\u00e2tre Transpore\u2122 est translucide, laissant le site de fixation clairement visible. Pouvant \u00eatre facilement coup\u00e9 dans les [&hellip;]<\/p>\n","protected":false},"featured_media":19168,"template":"","meta":[],"product_brand":[],"product_cat":[185],"product_tag":[],"class_list":{"0":"post-19467","1":"product","2":"type-product","3":"status-publish","4":"has-post-thumbnail","6":"product_cat-pansements-adhesifs-3m-transpore","8":"first","9":"instock","10":"sale","11":"taxable","12":"shipping-taxable","13":"purchasable","14":"product-type-simple","15":"add-to-wishlist-after_add_to_cart"},"jetpack_sharing_enabled":true,"_links":{"self":[{"href":"https:\/\/medicaldiscounter.be\/fr\/wp-json\/wp\/v2\/product\/19467","targetHints":{"allow":["GET"]}}],"collection":[{"href":"https:\/\/medicaldiscounter.be\/fr\/wp-json\/wp\/v2\/product"}],"about":[{"href":"https:\/\/medicaldiscounter.be\/fr\/wp-json\/wp\/v2\/types\/product"}],"wp:featuredmedia":[{"embeddable":true,"href":"https:\/\/medicaldiscounter.be\/fr\/wp-json\/wp\/v2\/media\/19168"}],"wp:attachment":[{"href":"https:\/\/medicaldiscounter.be\/fr\/wp-json\/wp\/v2\/media?parent=19467"}],"wp:term":[{"taxonomy":"product_brand","embeddable":true,"href":"https:\/\/medicaldiscounter.be\/fr\/wp-json\/wp\/v2\/product_brand?post=19467"},{"taxonomy":"product_cat","embeddable":true,"href":"https:\/\/medicaldiscounter.be\/fr\/wp-json\/wp\/v2\/product_cat?post=19467"},{"taxonomy":"product_tag","embeddable":true,"href":"https:\/\/medicaldiscounter.be\/fr\/wp-json\/wp\/v2\/product_tag?post=19467"}],"curies":[{"name":"wp","href":"https:\/\/api.w.org\/{rel}","templated":true}]}}