{"id":19513,"date":"2025-03-21T11:00:27","date_gmt":"2025-03-21T11:00:27","guid":{"rendered":"https:\/\/medicaldiscounter.be\/product\/nexcare-coldhot-therapy-pack-mini-n1573dab-1-par-paquet\/"},"modified":"2025-12-11T13:48:56","modified_gmt":"2025-12-11T13:48:56","slug":"nexcare-coldhot-therapy-pack-mini-n1573dab-1-par-paquet","status":"publish","type":"product","link":"https:\/\/medicaldiscounter.be\/fr\/produit\/nexcare-coldhot-therapy-pack-mini-n1573dab-1-par-paquet\/","title":{"rendered":"Nexcare\u2122 ColdHot Therapy Pack Mini N1573DAB, 1 par paquet"},"content":{"rendered":"<p><strong>Nexcare\u2122 ColdHot Therapy Pack Mini N1573DAB &#8211; Soulagement naturel de la douleur sans m\u00e9dicaments<\/strong><\/p>\n<p>D\u00e9couvrez la puissance d&#8217;une th\u00e9rapie naturelle avec le Nexcare\u2122 ColdHot Therapy Pack Mini. Con\u00e7u pour soulager efficacement la douleur sans utiliser de m\u00e9dicaments, ce produit innovant offre confort et commodit\u00e9 dans un seul pack compact. <\/p>\n<p><strong>Caract\u00e9ristiques principales :<\/strong><\/p>\n<ul>\n<li><strong>Th\u00e9rapie naturelle :<\/strong> Dites adieu aux m\u00e9dicaments et adoptez un soulagement naturel de la douleur. Le Nexcare\u2122 ColdHot Therapy Pack Mini utilise la th\u00e9rapie par le froid pour r\u00e9duire le gonflement, l&#8217;inflammation et la douleur. <\/li>\n<li><strong>Compact et portable :<\/strong> Avec une unit\u00e9 par paquet, ce mini-pack th\u00e9rapeutique est facilement transportable. Mettez-le dans votre sac ou gardez-le dans votre trousse de secours pour un soulagement instantan\u00e9 de la douleur en d\u00e9placement. <\/li>\n<li><strong>Utilisation polyvalente :<\/strong> que vous souffriez d&#8217;une blessure sportive, d&#8217;une douleur musculaire ou que vous ayez simplement besoin de vous rafra\u00eechir, ce pack th\u00e9rapeutique convient \u00e0 une grande vari\u00e9t\u00e9 d&#8217;utilisations.<\/li>\n<li><strong>Soulagement rapide :<\/strong> il est cliniquement prouv\u00e9 que la th\u00e9rapie par le froid r\u00e9duit rapidement et efficacement le gonflement, l&#8217;inflammation et la douleur. Offrez \u00e0 votre corps le soulagement qu&#8217;il m\u00e9rite. <\/li>\n<li><strong>Facile \u00e0 utiliser : <\/strong>pas de tracas avec des applications compliqu\u00e9es. Le Nexcare\u2122 ColdHot Therapy Pack Mini est facile \u00e0 activer et pr\u00eat \u00e0 \u00eatre utilis\u00e9 lorsque vous en avez besoin. <\/li>\n<\/ul>\n<p>D\u00e9couvrez le pouvoir curatif naturel de la th\u00e9rapie par le froid avec le Nexcare\u2122 ColdHot Therapy Pack Mini. Commandez d\u00e8s aujourd&#8217;hui et offrez \u00e0 votre corps les soins et le soulagement qu&#8217;il m\u00e9rite, sans m\u00e9dicaments. <\/p>\n","protected":false},"excerpt":{"rendered":"<p>Nexcare\u2122 ColdHot Therapy Pack Mini N1573DAB &#8211; Soulagement naturel de la douleur sans m\u00e9dicaments D\u00e9couvrez la puissance d&#8217;une th\u00e9rapie naturelle avec le Nexcare\u2122 ColdHot Therapy Pack Mini. Con\u00e7u pour soulager efficacement la douleur sans utiliser de m\u00e9dicaments, ce produit innovant offre confort et commodit\u00e9 dans un seul pack compact. Caract\u00e9ristiques principales : Th\u00e9rapie naturelle : [&hellip;]<\/p>\n","protected":false},"featured_media":19256,"template":"","meta":[],"product_brand":[],"product_cat":[187],"product_tag":[],"class_list":{"0":"post-19513","1":"product","2":"type-product","3":"status-publish","4":"has-post-thumbnail","6":"product_cat-packs-froids-chauds","8":"first","9":"instock","10":"sale","11":"taxable","12":"shipping-taxable","13":"purchasable","14":"product-type-simple","15":"add-to-wishlist-after_add_to_cart"},"jetpack_sharing_enabled":true,"_links":{"self":[{"href":"https:\/\/medicaldiscounter.be\/fr\/wp-json\/wp\/v2\/product\/19513","targetHints":{"allow":["GET"]}}],"collection":[{"href":"https:\/\/medicaldiscounter.be\/fr\/wp-json\/wp\/v2\/product"}],"about":[{"href":"https:\/\/medicaldiscounter.be\/fr\/wp-json\/wp\/v2\/types\/product"}],"wp:featuredmedia":[{"embeddable":true,"href":"https:\/\/medicaldiscounter.be\/fr\/wp-json\/wp\/v2\/media\/19256"}],"wp:attachment":[{"href":"https:\/\/medicaldiscounter.be\/fr\/wp-json\/wp\/v2\/media?parent=19513"}],"wp:term":[{"taxonomy":"product_brand","embeddable":true,"href":"https:\/\/medicaldiscounter.be\/fr\/wp-json\/wp\/v2\/product_brand?post=19513"},{"taxonomy":"product_cat","embeddable":true,"href":"https:\/\/medicaldiscounter.be\/fr\/wp-json\/wp\/v2\/product_cat?post=19513"},{"taxonomy":"product_tag","embeddable":true,"href":"https:\/\/medicaldiscounter.be\/fr\/wp-json\/wp\/v2\/product_tag?post=19513"}],"curies":[{"name":"wp","href":"https:\/\/api.w.org\/{rel}","templated":true}]}}