{"id":19517,"date":"2025-03-21T11:00:30","date_gmt":"2025-03-21T11:00:30","guid":{"rendered":"https:\/\/medicaldiscounter.be\/product\/opsite-iv3000-infusion-foil-4008-10-x-12-cm-sterile-50-pieces-transparent-medical-bandage\/"},"modified":"2025-12-11T13:48:57","modified_gmt":"2025-12-11T13:48:57","slug":"opsite-iv3000-infusion-foil-4008-10-x-12-cm-sterile-50-pieces-transparent-medical-bandage","status":"publish","type":"product","link":"https:\/\/medicaldiscounter.be\/fr\/produit\/opsite-iv3000-infusion-foil-4008-10-x-12-cm-sterile-50-pieces-transparent-medical-bandage\/","title":{"rendered":"Opsite IV3000 Infusion Foil 4008 | 10 x 12 cm Sterile \/50 Pieces Transparent Medical Bandage"},"content":{"rendered":"<p>Opsite IV3000 Infusion Foil 4008 est un pansement m\u00e9dical transparent et st\u00e9rile de 10 x 12 cm sp\u00e9cialement con\u00e7u pour la protection des sites de perfusion et de cath\u00e9ter. Ce film de haute qualit\u00e9 constitue une barri\u00e8re \u00e9tanche contre les agents pathog\u00e8nes et l&#8217;humidit\u00e9, tout en permettant \u00e0 la peau de respirer. Le produit est facile \u00e0 appliquer et garantit que la zone de la plaie reste visible pour la surveillance, sans irriter la peau. Il offre une protection optimale et r\u00e9duit le risque d&#8217;infection, ce qui le rend id\u00e9al pour une utilisation \u00e0 long terme.   <\/p>\n","protected":false},"excerpt":{"rendered":"<p>Opsite IV3000 Infusion Foil 4008 est un pansement m\u00e9dical transparent et st\u00e9rile de 10 x 12 cm sp\u00e9cialement con\u00e7u pour la protection des sites de perfusion et de cath\u00e9ter. Ce film de haute qualit\u00e9 constitue une barri\u00e8re \u00e9tanche contre les agents pathog\u00e8nes et l&#8217;humidit\u00e9, tout en permettant \u00e0 la peau de respirer. Le produit est [&hellip;]<\/p>\n","protected":false},"featured_media":19258,"template":"","meta":[],"product_brand":[],"product_cat":[162],"product_tag":[],"class_list":{"0":"post-19517","1":"product","2":"type-product","3":"status-publish","4":"has-post-thumbnail","6":"product_cat-non-categorise","8":"first","9":"outofstock","10":"taxable","11":"shipping-taxable","12":"purchasable","13":"product-type-simple","14":"add-to-wishlist-after_add_to_cart"},"jetpack_sharing_enabled":true,"_links":{"self":[{"href":"https:\/\/medicaldiscounter.be\/fr\/wp-json\/wp\/v2\/product\/19517","targetHints":{"allow":["GET"]}}],"collection":[{"href":"https:\/\/medicaldiscounter.be\/fr\/wp-json\/wp\/v2\/product"}],"about":[{"href":"https:\/\/medicaldiscounter.be\/fr\/wp-json\/wp\/v2\/types\/product"}],"wp:featuredmedia":[{"embeddable":true,"href":"https:\/\/medicaldiscounter.be\/fr\/wp-json\/wp\/v2\/media\/19258"}],"wp:attachment":[{"href":"https:\/\/medicaldiscounter.be\/fr\/wp-json\/wp\/v2\/media?parent=19517"}],"wp:term":[{"taxonomy":"product_brand","embeddable":true,"href":"https:\/\/medicaldiscounter.be\/fr\/wp-json\/wp\/v2\/product_brand?post=19517"},{"taxonomy":"product_cat","embeddable":true,"href":"https:\/\/medicaldiscounter.be\/fr\/wp-json\/wp\/v2\/product_cat?post=19517"},{"taxonomy":"product_tag","embeddable":true,"href":"https:\/\/medicaldiscounter.be\/fr\/wp-json\/wp\/v2\/product_tag?post=19517"}],"curies":[{"name":"wp","href":"https:\/\/api.w.org\/{rel}","templated":true}]}}