{"id":19521,"date":"2025-03-21T11:00:16","date_gmt":"2025-03-21T11:00:16","guid":{"rendered":"https:\/\/medicaldiscounter.be\/product\/m-kerramax-care-prd500-100-13-5-x-15-5-cm-pansement-superabsorbant-10-pieces\/"},"modified":"2025-12-11T13:48:55","modified_gmt":"2025-12-11T13:48:55","slug":"m-kerramax-care-prd500-100-13-5-x-15-5-cm-pansement-superabsorbant-10-pieces","status":"publish","type":"product","link":"https:\/\/medicaldiscounter.be\/fr\/produit\/m-kerramax-care-prd500-100-13-5-x-15-5-cm-pansement-superabsorbant-10-pieces\/","title":{"rendered":"M\u2122 Kerramax\u2122 Care PRD500-100 | 13.5 x 15.5 cm Pansement superabsorbant \/10 Pi\u00e8ces"},"content":{"rendered":"<p>3M\u2122 Kerramax\u2122 Care PRD500-100 est un pansement super absorbant de 13,5 x 15,5 cm con\u00e7u pour le traitement des plaies mod\u00e9r\u00e9ment \u00e0 fortement exsudatives. Le pansement est dot\u00e9 d&#8217;un noyau avanc\u00e9 qui absorbe et retient rapidement l&#8217;humidit\u00e9, r\u00e9duisant ainsi le risque de mac\u00e9ration de la peau environnante. Cela garantit un contr\u00f4le efficace de l&#8217;humidit\u00e9 et prolonge la dur\u00e9e de port. Le mat\u00e9riau doux et respirant augmente le confort et r\u00e9duit le risque de fuite, contribuant ainsi \u00e0 une meilleure cicatrisation de la plaie.   <\/p>\n","protected":false},"excerpt":{"rendered":"<p>3M\u2122 Kerramax\u2122 Care PRD500-100 est un pansement super absorbant de 13,5 x 15,5 cm con\u00e7u pour le traitement des plaies mod\u00e9r\u00e9ment \u00e0 fortement exsudatives. Le pansement est dot\u00e9 d&#8217;un noyau avanc\u00e9 qui absorbe et retient rapidement l&#8217;humidit\u00e9, r\u00e9duisant ainsi le risque de mac\u00e9ration de la peau environnante. Cela garantit un contr\u00f4le efficace de l&#8217;humidit\u00e9 et [&hellip;]<\/p>\n","protected":false},"featured_media":19252,"template":"","meta":[],"product_brand":[],"product_cat":[174],"product_tag":[],"class_list":{"0":"post-19521","1":"product","2":"type-product","3":"status-publish","4":"has-post-thumbnail","6":"product_cat-liens","8":"first","9":"instock","10":"taxable","11":"shipping-taxable","12":"purchasable","13":"product-type-simple","14":"add-to-wishlist-after_add_to_cart"},"jetpack_sharing_enabled":true,"_links":{"self":[{"href":"https:\/\/medicaldiscounter.be\/fr\/wp-json\/wp\/v2\/product\/19521","targetHints":{"allow":["GET"]}}],"collection":[{"href":"https:\/\/medicaldiscounter.be\/fr\/wp-json\/wp\/v2\/product"}],"about":[{"href":"https:\/\/medicaldiscounter.be\/fr\/wp-json\/wp\/v2\/types\/product"}],"wp:featuredmedia":[{"embeddable":true,"href":"https:\/\/medicaldiscounter.be\/fr\/wp-json\/wp\/v2\/media\/19252"}],"wp:attachment":[{"href":"https:\/\/medicaldiscounter.be\/fr\/wp-json\/wp\/v2\/media?parent=19521"}],"wp:term":[{"taxonomy":"product_brand","embeddable":true,"href":"https:\/\/medicaldiscounter.be\/fr\/wp-json\/wp\/v2\/product_brand?post=19521"},{"taxonomy":"product_cat","embeddable":true,"href":"https:\/\/medicaldiscounter.be\/fr\/wp-json\/wp\/v2\/product_cat?post=19521"},{"taxonomy":"product_tag","embeddable":true,"href":"https:\/\/medicaldiscounter.be\/fr\/wp-json\/wp\/v2\/product_tag?post=19521"}],"curies":[{"name":"wp","href":"https:\/\/api.w.org\/{rel}","templated":true}]}}