{"id":19526,"date":"2025-03-21T10:59:49","date_gmt":"2025-03-21T10:59:49","guid":{"rendered":"https:\/\/medicaldiscounter.be\/product\/pansement-a-lalginate-kaltostat-5x5-cm-10-pieces-168210-efficace-pour-la-cicatrisation-des-plaies-humides\/"},"modified":"2025-12-11T13:48:56","modified_gmt":"2025-12-11T13:48:56","slug":"pansement-a-lalginate-kaltostat-5x5-cm-10-pieces-168210-efficace-pour-la-cicatrisation-des-plaies-humides","status":"publish","type":"product","link":"https:\/\/medicaldiscounter.be\/fr\/produit\/pansement-a-lalginate-kaltostat-5x5-cm-10-pieces-168210-efficace-pour-la-cicatrisation-des-plaies-humides\/","title":{"rendered":"Pansement \u00e0 l&#8217;alginate Kaltostat 5&#215;5 cm &#8211; 10 pi\u00e8ces (168210) \/ Efficace pour la cicatrisation des plaies humides"},"content":{"rendered":"<p>Le <strong>pansement \u00e0 l&#8217;alginate Kaltostat de<\/strong> <strong>5&#215;5 cm<\/strong> est sp\u00e9cialement con\u00e7u pour absorber efficacement l&#8217;humidit\u00e9, ce qui est id\u00e9al pour les plaies exsudatives. L&#8217;alginate contenu dans le pansement forme un gel qui favorise un environnement humide de la plaie, ce qui acc\u00e9l\u00e8re la cicatrisation et aide \u00e0 pr\u00e9venir les infections. Chaque paquet contient <strong>10 pi\u00e8ces<\/strong>, parfaites pour une utilisation \u00e0 long terme dans le soin des plaies.  <\/p>\n","protected":false},"excerpt":{"rendered":"<p>Le pansement \u00e0 l&#8217;alginate Kaltostat de 5&#215;5 cm est sp\u00e9cialement con\u00e7u pour absorber efficacement l&#8217;humidit\u00e9, ce qui est id\u00e9al pour les plaies exsudatives. L&#8217;alginate contenu dans le pansement forme un gel qui favorise un environnement humide de la plaie, ce qui acc\u00e9l\u00e8re la cicatrisation et aide \u00e0 pr\u00e9venir les infections. Chaque paquet contient 10 pi\u00e8ces, [&hellip;]<\/p>\n","protected":false},"featured_media":19244,"template":"","meta":[],"product_brand":[],"product_cat":[174],"product_tag":[],"class_list":{"0":"post-19526","1":"product","2":"type-product","3":"status-publish","4":"has-post-thumbnail","6":"product_cat-liens","8":"first","9":"instock","10":"taxable","11":"shipping-taxable","12":"purchasable","13":"product-type-simple","14":"add-to-wishlist-after_add_to_cart"},"jetpack_sharing_enabled":true,"_links":{"self":[{"href":"https:\/\/medicaldiscounter.be\/fr\/wp-json\/wp\/v2\/product\/19526","targetHints":{"allow":["GET"]}}],"collection":[{"href":"https:\/\/medicaldiscounter.be\/fr\/wp-json\/wp\/v2\/product"}],"about":[{"href":"https:\/\/medicaldiscounter.be\/fr\/wp-json\/wp\/v2\/types\/product"}],"wp:featuredmedia":[{"embeddable":true,"href":"https:\/\/medicaldiscounter.be\/fr\/wp-json\/wp\/v2\/media\/19244"}],"wp:attachment":[{"href":"https:\/\/medicaldiscounter.be\/fr\/wp-json\/wp\/v2\/media?parent=19526"}],"wp:term":[{"taxonomy":"product_brand","embeddable":true,"href":"https:\/\/medicaldiscounter.be\/fr\/wp-json\/wp\/v2\/product_brand?post=19526"},{"taxonomy":"product_cat","embeddable":true,"href":"https:\/\/medicaldiscounter.be\/fr\/wp-json\/wp\/v2\/product_cat?post=19526"},{"taxonomy":"product_tag","embeddable":true,"href":"https:\/\/medicaldiscounter.be\/fr\/wp-json\/wp\/v2\/product_tag?post=19526"}],"curies":[{"name":"wp","href":"https:\/\/api.w.org\/{rel}","templated":true}]}}