{"id":19534,"date":"2025-03-21T10:59:40","date_gmt":"2025-03-21T10:59:40","guid":{"rendered":"https:\/\/medicaldiscounter.be\/product\/hartmann-peha-haft-sans-latex-6cm-x-20m-932447-1-st\/"},"modified":"2026-02-11T22:08:47","modified_gmt":"2026-02-11T22:08:47","slug":"hartmann-peha-haft-sans-latex-6cm-x-20m-932447-1-st","status":"publish","type":"product","link":"https:\/\/medicaldiscounter.be\/fr\/produit\/hartmann-peha-haft-sans-latex-6cm-x-20m-932447-1-st\/","title":{"rendered":"Hartmann Peha-Haft Sans Latex 6cm x 20m 932447 1 st"},"content":{"rendered":"<p><strong>Hartmann Peha-Haft Latexfree 6 cm x 20 m : Bande de fixation auto-adh\u00e9sive innovante<\/strong><\/p>\n<p>D\u00e9couvrez une fixation de pansement r\u00e9volutionnaire avec Hartmann Peha-Haft Latexfree 6 cm x 20 m. Ce bandage \u00e9lastique de fixation coh\u00e9sif et l\u00e9ger offre un double effet de collage in\u00e9gal\u00e9 gr\u00e2ce \u00e0 sa structure cr\u00eap\u00e9e et \u00e0 sa couche adh\u00e9sive sans latex. Avec une \u00e9lasticit\u00e9 d&#8217;environ 85%, ce bandage est sp\u00e9cialement con\u00e7u pour tous les types de fixation de pansements, avec une attention particuli\u00e8re pour les articulations, les parties du corps rondes et coniques.  <\/p>\n<p><strong>Caract\u00e9ristiques principales :<\/strong><\/p>\n<ul>\n<li><strong>Double effet d&#8217;adh\u00e9sion :<\/strong> la combinaison unique de la structure en cr\u00eape et de l&#8217;adh\u00e9sif sans latex fournit un puissant effet de double adh\u00e9sion, maintenant les pansements fermement et solidement en place.<\/li>\n<li><strong>Extensibilit\u00e9 de 85 % :<\/strong> Avec une \u00e9lasticit\u00e9 impressionnante d&#8217;environ 85 %, le bandage s&#8217;adapte avec souplesse aux diff\u00e9rentes formes du corps.<\/li>\n<li><strong>Auto-adh\u00e9sif et \u00e9conomique :<\/strong> gr\u00e2ce \u00e0 l&#8217;auto-adh\u00e9sivit\u00e9, seule une quantit\u00e9 minimale de bandage est n\u00e9cessaire pour une fixation s\u00fbre, ce qui permet une utilisation efficace du mat\u00e9riel.<\/li>\n<li><strong>Respectueux de la peau et perm\u00e9able \u00e0 l&#8217;air :<\/strong> le bandage ne colle pas aux cheveux, \u00e0 la peau ou aux v\u00eatements, tout en restant perm\u00e9able \u00e0 l&#8217;air et respectueux de la peau.<\/li>\n<li><strong>St\u00e9rilisable (\u00e0 la vapeur) :<\/strong> De couleur blanche, il peut \u00eatre st\u00e9rilis\u00e9 \u00e0 la vapeur, ce qui le rend id\u00e9al pour les applications m\u00e9dicales.<\/li>\n<li><strong>Utilisation polyvalente :<\/strong> parfait pour fixer les pansements, le mat\u00e9riel orthop\u00e9dique, les canules, etc. Convient comme bandage de soutien avec une l\u00e9g\u00e8re compression. <\/li>\n<\/ul>\n<p>Hartmann Peha-Haft Latexfree 6 cm x 20 m offre une fixation et un confort in\u00e9gal\u00e9s. Commandez d\u00e8s aujourd&#8217;hui ce bandage auto-adh\u00e9sif innovant pour une fixation fiable du bandage dans diverses situations. <\/p>\n","protected":false},"excerpt":{"rendered":"<p>Hartmann Peha-Haft Latexfree 6 cm x 20 m : Bande de fixation auto-adh\u00e9sive innovante D\u00e9couvrez une fixation de pansement r\u00e9volutionnaire avec Hartmann Peha-Haft Latexfree 6 cm x 20 m. Ce bandage \u00e9lastique de fixation coh\u00e9sif et l\u00e9ger offre un double effet de collage in\u00e9gal\u00e9 gr\u00e2ce \u00e0 sa structure cr\u00eap\u00e9e et \u00e0 sa couche adh\u00e9sive sans [&hellip;]<\/p>\n","protected":false},"featured_media":19240,"template":"","meta":[],"product_brand":[],"product_cat":[191],"product_tag":[],"class_list":{"0":"post-19534","1":"product","2":"type-product","3":"status-publish","4":"has-post-thumbnail","6":"product_cat-bandages-peha-haft","8":"first","9":"instock","10":"sale","11":"taxable","12":"shipping-taxable","13":"purchasable","14":"product-type-simple","15":"add-to-wishlist-after_add_to_cart"},"jetpack_sharing_enabled":true,"_links":{"self":[{"href":"https:\/\/medicaldiscounter.be\/fr\/wp-json\/wp\/v2\/product\/19534","targetHints":{"allow":["GET"]}}],"collection":[{"href":"https:\/\/medicaldiscounter.be\/fr\/wp-json\/wp\/v2\/product"}],"about":[{"href":"https:\/\/medicaldiscounter.be\/fr\/wp-json\/wp\/v2\/types\/product"}],"wp:featuredmedia":[{"embeddable":true,"href":"https:\/\/medicaldiscounter.be\/fr\/wp-json\/wp\/v2\/media\/19240"}],"wp:attachment":[{"href":"https:\/\/medicaldiscounter.be\/fr\/wp-json\/wp\/v2\/media?parent=19534"}],"wp:term":[{"taxonomy":"product_brand","embeddable":true,"href":"https:\/\/medicaldiscounter.be\/fr\/wp-json\/wp\/v2\/product_brand?post=19534"},{"taxonomy":"product_cat","embeddable":true,"href":"https:\/\/medicaldiscounter.be\/fr\/wp-json\/wp\/v2\/product_cat?post=19534"},{"taxonomy":"product_tag","embeddable":true,"href":"https:\/\/medicaldiscounter.be\/fr\/wp-json\/wp\/v2\/product_tag?post=19534"}],"curies":[{"name":"wp","href":"https:\/\/api.w.org\/{rel}","templated":true}]}}