{"id":19538,"date":"2025-03-21T10:59:14","date_gmt":"2025-03-21T10:59:14","guid":{"rendered":"https:\/\/medicaldiscounter.be\/product\/hartmann-cosmopor-e-pansement-adhesif-sterile-900870-7-2cm-x-5cm-50pcs\/"},"modified":"2025-12-11T13:48:08","modified_gmt":"2025-12-11T13:48:08","slug":"hartmann-cosmopor-e-pansement-adhesif-sterile-900870-7-2cm-x-5cm-50pcs","status":"publish","type":"product","link":"https:\/\/medicaldiscounter.be\/fr\/produit\/hartmann-cosmopor-e-pansement-adhesif-sterile-900870-7-2cm-x-5cm-50pcs\/","title":{"rendered":"Hartmann Cosmopor E Pansement adh\u00e9sif st\u00e9rile 900870, 7.2cm x 5cm\/ 50pcs"},"content":{"rendered":"<p><strong>Hartmann Cosmopor E Pansement adh\u00e9sif st\u00e9rile &#8211; 7.2cm x 5cm (bo\u00eete de 50) : Soins avanc\u00e9s pour les plaies d\u00e9licates<\/strong><\/p>\n<p>Tirez le meilleur parti du soin des plaies avec Hartmann Cosmopor E. Fabriqu\u00e9 dans un mat\u00e9riau non tiss\u00e9 doux, ce pansement auto-adh\u00e9sif offre une compresse sp\u00e9ciale non adh\u00e9rente, une capacit\u00e9 d&#8217;absorption impressionnante et un rembourrage doux. La couche adh\u00e9sive synth\u00e9tique hypoallerg\u00e9nique garantit une exp\u00e9rience agr\u00e9able pour la peau. <\/p>\n<p><strong>Caract\u00e9ristiques principales :<\/strong><\/p>\n<ul>\n<li><strong>Mat\u00e9riau non tiss\u00e9 doux :<\/strong> le pansement est fabriqu\u00e9 \u00e0 partir d&#8217;un mat\u00e9riau non tiss\u00e9 doux, ce qui le rend confortable et souple sur la peau.<\/li>\n<li><strong>Coussin de plaie non adh\u00e9rent :<\/strong> La compresse sp\u00e9ciale non adh\u00e9rente r\u00e9duit l&#8217;inconfort lors du changement de pansement.<\/li>\n<li><strong>Tr\u00e8s absorbant :<\/strong> Cosmopor E est con\u00e7u pour une absorption puissante, ce qui le rend appropri\u00e9 pour les soins post-op\u00e9ratoires et le traitement des blessures mineures.<\/li>\n<li><strong>Adh\u00e9sif hypoallerg\u00e9nique :<\/strong> la couche adh\u00e9sive est hypoallerg\u00e9nique et synth\u00e9tique, ce qui la rend adapt\u00e9e aux patients \u00e0 la peau sensible.<\/li>\n<li><strong>Utilisation polyvalente :<\/strong> id\u00e9al pour le soin des plaies post-op\u00e9ratoires et le traitement st\u00e9rile des blessures mineures, comme dans le cadre des premiers secours.<\/li>\n<li><strong>Bo\u00eete de 50 :<\/strong> emball\u00e9 de mani\u00e8re pratique dans une bo\u00eete de 50 pour une utilisation efficace dans les institutions m\u00e9dicales.<\/li>\n<\/ul>\n<p>Offrez \u00e0 vos patients des soins de pointe avec Hartmann Cosmopor E. Commandez d\u00e8s aujourd&#8217;hui la bo\u00eete de 50 pi\u00e8ces au format 7,2 cm x 5 cm et garantissez des soins de plaie de haute qualit\u00e9.<\/p>\n","protected":false},"excerpt":{"rendered":"<p>Hartmann Cosmopor E Pansement adh\u00e9sif st\u00e9rile &#8211; 7.2cm x 5cm (bo\u00eete de 50) : Soins avanc\u00e9s pour les plaies d\u00e9licates Tirez le meilleur parti du soin des plaies avec Hartmann Cosmopor E. Fabriqu\u00e9 dans un mat\u00e9riau non tiss\u00e9 doux, ce pansement auto-adh\u00e9sif offre une compresse sp\u00e9ciale non adh\u00e9rente, une capacit\u00e9 d&#8217;absorption impressionnante et un rembourrage [&hellip;]<\/p>\n","protected":false},"featured_media":19232,"template":"","meta":[],"product_brand":[],"product_cat":[189],"product_tag":[],"class_list":{"0":"post-19538","1":"product","2":"type-product","3":"status-publish","4":"has-post-thumbnail","6":"product_cat-hartmann-pansements-adhesifs-cosmopor","8":"first","9":"instock","10":"sale","11":"taxable","12":"shipping-taxable","13":"purchasable","14":"product-type-simple","15":"add-to-wishlist-after_add_to_cart"},"jetpack_sharing_enabled":true,"_links":{"self":[{"href":"https:\/\/medicaldiscounter.be\/fr\/wp-json\/wp\/v2\/product\/19538","targetHints":{"allow":["GET"]}}],"collection":[{"href":"https:\/\/medicaldiscounter.be\/fr\/wp-json\/wp\/v2\/product"}],"about":[{"href":"https:\/\/medicaldiscounter.be\/fr\/wp-json\/wp\/v2\/types\/product"}],"wp:featuredmedia":[{"embeddable":true,"href":"https:\/\/medicaldiscounter.be\/fr\/wp-json\/wp\/v2\/media\/19232"}],"wp:attachment":[{"href":"https:\/\/medicaldiscounter.be\/fr\/wp-json\/wp\/v2\/media?parent=19538"}],"wp:term":[{"taxonomy":"product_brand","embeddable":true,"href":"https:\/\/medicaldiscounter.be\/fr\/wp-json\/wp\/v2\/product_brand?post=19538"},{"taxonomy":"product_cat","embeddable":true,"href":"https:\/\/medicaldiscounter.be\/fr\/wp-json\/wp\/v2\/product_cat?post=19538"},{"taxonomy":"product_tag","embeddable":true,"href":"https:\/\/medicaldiscounter.be\/fr\/wp-json\/wp\/v2\/product_tag?post=19538"}],"curies":[{"name":"wp","href":"https:\/\/api.w.org\/{rel}","templated":true}]}}