{"id":19561,"date":"2025-03-21T10:59:00","date_gmt":"2025-03-21T10:59:00","guid":{"rendered":"https:\/\/medicaldiscounter.be\/product\/hartmann-900800-cosmopor-steril-7-2cm-x-5cm-boite-de-50\/"},"modified":"2025-12-11T13:48:09","modified_gmt":"2025-12-11T13:48:09","slug":"hartmann-900800-cosmopor-steril-7-2cm-x-5cm-boite-de-50","status":"publish","type":"product","link":"https:\/\/medicaldiscounter.be\/fr\/produit\/hartmann-900800-cosmopor-steril-7-2cm-x-5cm-boite-de-50\/","title":{"rendered":"Hartmann 900800 Cosmopor Steril 7.2cm x 5cm &#8211; Bo\u00eete de 50"},"content":{"rendered":"<p><strong>Hartmann 900800 Cosmopor Steril Wound Dressing &#8211; Protection optimale pour la cicatrisation des plaies<\/strong><\/p>\n<p>Le Hartmann 900800 Cosmopor Steril est un excellent choix pour le soin st\u00e9rile des plaies, con\u00e7u pour favoriser la cicatrisation et pr\u00e9venir l&#8217;infection. Cette bo\u00eete contient 50 pansements emball\u00e9s individuellement, mesurant 7,2 cm x 5 cm, ce qui en fait une solution fiable et \u00e9conomique. <\/p>\n<p><strong>Caract\u00e9ristiques principales :<\/strong><\/p>\n<ul>\n<li>Perm\u00e9able <strong>\u00e0 l&#8217;air et \u00e0 l&#8217;eau : <\/strong>Cosmopor Steril agit comme une couche de contact pour les plaies qui est \u00e0 la fois perm\u00e9able \u00e0 l&#8217;air et \u00e0 l&#8217;eau, ce qui est essentiel pour une protection optimale et la pr\u00e9vention des infections.<\/li>\n<li><strong>Grande capacit\u00e9 d&#8217;absorption : <\/strong>Fabriqu\u00e9 en 100 % coton, le pansement est non adh\u00e9rent et absorbe efficacement les liquides de la plaie, cr\u00e9ant ainsi un environnement propre qui favorise la cicatrisation.<\/li>\n<li><strong>Flexible et non adh\u00e9sif :<\/strong> la partie adh\u00e9sive non tiss\u00e9e et flexible a des coins arrondis pour \u00e9viter qu&#8217;elle ne se d\u00e9tache et n&#8217;adh\u00e8re pas aux v\u00eatements, m\u00eame apr\u00e8s une utilisation prolong\u00e9e.<\/li>\n<li><strong>Bord adh\u00e9sif large et doux pour la peau :<\/strong> le pansement est dot\u00e9 d&#8217;un bord adh\u00e9sif large avec un adh\u00e9sif fort et doux pour la peau qui est bien tol\u00e9r\u00e9 par la peau et minimise l&#8217;irritation.<\/li>\n<li><strong>Contour parfait :<\/strong> le pansement s&#8217;adapte parfaitement aux zones de la plaie et est id\u00e9al pour les br\u00fblures pr\u00e9- et post-turf, prot\u00e9geant la peau et la zone environnante de la plaie m\u00eame dans des conditions humides afin de pr\u00e9venir l&#8217;infection.<\/li>\n<li><strong>Sans latex :<\/strong> chaque pansement Cosmopor Steril est sans latex, ce qui minimise les r\u00e9actions allergiques.<\/li>\n<\/ul>\n<p>Le Hartmann 900800 Cosmopor Steril offre non seulement des soins de plaies avanc\u00e9s, mais garantit \u00e9galement que votre produit est facile \u00e0 trouver pour une exp\u00e9rience optimale de l&#8217;utilisateur.<\/p>\n<div><\/div>\n","protected":false},"excerpt":{"rendered":"<p>Hartmann 900800 Cosmopor Steril Wound Dressing &#8211; Protection optimale pour la cicatrisation des plaies Le Hartmann 900800 Cosmopor Steril est un excellent choix pour le soin st\u00e9rile des plaies, con\u00e7u pour favoriser la cicatrisation et pr\u00e9venir l&#8217;infection. Cette bo\u00eete contient 50 pansements emball\u00e9s individuellement, mesurant 7,2 cm x 5 cm, ce qui en fait une [&hellip;]<\/p>\n","protected":false},"featured_media":19228,"template":"","meta":[],"product_brand":[],"product_cat":[189],"product_tag":[],"class_list":{"0":"post-19561","1":"product","2":"type-product","3":"status-publish","4":"has-post-thumbnail","6":"product_cat-hartmann-pansements-adhesifs-cosmopor","8":"first","9":"instock","10":"sale","11":"taxable","12":"shipping-taxable","13":"purchasable","14":"product-type-simple","15":"add-to-wishlist-after_add_to_cart"},"jetpack_sharing_enabled":true,"_links":{"self":[{"href":"https:\/\/medicaldiscounter.be\/fr\/wp-json\/wp\/v2\/product\/19561","targetHints":{"allow":["GET"]}}],"collection":[{"href":"https:\/\/medicaldiscounter.be\/fr\/wp-json\/wp\/v2\/product"}],"about":[{"href":"https:\/\/medicaldiscounter.be\/fr\/wp-json\/wp\/v2\/types\/product"}],"wp:featuredmedia":[{"embeddable":true,"href":"https:\/\/medicaldiscounter.be\/fr\/wp-json\/wp\/v2\/media\/19228"}],"wp:attachment":[{"href":"https:\/\/medicaldiscounter.be\/fr\/wp-json\/wp\/v2\/media?parent=19561"}],"wp:term":[{"taxonomy":"product_brand","embeddable":true,"href":"https:\/\/medicaldiscounter.be\/fr\/wp-json\/wp\/v2\/product_brand?post=19561"},{"taxonomy":"product_cat","embeddable":true,"href":"https:\/\/medicaldiscounter.be\/fr\/wp-json\/wp\/v2\/product_cat?post=19561"},{"taxonomy":"product_tag","embeddable":true,"href":"https:\/\/medicaldiscounter.be\/fr\/wp-json\/wp\/v2\/product_tag?post=19561"}],"curies":[{"name":"wp","href":"https:\/\/api.w.org\/{rel}","templated":true}]}}