{"id":19562,"date":"2025-03-21T10:58:32","date_gmt":"2025-03-21T10:58:32","guid":{"rendered":"https:\/\/medicaldiscounter.be\/product\/futuro-attelle-de-poignet-reversible-47855-l-19-0-22-9-cm\/"},"modified":"2025-12-11T13:48:04","modified_gmt":"2025-12-11T13:48:04","slug":"futuro-attelle-de-poignet-reversible-47855-l-19-0-22-9-cm","status":"publish","type":"product","link":"https:\/\/medicaldiscounter.be\/fr\/produit\/futuro-attelle-de-poignet-reversible-47855-l-19-0-22-9-cm\/","title":{"rendered":"FUTURO\u2122 Attelle de poignet r\u00e9versible 47855, L (19.0 &#8211; 22.9 cm)"},"content":{"rendered":"<p><strong>FUTURO\u2122 Reversible Wrist Splint 47855 &#8211; Soutien confortable pour les poignets douloureux et bless\u00e9s<\/strong><\/p>\n<p>Faites l&#8217;exp\u00e9rience de la stabilit\u00e9 cibl\u00e9e et du soutien que vos poignets m\u00e9ritent avec l&#8217;attelle de poignet r\u00e9versible FUTURO\u2122 47855. Con\u00e7ue par notre panel d&#8217;experts techniciens et professionnels de la sant\u00e9, cette attelle de poignet apporte un soutien efficace aux poignets raides, douloureux ou bless\u00e9s. <\/p>\n<p><strong>Caract\u00e9ristiques principales :<\/strong><\/p>\n<ul>\n<li><strong>Stabilise et soutient :<\/strong> Id\u00e9al pour les blessures courantes telles que les entorses, les foulures et les sympt\u00f4mes du syndrome du canal carpien*.<\/li>\n<li><strong>Design r\u00e9versible :<\/strong> peut \u00eatre port\u00e9 \u00e0 la main droite ou \u00e0 la main gauche, ce qui le rend polyvalent pour diff\u00e9rentes situations.<\/li>\n<li><strong>Trois sangles pour un ajustement optimal :<\/strong> la conception du manchon avec trois sangles permet de personnaliser la compression et le soutien.<\/li>\n<li><strong>Stabilisateur de paume pour une stabilisation moyenne :<\/strong> Le stabilisateur de paume offre une stabilit\u00e9 suppl\u00e9mentaire pour un soutien et un confort moyens.<\/li>\n<li><strong>Mat\u00e9riaux respirants : <\/strong>Fabriqu\u00e9 en mat\u00e9riaux respirants pour \u00e9viter la chaleur et l&#8217;humidit\u00e9 excessives, il vous permet de rester frais et confortable tout au long de la journ\u00e9e.<\/li>\n<li><strong>Facile \u00e0 mettre et \u00e0 enlever :<\/strong> La conception pratique de la manche permet de l&#8217;enfiler et de l&#8217;enlever facilement et rapidement.<\/li>\n<\/ul>\n<p>Avec l&#8217;attelle de poignet r\u00e9versible FUTURO\u2122, vous pouvez compter sur un soutien et une compression confortables, vous permettant de continuer \u00e0 bouger sans g\u00eane. D\u00e9couvrez la diff\u00e9rence que cette attelle de poignet peut faire dans votre vie quotidienne. <\/p>\n<p>Choisissez le confort, choisissez le soutien &#8211; choisissez l&#8217;attelle de poignet r\u00e9versible FUTURO\u2122 47855.<\/p>\n","protected":false},"excerpt":{"rendered":"<p>FUTURO\u2122 Reversible Wrist Splint 47855 &#8211; Soutien confortable pour les poignets douloureux et bless\u00e9s Faites l&#8217;exp\u00e9rience de la stabilit\u00e9 cibl\u00e9e et du soutien que vos poignets m\u00e9ritent avec l&#8217;attelle de poignet r\u00e9versible FUTURO\u2122 47855. Con\u00e7ue par notre panel d&#8217;experts techniciens et professionnels de la sant\u00e9, cette attelle de poignet apporte un soutien efficace aux poignets [&hellip;]<\/p>\n","protected":false},"featured_media":19222,"template":"","meta":[],"product_brand":[],"product_cat":[196],"product_tag":[],"class_list":{"0":"post-19562","1":"product","2":"type-product","3":"status-publish","4":"has-post-thumbnail","6":"product_cat-bandage-de-soutien-futuro","8":"first","9":"instock","10":"sale","11":"taxable","12":"shipping-taxable","13":"purchasable","14":"product-type-simple","15":"add-to-wishlist-after_add_to_cart"},"jetpack_sharing_enabled":true,"_links":{"self":[{"href":"https:\/\/medicaldiscounter.be\/fr\/wp-json\/wp\/v2\/product\/19562","targetHints":{"allow":["GET"]}}],"collection":[{"href":"https:\/\/medicaldiscounter.be\/fr\/wp-json\/wp\/v2\/product"}],"about":[{"href":"https:\/\/medicaldiscounter.be\/fr\/wp-json\/wp\/v2\/types\/product"}],"wp:featuredmedia":[{"embeddable":true,"href":"https:\/\/medicaldiscounter.be\/fr\/wp-json\/wp\/v2\/media\/19222"}],"wp:attachment":[{"href":"https:\/\/medicaldiscounter.be\/fr\/wp-json\/wp\/v2\/media?parent=19562"}],"wp:term":[{"taxonomy":"product_brand","embeddable":true,"href":"https:\/\/medicaldiscounter.be\/fr\/wp-json\/wp\/v2\/product_brand?post=19562"},{"taxonomy":"product_cat","embeddable":true,"href":"https:\/\/medicaldiscounter.be\/fr\/wp-json\/wp\/v2\/product_cat?post=19562"},{"taxonomy":"product_tag","embeddable":true,"href":"https:\/\/medicaldiscounter.be\/fr\/wp-json\/wp\/v2\/product_tag?post=19562"}],"curies":[{"name":"wp","href":"https:\/\/api.w.org\/{rel}","templated":true}]}}