{"id":19569,"date":"2025-03-21T10:58:39","date_gmt":"2025-03-21T10:58:39","guid":{"rendered":"https:\/\/medicaldiscounter.be\/product\/futuro-wrist-support-46378-noir-reglable-14-0-24-1-cm\/"},"modified":"2025-12-11T13:48:05","modified_gmt":"2025-12-11T13:48:05","slug":"futuro-wrist-support-46378-noir-reglable-14-0-24-1-cm","status":"publish","type":"product","link":"https:\/\/medicaldiscounter.be\/fr\/produit\/futuro-wrist-support-46378-noir-reglable-14-0-24-1-cm\/","title":{"rendered":"FUTURO\u2122 Wrist Support 46378, noir, r\u00e9glable (14.0 &#8211; 24.1 cm)"},"content":{"rendered":"<p><strong>FUTURO\u2122 Wrist Support 46378 &#8211; Excellent soutien pour les poignets actifs<\/strong><\/p>\n<p>Faites l&#8217;exp\u00e9rience d&#8217;un soutien optimal pour les poignets raides, faibles ou bless\u00e9s avec l&#8217;orth\u00e8se de poignet FUTURO\u2122 46378. Con\u00e7ue et soutenue par notre panel d&#8217;experts techniciens et professionnels de la sant\u00e9, cette orth\u00e8se de poignet offre une protection et une stabilit\u00e9 efficaces pour toutes vos activit\u00e9s. <\/p>\n<p><strong>Caract\u00e9ristiques principales :<\/strong><\/p>\n<ul>\n<li><strong>Soutient et prot\u00e8ge : <\/strong>id\u00e9al pour les poignets raides, faibles ou bless\u00e9s, aussi bien pendant les activit\u00e9s quotidiennes que sportives.<\/li>\n<li><strong>Conception r\u00e9glable :<\/strong> peut \u00eatre port\u00e9 \u00e0 gauche comme \u00e0 droite et comporte deux bretelles r\u00e9glables pour un ajustement personnalis\u00e9 et un soutien optimal.<\/li>\n<li><strong>Conception discr\u00e8te : <\/strong>la conception mince assure une apparence discr\u00e8te et une libert\u00e9 de mouvement maximale.<\/li>\n<li><strong>Compression et protection :<\/strong> Limite les mouvements du poignet et offre une protection pendant les activit\u00e9s. Le coussin en mousse apporte une stabilisation suppl\u00e9mentaire. <\/li>\n<li><strong>Id\u00e9al pour les activit\u00e9s sportives : <\/strong>Que vous jouiez au basket, que vous fassiez des entra\u00eenements intensifs ou que vous accomplissiez simplement des t\u00e2ches quotidiennes, le FUTURO\u2122 Wrist Support vous apporte le soutien et la protection dont vous avez besoin.<\/li>\n<li><strong>Ajustement :<\/strong> Deux sangles r\u00e9glables assurent un ajustement parfait \u00e0 vos besoins.<\/li>\n<\/ul>\n<p>Gardez vos poignets actifs et puissants avec le bracelet FUTURO\u2122 Wrist Brace 46378. Que vous recherchiez une stabilit\u00e9 suppl\u00e9mentaire pendant votre entra\u00eenement ou que vous ayez besoin d&#8217;une protection quotidienne, ce bandage vous apporte le confort et le soutien que vous recherchez. <\/p>\n<p>Pour des performances optimales, choisissez l&#8217;attelle de poignet FUTURO\u2122 46378.<\/p>\n","protected":false},"excerpt":{"rendered":"<p>FUTURO\u2122 Wrist Support 46378 &#8211; Excellent soutien pour les poignets actifs Faites l&#8217;exp\u00e9rience d&#8217;un soutien optimal pour les poignets raides, faibles ou bless\u00e9s avec l&#8217;orth\u00e8se de poignet FUTURO\u2122 46378. Con\u00e7ue et soutenue par notre panel d&#8217;experts techniciens et professionnels de la sant\u00e9, cette orth\u00e8se de poignet offre une protection et une stabilit\u00e9 efficaces pour toutes [&hellip;]<\/p>\n","protected":false},"featured_media":19224,"template":"","meta":[],"product_brand":[],"product_cat":[196],"product_tag":[],"class_list":{"0":"post-19569","1":"product","2":"type-product","3":"status-publish","4":"has-post-thumbnail","6":"product_cat-bandage-de-soutien-futuro","8":"first","9":"instock","10":"sale","11":"taxable","12":"shipping-taxable","13":"purchasable","14":"product-type-simple","15":"add-to-wishlist-after_add_to_cart"},"jetpack_sharing_enabled":true,"_links":{"self":[{"href":"https:\/\/medicaldiscounter.be\/fr\/wp-json\/wp\/v2\/product\/19569","targetHints":{"allow":["GET"]}}],"collection":[{"href":"https:\/\/medicaldiscounter.be\/fr\/wp-json\/wp\/v2\/product"}],"about":[{"href":"https:\/\/medicaldiscounter.be\/fr\/wp-json\/wp\/v2\/types\/product"}],"wp:featuredmedia":[{"embeddable":true,"href":"https:\/\/medicaldiscounter.be\/fr\/wp-json\/wp\/v2\/media\/19224"}],"wp:attachment":[{"href":"https:\/\/medicaldiscounter.be\/fr\/wp-json\/wp\/v2\/media?parent=19569"}],"wp:term":[{"taxonomy":"product_brand","embeddable":true,"href":"https:\/\/medicaldiscounter.be\/fr\/wp-json\/wp\/v2\/product_brand?post=19569"},{"taxonomy":"product_cat","embeddable":true,"href":"https:\/\/medicaldiscounter.be\/fr\/wp-json\/wp\/v2\/product_cat?post=19569"},{"taxonomy":"product_tag","embeddable":true,"href":"https:\/\/medicaldiscounter.be\/fr\/wp-json\/wp\/v2\/product_tag?post=19569"}],"curies":[{"name":"wp","href":"https:\/\/api.w.org\/{rel}","templated":true}]}}