{"id":19570,"date":"2025-03-21T10:58:14","date_gmt":"2025-03-21T10:58:14","guid":{"rendered":"https:\/\/medicaldiscounter.be\/product\/futuro-epicondylitic-elbow-brace-47862-m-25-4-27-9-cm\/"},"modified":"2025-12-11T13:48:05","modified_gmt":"2025-12-11T13:48:05","slug":"futuro-epicondylitic-elbow-brace-47862-m-25-4-27-9-cm","status":"publish","type":"product","link":"https:\/\/medicaldiscounter.be\/fr\/produit\/futuro-epicondylitic-elbow-brace-47862-m-25-4-27-9-cm\/","title":{"rendered":"FUTURO\u2122 Epicondylitic Elbow Brace 47862, M (25.4 &#8211; 27.9 cm)"},"content":{"rendered":"<p>FUTURO\u2122 Epicondylitic Elbow Brace 47862 &#8211; Soutien instantan\u00e9 et confortable<\/p>\n<p>B\u00e9n\u00e9ficiez d&#8217;un soulagement et d&#8217;un soutien imm\u00e9diats pour votre coude douloureux avec la FUTURO\u2122 Epicondylitic Elbow Brace 47862, taille M (25,4 &#8211; 27,9 cm). D\u00e9velopp\u00e9e et soutenue par notre panel d&#8217;experts techniciens et professionnels de la sant\u00e9, cette bande est con\u00e7ue pour un confort quotidien et une compression efficace. <\/p>\n<p><strong>Caract\u00e9ristiques principales :<\/strong><\/p>\n<ul>\n<li><strong>Pression cibl\u00e9e :<\/strong> le bandage fournit une compression directe gr\u00e2ce \u00e0 ses doubles coussinets de gel, cr\u00e9ant une pression cibl\u00e9e sur les bras douloureux. Il est donc id\u00e9al pour soutenir les coudes et les avant-bras raides, douloureux ou bless\u00e9s. <\/li>\n<li><strong>Respirante et confortable :<\/strong> Fabriqu\u00e9e dans un mat\u00e9riau doux et respirant \u00e0 double \u00e9lasticit\u00e9, cette coudi\u00e8re assure un ajustement et un confort optimaux. Portez-la discr\u00e8tement sous vos v\u00eatements et restez \u00e0 l&#8217;aise toute la journ\u00e9e. <\/li>\n<li><strong>Compression r\u00e9glable :<\/strong> la sangle enveloppante fournit une compression suppl\u00e9mentaire et peut \u00eatre r\u00e9gl\u00e9e pour un ajustement et un soutien optimaux. Vous pouvez ainsi ajuster le degr\u00e9 de compression en fonction de vos besoins. <\/li>\n<li><strong>Tissu extensible <\/strong>dans les quatre sens <strong>: <\/strong>Le tissu extensible dans les quatre sens maintient la coudi\u00e8re fermement en place, m\u00eame pendant les activit\u00e9s quotidiennes.<\/li>\n<li><strong>Peut \u00eatre port\u00e9 aussi bien \u00e0 gauche qu&#8217;\u00e0 droite :<\/strong> Con\u00e7ue pour le coude gauche et le coude droit, elle est polyvalente et facile \u00e0 utiliser.<\/li>\n<\/ul>\n<p>Vivez la facilit\u00e9 des activit\u00e9s quotidiennes sans faire de compromis sur le confort ou le soutien. Avec l&#8217;orth\u00e8se de coude FUTURO\u2122 Epicondylitic, vous pouvez profiter de la libert\u00e9 de mouvement que vous m\u00e9ritez. <\/p>\n<p>Choisissez le confort, choisissez le soutien instantan\u00e9 &#8211; choisissez la FUTURO\u2122 Epicondylitic Elbow Brace 47862.<\/p>\n","protected":false},"excerpt":{"rendered":"<p>FUTURO\u2122 Epicondylitic Elbow Brace 47862 &#8211; Soutien instantan\u00e9 et confortable B\u00e9n\u00e9ficiez d&#8217;un soulagement et d&#8217;un soutien imm\u00e9diats pour votre coude douloureux avec la FUTURO\u2122 Epicondylitic Elbow Brace 47862, taille M (25,4 &#8211; 27,9 cm). D\u00e9velopp\u00e9e et soutenue par notre panel d&#8217;experts techniciens et professionnels de la sant\u00e9, cette bande est con\u00e7ue pour un confort quotidien [&hellip;]<\/p>\n","protected":false},"featured_media":19218,"template":"","meta":[],"product_brand":[],"product_cat":[196],"product_tag":[],"class_list":{"0":"post-19570","1":"product","2":"type-product","3":"status-publish","4":"has-post-thumbnail","6":"product_cat-bandage-de-soutien-futuro","8":"first","9":"instock","10":"sale","11":"taxable","12":"shipping-taxable","13":"purchasable","14":"product-type-simple","15":"add-to-wishlist-after_add_to_cart"},"jetpack_sharing_enabled":true,"_links":{"self":[{"href":"https:\/\/medicaldiscounter.be\/fr\/wp-json\/wp\/v2\/product\/19570","targetHints":{"allow":["GET"]}}],"collection":[{"href":"https:\/\/medicaldiscounter.be\/fr\/wp-json\/wp\/v2\/product"}],"about":[{"href":"https:\/\/medicaldiscounter.be\/fr\/wp-json\/wp\/v2\/types\/product"}],"wp:featuredmedia":[{"embeddable":true,"href":"https:\/\/medicaldiscounter.be\/fr\/wp-json\/wp\/v2\/media\/19218"}],"wp:attachment":[{"href":"https:\/\/medicaldiscounter.be\/fr\/wp-json\/wp\/v2\/media?parent=19570"}],"wp:term":[{"taxonomy":"product_brand","embeddable":true,"href":"https:\/\/medicaldiscounter.be\/fr\/wp-json\/wp\/v2\/product_brand?post=19570"},{"taxonomy":"product_cat","embeddable":true,"href":"https:\/\/medicaldiscounter.be\/fr\/wp-json\/wp\/v2\/product_cat?post=19570"},{"taxonomy":"product_tag","embeddable":true,"href":"https:\/\/medicaldiscounter.be\/fr\/wp-json\/wp\/v2\/product_tag?post=19570"}],"curies":[{"name":"wp","href":"https:\/\/api.w.org\/{rel}","templated":true}]}}