{"id":19573,"date":"2025-03-21T10:58:02","date_gmt":"2025-03-21T10:58:02","guid":{"rendered":"https:\/\/medicaldiscounter.be\/product\/futuro-chevillere-47876-l-22-9-25-4-cm\/"},"modified":"2025-12-11T13:48:04","modified_gmt":"2025-12-11T13:48:04","slug":"futuro-chevillere-47876-l-22-9-25-4-cm","status":"publish","type":"product","link":"https:\/\/medicaldiscounter.be\/fr\/produit\/futuro-chevillere-47876-l-22-9-25-4-cm\/","title":{"rendered":"FUTURO\u2122 Chevill\u00e8re 47876, L (22.9 &#8211; 25.4 cm)"},"content":{"rendered":"<p>Restez actif et apportez le soutien n\u00e9cessaire avec la chevill\u00e8re FUTURO\u2122 47876 en taille L (22,9 &#8211; 25,4 cm). Cette chevill\u00e8re offre un soutien id\u00e9al pour les activit\u00e9s quotidiennes telles que la marche, la course et le sport. Dot\u00e9 d&#8217;une sangle r\u00e9glable pour un ajustement parfait, ce bandage soutient non seulement la cheville mais soul\u00e8ve \u00e9galement la vo\u00fbte plantaire pour plus de confort. Le mat\u00e9riau respirant assure un confort durable et s&#8217;adapte sans effort \u00e0 votre chaussure. Adapt\u00e9 au pied gauche comme au pied droit, ce bandage a \u00e9t\u00e9 d\u00e9velopp\u00e9 gr\u00e2ce \u00e0 l&#8217;expertise de techniciens et de professionnels de la sant\u00e9 pour un soutien optimal.    <\/p>\n","protected":false},"excerpt":{"rendered":"<p>Restez actif et apportez le soutien n\u00e9cessaire avec la chevill\u00e8re FUTURO\u2122 47876 en taille L (22,9 &#8211; 25,4 cm). Cette chevill\u00e8re offre un soutien id\u00e9al pour les activit\u00e9s quotidiennes telles que la marche, la course et le sport. Dot\u00e9 d&#8217;une sangle r\u00e9glable pour un ajustement parfait, ce bandage soutient non seulement la cheville mais soul\u00e8ve [&hellip;]<\/p>\n","protected":false},"featured_media":19644,"template":"","meta":[],"product_brand":[],"product_cat":[196],"product_tag":[],"class_list":{"0":"post-19573","1":"product","2":"type-product","3":"status-publish","4":"has-post-thumbnail","6":"product_cat-bandage-de-soutien-futuro","8":"first","9":"instock","10":"taxable","11":"shipping-taxable","12":"purchasable","13":"product-type-simple","14":"add-to-wishlist-after_add_to_cart"},"jetpack_sharing_enabled":true,"_links":{"self":[{"href":"https:\/\/medicaldiscounter.be\/fr\/wp-json\/wp\/v2\/product\/19573","targetHints":{"allow":["GET"]}}],"collection":[{"href":"https:\/\/medicaldiscounter.be\/fr\/wp-json\/wp\/v2\/product"}],"about":[{"href":"https:\/\/medicaldiscounter.be\/fr\/wp-json\/wp\/v2\/types\/product"}],"wp:featuredmedia":[{"embeddable":true,"href":"https:\/\/medicaldiscounter.be\/fr\/wp-json\/wp\/v2\/media\/19644"}],"wp:attachment":[{"href":"https:\/\/medicaldiscounter.be\/fr\/wp-json\/wp\/v2\/media?parent=19573"}],"wp:term":[{"taxonomy":"product_brand","embeddable":true,"href":"https:\/\/medicaldiscounter.be\/fr\/wp-json\/wp\/v2\/product_brand?post=19573"},{"taxonomy":"product_cat","embeddable":true,"href":"https:\/\/medicaldiscounter.be\/fr\/wp-json\/wp\/v2\/product_cat?post=19573"},{"taxonomy":"product_tag","embeddable":true,"href":"https:\/\/medicaldiscounter.be\/fr\/wp-json\/wp\/v2\/product_tag?post=19573"}],"curies":[{"name":"wp","href":"https:\/\/api.w.org\/{rel}","templated":true}]}}