{"id":19574,"date":"2025-03-21T10:57:32","date_gmt":"2025-03-21T10:57:32","guid":{"rendered":"https:\/\/medicaldiscounter.be\/product\/fixomull-bandage-de-fixation-10-m-x-5-cm-72216-00-1roll\/"},"modified":"2025-12-11T13:48:01","modified_gmt":"2025-12-11T13:48:01","slug":"fixomull-bandage-de-fixation-10-m-x-5-cm-72216-00-1roll","status":"publish","type":"product","link":"https:\/\/medicaldiscounter.be\/fr\/produit\/fixomull-bandage-de-fixation-10-m-x-5-cm-72216-00-1roll\/","title":{"rendered":"Fixomull Bandage de fixation (10 m x 5 cm) 72216-00\/1roll"},"content":{"rendered":"<p>Fixomull Fixation Dressing (10 m x 5 cm) est un film de fixation transparent en rouleau, id\u00e9al pour fixer les pansements sur de grandes surfaces. Ce film fin en polyur\u00e9thane prot\u00e8ge la plaie de la salet\u00e9, de l&#8217;humidit\u00e9 et des bact\u00e9ries, ce qui permet aux patients de se doucher ou de se baigner sans protection suppl\u00e9mentaire. L&#8217;adh\u00e9sif polyacrylate doux pour la peau garantit que le film adh\u00e8re bien sans irriter la peau. Le pansement Fixomull Fixation est facile \u00e0 appliquer et \u00e0 retirer sans laisser de r\u00e9sidus d&#8217;adh\u00e9sif et n&#8217;a pas besoin d&#8217;\u00eatre retir\u00e9 pendant les examens radiologiques.   <\/p>\n","protected":false},"excerpt":{"rendered":"<p>Fixomull Fixation Dressing (10 m x 5 cm) est un film de fixation transparent en rouleau, id\u00e9al pour fixer les pansements sur de grandes surfaces. Ce film fin en polyur\u00e9thane prot\u00e8ge la plaie de la salet\u00e9, de l&#8217;humidit\u00e9 et des bact\u00e9ries, ce qui permet aux patients de se doucher ou de se baigner sans protection [&hellip;]<\/p>\n","protected":false},"featured_media":19214,"template":"","meta":[],"product_brand":[],"product_cat":[162],"product_tag":[],"class_list":{"0":"post-19574","1":"product","2":"type-product","3":"status-publish","4":"has-post-thumbnail","6":"product_cat-non-categorise","8":"first","9":"instock","10":"taxable","11":"shipping-taxable","12":"purchasable","13":"product-type-simple","14":"add-to-wishlist-after_add_to_cart"},"jetpack_sharing_enabled":true,"_links":{"self":[{"href":"https:\/\/medicaldiscounter.be\/fr\/wp-json\/wp\/v2\/product\/19574","targetHints":{"allow":["GET"]}}],"collection":[{"href":"https:\/\/medicaldiscounter.be\/fr\/wp-json\/wp\/v2\/product"}],"about":[{"href":"https:\/\/medicaldiscounter.be\/fr\/wp-json\/wp\/v2\/types\/product"}],"wp:featuredmedia":[{"embeddable":true,"href":"https:\/\/medicaldiscounter.be\/fr\/wp-json\/wp\/v2\/media\/19214"}],"wp:attachment":[{"href":"https:\/\/medicaldiscounter.be\/fr\/wp-json\/wp\/v2\/media?parent=19574"}],"wp:term":[{"taxonomy":"product_brand","embeddable":true,"href":"https:\/\/medicaldiscounter.be\/fr\/wp-json\/wp\/v2\/product_brand?post=19574"},{"taxonomy":"product_cat","embeddable":true,"href":"https:\/\/medicaldiscounter.be\/fr\/wp-json\/wp\/v2\/product_cat?post=19574"},{"taxonomy":"product_tag","embeddable":true,"href":"https:\/\/medicaldiscounter.be\/fr\/wp-json\/wp\/v2\/product_tag?post=19574"}],"curies":[{"name":"wp","href":"https:\/\/api.w.org\/{rel}","templated":true}]}}