{"id":19577,"date":"2025-03-21T10:58:01","date_gmt":"2025-03-21T10:58:01","guid":{"rendered":"https:\/\/medicaldiscounter.be\/product\/futuro-chevillere-47875-m-20-3-22-9-cm\/"},"modified":"2025-12-11T13:48:01","modified_gmt":"2025-12-11T13:48:01","slug":"futuro-chevillere-47875-m-20-3-22-9-cm","status":"publish","type":"product","link":"https:\/\/medicaldiscounter.be\/fr\/produit\/futuro-chevillere-47875-m-20-3-22-9-cm\/","title":{"rendered":"FUTURO\u2122 Chevill\u00e8re 47875, M (20.3 &#8211; 22.9 cm)"},"content":{"rendered":"<p><strong><\/strong><strong>FUTURO\u2122 Ankle Support 47875 &#8211; Con\u00e7u pour un soutien actif<\/strong><\/p>\n<p>La chevill\u00e8re FUTURO\u2122 47875, taille M (20,3 &#8211; 22,9 cm), est votre compagnon fiable pour soutenir une cheville faible, douloureuse ou bless\u00e9e. Cette chevill\u00e8re a \u00e9t\u00e9 con\u00e7ue et soutenue de mani\u00e8re experte par un panel de techniciens et de professionnels de la sant\u00e9. <\/p>\n<p><strong>Caract\u00e9ristiques principales :<\/strong><\/p>\n<ul>\n<li><strong>Soutien polyvalent :<\/strong> Id\u00e9ale pour le soutien g\u00e9n\u00e9ral, la marche, la course, le sport et la randonn\u00e9e. Que vous soyez un athl\u00e8te ou simplement actif, cette chevill\u00e8re vous permettra de rester en mouvement. <\/li>\n<li><strong>Ajustement :<\/strong> La chevill\u00e8re est dot\u00e9e d&#8217;une sangle ajustable pour un ajustement parfait et un soutien optimal. Vous pouvez ajuster la pression en fonction de vos besoins pour un confort maximal. <\/li>\n<li><strong>Soutien de la vo\u00fbte plantaire :<\/strong> ce bandage soutient et soul\u00e8ve la vo\u00fbte plantaire, offrant une stabilit\u00e9 suppl\u00e9mentaire pendant les mouvements.<\/li>\n<li><strong>Confortable et respirant :<\/strong> Fabriqu\u00e9 en mat\u00e9riaux souples et respirants qui s&#8217;adaptent facilement \u00e0 votre chaussure. La conception respirante assure le confort m\u00eame en cas de port prolong\u00e9. <\/li>\n<li><strong>Adapt\u00e9e aux deux chevilles :<\/strong> Con\u00e7ue pour \u00eatre port\u00e9e aussi bien \u00e0 gauche qu&#8217;\u00e0 droite, cette chevill\u00e8re offre un soutien polyvalent aux deux chevilles.<\/li>\n<\/ul>\n<p>Restez actif, continuez \u00e0 bouger, et ne laissez pas la faiblesse de vos articulations vous arr\u00eater. La chevill\u00e8re FUTURO\u2122 apporte le soutien, la compression et la chaleur apaisante dont vous avez besoin, pour que vous puissiez profiter de vos activit\u00e9s sans g\u00eane. <\/p>\n<p>Sentez le soutien confiant avec l&#8217;orth\u00e8se de cheville FUTURO\u2122 &#8211; votre partenaire pour un mode de vie actif !<\/p>\n","protected":false},"excerpt":{"rendered":"<p>FUTURO\u2122 Ankle Support 47875 &#8211; Con\u00e7u pour un soutien actif La chevill\u00e8re FUTURO\u2122 47875, taille M (20,3 &#8211; 22,9 cm), est votre compagnon fiable pour soutenir une cheville faible, douloureuse ou bless\u00e9e. Cette chevill\u00e8re a \u00e9t\u00e9 con\u00e7ue et soutenue de mani\u00e8re experte par un panel de techniciens et de professionnels de la sant\u00e9. Caract\u00e9ristiques principales [&hellip;]<\/p>\n","protected":false},"featured_media":19216,"template":"","meta":[],"product_brand":[],"product_cat":[196],"product_tag":[],"class_list":{"0":"post-19577","1":"product","2":"type-product","3":"status-publish","4":"has-post-thumbnail","6":"product_cat-bandage-de-soutien-futuro","8":"first","9":"instock","10":"taxable","11":"shipping-taxable","12":"purchasable","13":"product-type-simple","14":"add-to-wishlist-after_add_to_cart"},"jetpack_sharing_enabled":true,"_links":{"self":[{"href":"https:\/\/medicaldiscounter.be\/fr\/wp-json\/wp\/v2\/product\/19577","targetHints":{"allow":["GET"]}}],"collection":[{"href":"https:\/\/medicaldiscounter.be\/fr\/wp-json\/wp\/v2\/product"}],"about":[{"href":"https:\/\/medicaldiscounter.be\/fr\/wp-json\/wp\/v2\/types\/product"}],"wp:featuredmedia":[{"embeddable":true,"href":"https:\/\/medicaldiscounter.be\/fr\/wp-json\/wp\/v2\/media\/19216"}],"wp:attachment":[{"href":"https:\/\/medicaldiscounter.be\/fr\/wp-json\/wp\/v2\/media?parent=19577"}],"wp:term":[{"taxonomy":"product_brand","embeddable":true,"href":"https:\/\/medicaldiscounter.be\/fr\/wp-json\/wp\/v2\/product_brand?post=19577"},{"taxonomy":"product_cat","embeddable":true,"href":"https:\/\/medicaldiscounter.be\/fr\/wp-json\/wp\/v2\/product_cat?post=19577"},{"taxonomy":"product_tag","embeddable":true,"href":"https:\/\/medicaldiscounter.be\/fr\/wp-json\/wp\/v2\/product_tag?post=19577"}],"curies":[{"name":"wp","href":"https:\/\/api.w.org\/{rel}","templated":true}]}}