{"id":19582,"date":"2025-03-21T10:57:13","date_gmt":"2025-03-21T10:57:13","guid":{"rendered":"https:\/\/medicaldiscounter.be\/product\/pansement-cosmopor-e-sterile-15x8cm-900874-25-pieces\/"},"modified":"2025-12-11T13:48:00","modified_gmt":"2025-12-11T13:48:00","slug":"pansement-cosmopor-e-sterile-15x8cm-900874-25-pieces","status":"publish","type":"product","link":"https:\/\/medicaldiscounter.be\/fr\/produit\/pansement-cosmopor-e-sterile-15x8cm-900874-25-pieces\/","title":{"rendered":"Pansement Cosmopor E st\u00e9rile 15x8cm 900874 25 pi\u00e8ces"},"content":{"rendered":"<p>D\u00e9couvrez un soin des plaies de qualit\u00e9 sup\u00e9rieure avec Cosmopor E, le pansement auto-adh\u00e9sif qui assure une cicatrisation et une protection optimales. Ce paquet contient 25 pansements Cosmopor E de 15&#215;8 cm. <\/p>\n<p><strong>Caract\u00e9ristiques principales :<\/strong><\/p>\n<ul>\n<li><strong>Mat\u00e9riau non tiss\u00e9 doux :<\/strong> Cosmopor E est fabriqu\u00e9 \u00e0 partir d&#8217;un mat\u00e9riau non tiss\u00e9 doux, garantissant un ajustement confortable et une irritation minimale. Il est doux pour la peau et constitue une barri\u00e8re efficace contre les contaminants externes. <\/li>\n<li><strong>Coussin de plaie non adh\u00e9rent :<\/strong> La compresse non adh\u00e9rente assure un retrait indolore et minimise le traumatisme de la plaie. Cosmopor E est donc id\u00e9al pour le soin des plaies post-op\u00e9ratoires et le traitement des blessures mineures. <\/li>\n<li><strong>Tr\u00e8s absorbant et<\/strong> rembourrant <strong>:<\/strong> Cosmopor E est tr\u00e8s absorbant et rembourrant, ce qui le rend id\u00e9al pour la prise en charge des plaies exsudatives. Il absorbe efficacement l&#8217;humidit\u00e9 et maintient l&#8217;environnement de la plaie \u00e0 un niveau d&#8217;humidit\u00e9 optimal pour une cicatrisation plus rapide. <\/li>\n<li><strong>Adh\u00e9sif hypoallerg\u00e9nique :<\/strong> la couche adh\u00e9sive synth\u00e9tique hypoallerg\u00e9nique rend Cosmopor E agr\u00e9able pour la peau et convient aux patients \u00e0 la peau sensible. Elle offre une adh\u00e9sion fiable sans irritation. <\/li>\n<li><strong>Utilisation polyvalente :<\/strong> Cosmopor E convient \u00e0 un large \u00e9ventail d&#8217;applications, y compris les soins post-op\u00e9ratoires et le traitement des blessures mineures. C&#8217;est un auxiliaire indispensable pour les premiers soins. <\/li>\n<\/ul>\n<p>Passez \u00e0 Cosmopor E pour des soins de plaies de haute qualit\u00e9, en privil\u00e9giant la convivialit\u00e9 et le confort. Avec un num\u00e9ro de r\u00e9f\u00e9rence de 900874, ce produit est un choix fiable pour un usage professionnel et domestique. <\/p>\n","protected":false},"excerpt":{"rendered":"<p>D\u00e9couvrez un soin des plaies de qualit\u00e9 sup\u00e9rieure avec Cosmopor E, le pansement auto-adh\u00e9sif qui assure une cicatrisation et une protection optimales. Ce paquet contient 25 pansements Cosmopor E de 15&#215;8 cm. Caract\u00e9ristiques principales : Mat\u00e9riau non tiss\u00e9 doux : Cosmopor E est fabriqu\u00e9 \u00e0 partir d&#8217;un mat\u00e9riau non tiss\u00e9 doux, garantissant un ajustement confortable [&hellip;]<\/p>\n","protected":false},"featured_media":19204,"template":"","meta":[],"product_brand":[],"product_cat":[189],"product_tag":[],"class_list":{"0":"post-19582","1":"product","2":"type-product","3":"status-publish","4":"has-post-thumbnail","6":"product_cat-hartmann-pansements-adhesifs-cosmopor","8":"first","9":"instock","10":"sale","11":"taxable","12":"shipping-taxable","13":"purchasable","14":"product-type-simple","15":"add-to-wishlist-after_add_to_cart"},"jetpack_sharing_enabled":true,"_links":{"self":[{"href":"https:\/\/medicaldiscounter.be\/fr\/wp-json\/wp\/v2\/product\/19582","targetHints":{"allow":["GET"]}}],"collection":[{"href":"https:\/\/medicaldiscounter.be\/fr\/wp-json\/wp\/v2\/product"}],"about":[{"href":"https:\/\/medicaldiscounter.be\/fr\/wp-json\/wp\/v2\/types\/product"}],"wp:featuredmedia":[{"embeddable":true,"href":"https:\/\/medicaldiscounter.be\/fr\/wp-json\/wp\/v2\/media\/19204"}],"wp:attachment":[{"href":"https:\/\/medicaldiscounter.be\/fr\/wp-json\/wp\/v2\/media?parent=19582"}],"wp:term":[{"taxonomy":"product_brand","embeddable":true,"href":"https:\/\/medicaldiscounter.be\/fr\/wp-json\/wp\/v2\/product_brand?post=19582"},{"taxonomy":"product_cat","embeddable":true,"href":"https:\/\/medicaldiscounter.be\/fr\/wp-json\/wp\/v2\/product_cat?post=19582"},{"taxonomy":"product_tag","embeddable":true,"href":"https:\/\/medicaldiscounter.be\/fr\/wp-json\/wp\/v2\/product_tag?post=19582"}],"curies":[{"name":"wp","href":"https:\/\/api.w.org\/{rel}","templated":true}]}}