{"id":19585,"date":"2025-03-21T10:57:22","date_gmt":"2025-03-21T10:57:22","guid":{"rendered":"https:\/\/medicaldiscounter.be\/product\/cosmopor-steril-10-x-6-cm-900802-25-pieces\/"},"modified":"2025-12-11T13:47:59","modified_gmt":"2025-12-11T13:47:59","slug":"cosmopor-steril-10-x-6-cm-900802-25-pieces","status":"publish","type":"product","link":"https:\/\/medicaldiscounter.be\/fr\/produit\/cosmopor-steril-10-x-6-cm-900802-25-pieces\/","title":{"rendered":"Cosmopor\u00ae Steril (10 x 6 cm ) 900802 25 pi\u00e8ces"},"content":{"rendered":"<p>Cosmopor\u00ae Steril (10 x 6 cm ) est un pansement st\u00e9rile et auto-adh\u00e9sif, id\u00e9al pour une protection et un soin fiables des plaies. Le pansement est compos\u00e9 d&#8217;un mat\u00e9riau non tiss\u00e9 doux, avec une surface ext\u00e9rieure hydrofuge, offrant une protection suppl\u00e9mentaire contre l&#8217;humidit\u00e9. Le pansement est facile \u00e0 appliquer et offre un confort gr\u00e2ce \u00e0 sa structure souple. Le noyau absorbant capture le liquide de la plaie (exsudat) sans coller \u00e0 la plaie, ce qui permet de changer le pansement sans douleur. Livr\u00e9 en bo\u00eete de 25 pi\u00e8ces.    <\/p>\n","protected":false},"excerpt":{"rendered":"<p>Cosmopor\u00ae Steril (10 x 6 cm ) est un pansement st\u00e9rile et auto-adh\u00e9sif, id\u00e9al pour une protection et un soin fiables des plaies. Le pansement est compos\u00e9 d&#8217;un mat\u00e9riau non tiss\u00e9 doux, avec une surface ext\u00e9rieure hydrofuge, offrant une protection suppl\u00e9mentaire contre l&#8217;humidit\u00e9. Le pansement est facile \u00e0 appliquer et offre un confort gr\u00e2ce \u00e0 [&hellip;]<\/p>\n","protected":false},"featured_media":19208,"template":"","meta":[],"product_brand":[],"product_cat":[189],"product_tag":[],"class_list":{"0":"post-19585","1":"product","2":"type-product","3":"status-publish","4":"has-post-thumbnail","6":"product_cat-hartmann-pansements-adhesifs-cosmopor","8":"first","9":"instock","10":"taxable","11":"shipping-taxable","12":"purchasable","13":"product-type-simple","14":"add-to-wishlist-after_add_to_cart"},"jetpack_sharing_enabled":true,"_links":{"self":[{"href":"https:\/\/medicaldiscounter.be\/fr\/wp-json\/wp\/v2\/product\/19585","targetHints":{"allow":["GET"]}}],"collection":[{"href":"https:\/\/medicaldiscounter.be\/fr\/wp-json\/wp\/v2\/product"}],"about":[{"href":"https:\/\/medicaldiscounter.be\/fr\/wp-json\/wp\/v2\/types\/product"}],"wp:featuredmedia":[{"embeddable":true,"href":"https:\/\/medicaldiscounter.be\/fr\/wp-json\/wp\/v2\/media\/19208"}],"wp:attachment":[{"href":"https:\/\/medicaldiscounter.be\/fr\/wp-json\/wp\/v2\/media?parent=19585"}],"wp:term":[{"taxonomy":"product_brand","embeddable":true,"href":"https:\/\/medicaldiscounter.be\/fr\/wp-json\/wp\/v2\/product_brand?post=19585"},{"taxonomy":"product_cat","embeddable":true,"href":"https:\/\/medicaldiscounter.be\/fr\/wp-json\/wp\/v2\/product_cat?post=19585"},{"taxonomy":"product_tag","embeddable":true,"href":"https:\/\/medicaldiscounter.be\/fr\/wp-json\/wp\/v2\/product_tag?post=19585"}],"curies":[{"name":"wp","href":"https:\/\/api.w.org\/{rel}","templated":true}]}}