{"id":19586,"date":"2025-03-21T10:57:06","date_gmt":"2025-03-21T10:57:06","guid":{"rendered":"https:\/\/medicaldiscounter.be\/product\/cosmopor-advance-5x72-cm-25-pcs-901010\/"},"modified":"2025-12-11T13:47:59","modified_gmt":"2025-12-11T13:47:59","slug":"cosmopor-advance-5x72-cm-25-pcs-901010","status":"publish","type":"product","link":"https:\/\/medicaldiscounter.be\/fr\/produit\/cosmopor-advance-5x72-cm-25-pcs-901010\/","title":{"rendered":"COSMOPOR Advance 5&#215;7,2 cm 25 pcs 901010"},"content":{"rendered":"<p>D\u00e9couvrez les soins avanc\u00e9s des plaies avec COSMOPOR Advance, le pansement auto-adh\u00e9sif con\u00e7u pour un confort et une protection optimaux. Ce paquet contient 25 pansements COSMOPOR Advance, chacun mesurant 5&#215;7,2 cm. <\/p>\n<p><strong>Caract\u00e9ristiques principales :<\/strong><\/p>\n<ul>\n<li><strong>Technologie DryBarrier\u00ae :<\/strong> Le tampon central de la plaie est \u00e9quip\u00e9 de la technologie DryBarrier\u00ae, qui comprend un filet de poly\u00e9thyl\u00e8ne \u00e0 mailles fines comme couche de contact avec la plaie. Cela emp\u00eache le pansement de coller \u00e0 la plaie. La couche de transfert intelligente dirige l&#8217;exsudat vers la couche d&#8217;absorption, o\u00f9 il est stock\u00e9 de fa\u00e7on permanente pour \u00e9viter toute r\u00e9humidification.  <\/li>\n<li><strong>Absorption exceptionnelle : <\/strong>COSMOPOR Advance offre une capacit\u00e9 d&#8217;absorption impressionnante et une grande capacit\u00e9 de stockage, avec un rembourrage suppl\u00e9mentaire. Il est donc id\u00e9al pour les plaies avec exsudation et permet aux patients de rester \u00e0 l&#8217;aise et prot\u00e9g\u00e9s. <\/li>\n<li><strong>Adh\u00e9sif hypoallerg\u00e9nique :<\/strong> les propri\u00e9t\u00e9s adh\u00e9sives de COSMOPOR Advance sont rendues possibles par un adh\u00e9sif synth\u00e9tique hypoallerg\u00e9nique. Le pansement est donc tr\u00e8s doux pour la peau et convient \u00e0 diff\u00e9rents types de peau. <\/li>\n<li><strong>Taille pratique :<\/strong> mesurant 5 x 7,2 cm, ces pansements sont polyvalents et conviennent \u00e0 diff\u00e9rentes tailles de plaies. Le paquet de 25 pi\u00e8ces garantit un approvisionnement suffisant pour vos besoins en mati\u00e8re de soins des plaies. <\/li>\n<\/ul>\n<p>Passez \u00e0 COSMOPOR Advance pour des soins de plaies avanc\u00e9s avec les derni\u00e8res technologies. Fiable, confortable et facile \u00e0 appliquer, c&#8217;est le choix id\u00e9al pour les professionnels et les particuliers. <\/p>\n","protected":false},"excerpt":{"rendered":"<p>D\u00e9couvrez les soins avanc\u00e9s des plaies avec COSMOPOR Advance, le pansement auto-adh\u00e9sif con\u00e7u pour un confort et une protection optimaux. Ce paquet contient 25 pansements COSMOPOR Advance, chacun mesurant 5&#215;7,2 cm. Caract\u00e9ristiques principales : Technologie DryBarrier\u00ae : Le tampon central de la plaie est \u00e9quip\u00e9 de la technologie DryBarrier\u00ae, qui comprend un filet de poly\u00e9thyl\u00e8ne [&hellip;]<\/p>\n","protected":false},"featured_media":19202,"template":"","meta":[],"product_brand":[],"product_cat":[189],"product_tag":[],"class_list":{"0":"post-19586","1":"product","2":"type-product","3":"status-publish","4":"has-post-thumbnail","6":"product_cat-hartmann-pansements-adhesifs-cosmopor","8":"first","9":"instock","10":"sale","11":"taxable","12":"shipping-taxable","13":"purchasable","14":"product-type-simple","15":"add-to-wishlist-after_add_to_cart"},"jetpack_sharing_enabled":true,"_links":{"self":[{"href":"https:\/\/medicaldiscounter.be\/fr\/wp-json\/wp\/v2\/product\/19586","targetHints":{"allow":["GET"]}}],"collection":[{"href":"https:\/\/medicaldiscounter.be\/fr\/wp-json\/wp\/v2\/product"}],"about":[{"href":"https:\/\/medicaldiscounter.be\/fr\/wp-json\/wp\/v2\/types\/product"}],"wp:featuredmedia":[{"embeddable":true,"href":"https:\/\/medicaldiscounter.be\/fr\/wp-json\/wp\/v2\/media\/19202"}],"wp:attachment":[{"href":"https:\/\/medicaldiscounter.be\/fr\/wp-json\/wp\/v2\/media?parent=19586"}],"wp:term":[{"taxonomy":"product_brand","embeddable":true,"href":"https:\/\/medicaldiscounter.be\/fr\/wp-json\/wp\/v2\/product_brand?post=19586"},{"taxonomy":"product_cat","embeddable":true,"href":"https:\/\/medicaldiscounter.be\/fr\/wp-json\/wp\/v2\/product_cat?post=19586"},{"taxonomy":"product_tag","embeddable":true,"href":"https:\/\/medicaldiscounter.be\/fr\/wp-json\/wp\/v2\/product_tag?post=19586"}],"curies":[{"name":"wp","href":"https:\/\/api.w.org\/{rel}","templated":true}]}}