{"id":19591,"date":"2025-03-21T10:56:58","date_gmt":"2025-03-21T10:56:58","guid":{"rendered":"https:\/\/medicaldiscounter.be\/product\/cosmopor-advance-15-x-8-cm-25-pieces-901014\/"},"modified":"2025-12-11T13:47:57","modified_gmt":"2025-12-11T13:47:57","slug":"cosmopor-advance-15-x-8-cm-25-pieces-901014","status":"publish","type":"product","link":"https:\/\/medicaldiscounter.be\/fr\/produit\/cosmopor-advance-15-x-8-cm-25-pieces-901014\/","title":{"rendered":"Cosmopor\u00ae Advance 15 x 8 cm, 25 pi\u00e8ces 901014"},"content":{"rendered":"<p>D\u00e9couvrez le soin avanc\u00e9 des plaies avec Cosmopor\u00ae Advance &#8211; 25 pi\u00e8ces (901014)<\/p>\n<p><strong>Cosmopor\u00ae Advance<\/strong> porte le soin des plaies \u00e0 un niveau sup\u00e9rieur gr\u00e2ce \u00e0 sa conception auto-adh\u00e9sive en mat\u00e9riau non-tiss\u00e9 doux \u00e0 porter. Ce paquet contient 25 pansements st\u00e9riles de 15 x 8 cm, emball\u00e9s individuellement pour une hygi\u00e8ne optimale. <\/p>\n<p><strong>Caract\u00e9ristiques principales :<\/strong><\/p>\n<ul>\n<li><strong>Technologie innovante DryBarrier\u00ae :<\/strong> Le coussin central de la plaie est impr\u00e9gn\u00e9 de la technologie innovante DryBarrier\u00ae, qui \u00e9limine et stocke efficacement l&#8217;exsudat de la plaie. Cela emp\u00eache la r\u00e9humidification et favorise une cicatrisation optimale. <\/li>\n<li><strong>Capacit\u00e9 d&#8217;absorption et de stockage :<\/strong> Cosmopor\u00ae Advance offre une excellente capacit\u00e9 d&#8217;absorption et une grande capacit\u00e9 de stockage. Le tampon absorbe l&#8217;exsudat et emp\u00eache la r\u00e9humidification, ce qui permet de maintenir l&#8217;environnement de la plaie propre et sec. <\/li>\n<li><strong>Adh\u00e9sif synth\u00e9tique<\/strong> et hypoallerg\u00e9nique <strong>:<\/strong> l&#8217;adh\u00e9sivit\u00e9 synth\u00e9tique et hypoallerg\u00e9nique de Cosmopor\u00ae Advance convient \u00e0 diff\u00e9rents types de peau. Il adh\u00e8re de mani\u00e8re fiable sans provoquer d&#8217;irritation. <\/li>\n<li><strong>Effet de coussinet confortable :<\/strong> Profitez d&#8217;un effet de coussinet agr\u00e9able pour un confort suppl\u00e9mentaire pendant le processus de gu\u00e9rison. Cosmopor\u00ae Advance offre protection et soutien. <\/li>\n<\/ul>\n<p>Applications :<\/p>\n<p>Cosmopor\u00ae Advance est optimal pour le soin des plaies postop\u00e9ratoires, o\u00f9 il prot\u00e8ge m\u00eame les plaies les plus sensibles. Gr\u00e2ce aux diff\u00e9rentes tailles disponibles, il est polyvalent et convient \u00e0 diff\u00e9rents types de plaies. <\/p>\n<p>Passez aux soins de plaies avanc\u00e9s de Cosmopor\u00ae Advance et donnez \u00e0 vos patients les soins qu&#8217;ils m\u00e9ritent. Comptez sur l&#8217;innovation et la qualit\u00e9 de Paul Hartmann pour un r\u00e9tablissement rapide et confortable. <\/p>\n<div><\/div>\n","protected":false},"excerpt":{"rendered":"<p>D\u00e9couvrez le soin avanc\u00e9 des plaies avec Cosmopor\u00ae Advance &#8211; 25 pi\u00e8ces (901014) Cosmopor\u00ae Advance porte le soin des plaies \u00e0 un niveau sup\u00e9rieur gr\u00e2ce \u00e0 sa conception auto-adh\u00e9sive en mat\u00e9riau non-tiss\u00e9 doux \u00e0 porter. Ce paquet contient 25 pansements st\u00e9riles de 15 x 8 cm, emball\u00e9s individuellement pour une hygi\u00e8ne optimale. Caract\u00e9ristiques principales : [&hellip;]<\/p>\n","protected":false},"featured_media":19200,"template":"","meta":[],"product_brand":[],"product_cat":[189],"product_tag":[],"class_list":{"0":"post-19591","1":"product","2":"type-product","3":"status-publish","4":"has-post-thumbnail","6":"product_cat-hartmann-pansements-adhesifs-cosmopor","8":"first","9":"instock","10":"sale","11":"taxable","12":"shipping-taxable","13":"purchasable","14":"product-type-simple","15":"add-to-wishlist-after_add_to_cart"},"jetpack_sharing_enabled":true,"_links":{"self":[{"href":"https:\/\/medicaldiscounter.be\/fr\/wp-json\/wp\/v2\/product\/19591","targetHints":{"allow":["GET"]}}],"collection":[{"href":"https:\/\/medicaldiscounter.be\/fr\/wp-json\/wp\/v2\/product"}],"about":[{"href":"https:\/\/medicaldiscounter.be\/fr\/wp-json\/wp\/v2\/types\/product"}],"wp:featuredmedia":[{"embeddable":true,"href":"https:\/\/medicaldiscounter.be\/fr\/wp-json\/wp\/v2\/media\/19200"}],"wp:attachment":[{"href":"https:\/\/medicaldiscounter.be\/fr\/wp-json\/wp\/v2\/media?parent=19591"}],"wp:term":[{"taxonomy":"product_brand","embeddable":true,"href":"https:\/\/medicaldiscounter.be\/fr\/wp-json\/wp\/v2\/product_brand?post=19591"},{"taxonomy":"product_cat","embeddable":true,"href":"https:\/\/medicaldiscounter.be\/fr\/wp-json\/wp\/v2\/product_cat?post=19591"},{"taxonomy":"product_tag","embeddable":true,"href":"https:\/\/medicaldiscounter.be\/fr\/wp-json\/wp\/v2\/product_tag?post=19591"}],"curies":[{"name":"wp","href":"https:\/\/api.w.org\/{rel}","templated":true}]}}